{"id":1950,"date":"2024-01-02T15:56:17","date_gmt":"2024-01-02T14:56:17","guid":{"rendered":"https:\/\/tamarins.geek-tonic.dev\/rechtshinweis\/"},"modified":"2024-04-08T13:19:28","modified_gmt":"2024-04-08T11:19:28","slug":"legale-erwaehnungen","status":"publish","type":"page","link":"https:\/\/tamarins.geek-tonic.dev\/de\/legale-erwaehnungen\/","title":{"rendered":"Rechtliche Hinweise"},"content":{"rendered":"<section id=\"ls-section-block_8cc9dce8f05fd40167416fbaf46b10a9\" class=\"ls-section  has-background has-color-4-background-color has-m-t m-t-0 has-m-b m-b-0\" >\r\n        <div class=\"container container--wide\">\r\n        \n\n<h1 class=\"ls__heading wp-block-heading\">RECHTLICHE INFORMATIONEN<\/h1>\n\n\n\n<h2 class=\"ls__heading wp-block-heading\">VERANTWORTLICH F\u00dcR DIE WEBSITE<\/h2>\n\n\n\n<p class=\"ls-paragraph\"><strong>Campingplatz Tamarins<\/strong><br\/>Rue de la Couarde, 17580 Le Bois-Plage-en-R\u00e9<br\/>Tel: 05 46 35 38 83<br\/>E-Mail: tamarins-plage@flowercampings.com<br\/>SIRET 51244588300147<br\/>Intrakommunale Mehrwertsteuer: FR84512445883<br\/>Stammkapital: 10.000 \u20ac<br\/>Verantwortlich f\u00fcr die Ver\u00f6ffentlichung: Nad\u00e8ge Papa\u00efx in ihrer Eigenschaft als kaufm\u00e4nnische Leiterin<\/p>\n\n\n\n<h2 class=\"ls__heading wp-block-heading\">PRODUKTION<\/h2>\n\n\n\n<p class=\"ls-paragraph\"><strong>GEEK TONIC<\/strong><br\/>Vertreten durch Herrn Yohan Darmayan in seiner Funktion als Gesch\u00e4ftsf\u00fchrer<br\/>Hauptsitz: 50 avenue du Lac Marion 64200 BIARRITZ<br\/>Tel: 05 32 74 11 52<br\/>E-Mail: support@geek-tonic.com<br\/>Website: <a href=\"https:\/\/www.geek-tonic.com\/\" target=\"_blank\" rel=\"noreferrer noopener\">www.geek-tonic.com<\/a><br\/>SIRET: 79078282500034<br\/>APE: 6201Z<\/p>\n\n\n\n<h2 class=\"ls__heading wp-block-heading\">TANTIEMEN UND URHEBERRECHTE<\/h2>\n\n\n\n<p class=\"ls-paragraph\">Der gesamte Inhalt dieser Website unterliegt dem Urheberrecht sowie dem geistigen Eigentum der franz\u00f6sischen Gesetzgebung. Jegliche Vervielf\u00e4ltigung (einschlie\u00dflich Fotos, Icons und herunterladbarer Dokumente) ist ohne vorherige Zustimmung von GEEK TONIC untersagt. Die Vervielf\u00e4ltigung der gesamten oder eines Teils der Website auf einem elektronischen Datentr\u00e4ger in einem Papier- oder elektronischen Format ist untersagt. GEEK TONIC \u00fcbernimmt keine Verantwortung f\u00fcr den Inhalt auf der Website. GEEK TONIC \u00fcbernimmt auch keine Verantwortung f\u00fcr externe Links, die auf die vorliegende Seite verweisen.<\/p>\n\n\n\n<h2 class=\"ls__heading wp-block-heading\" id=\"m-t-6\">PERSONENBEZOGENE DATEN UND NOMINATIVE INFORMATIONEN<\/h2>\n\n\n\n<p class=\"ls-paragraph\">Sie haben gem\u00e4\u00df Artikel 34 des franz\u00f6sischen Datenschutzgesetzes (Loi &#8220; Informatique et Libert\u00e9s &#8220; n\u00b0 78-17 du 6 janvier 1978, ge\u00e4ndert am 6. August 2018) das Recht auf Zugang, \u00c4nderung, Berichtigung und L\u00f6schung der Sie betreffenden Daten. Um Ihr Auskunftsrecht auszu\u00fcben, gen\u00fcgt es, einen schriftlichen Antrag an den Herausgeber der Website zu senden.<\/p>\n\n\n\n<h2 class=\"ls__heading wp-block-heading\">LEGISLATION<\/h2>\n\n\n\n<p class=\"ls-paragraph\">Gem\u00e4\u00df dem Gesetz vom 11. M\u00e4rz 1957 (Art. 41) und dem Gesetz \u00fcber das geistige Eigentum vom 1. Juli 1992 ist es verboten, Teile der Website ganz oder teilweise ohne vorherige Genehmigung des Herausgebers der Website zu reproduzieren. Logos, Bildmaterial, Fotos, Videos, Grafiken und Texte sind Eigentum der jeweiligen Inhaber. Diese Website kann mit anderen Websites durch Hyperlinks verbunden sein. Der Herausgeber der Website lehnt jede Verantwortung f\u00fcr die auf diesen anderen Websites dargestellten Informationen ab. Der Internetnutzer erkennt an, dass die Nutzung dieser Website dem franz\u00f6sischen Recht unterliegt.<\/p>\n\n\r\n    <\/div>\r\n<\/section>","protected":false},"excerpt":{"rendered":"","protected":false},"author":1,"featured_media":0,"parent":0,"menu_order":0,"comment_status":"closed","ping_status":"closed","template":"","meta":{"_acf_changed":false,"footnotes":""},"sujet":[],"class_list":["post-1950","page","type-page","status-publish","hentry"],"acf":[],"yoast_head":"<!-- This site is optimized with the Yoast SEO plugin v23.9 - https:\/\/yoast.com\/wordpress\/plugins\/seo\/ -->\n<title>Rechtliche Hinweise - Camping Tamarin<\/title>\n<meta name=\"robots\" content=\"noindex, nofollow\" \/>\n<meta property=\"og:locale\" content=\"de_DE\" \/>\n<meta property=\"og:type\" content=\"article\" \/>\n<meta property=\"og:title\" content=\"Rechtliche Hinweise - Camping Tamarin\" \/>\n<meta property=\"og:url\" content=\"https:\/\/tamarins.geek-tonic.dev\/de\/legale-erwaehnungen\/\" \/>\n<meta property=\"og:site_name\" content=\"Camping Tamarin\" \/>\n<meta property=\"article:modified_time\" content=\"2024-04-08T11:19:28+00:00\" \/>\n<meta name=\"twitter:card\" content=\"summary_large_image\" \/>\n<meta name=\"twitter:label1\" content=\"Gesch\u00e4tzte Lesezeit\" \/>\n\t<meta name=\"twitter:data1\" content=\"2\u00a0Minuten\" \/>\n<script type=\"application\/ld+json\" class=\"yoast-schema-graph\">{\"@context\":\"https:\/\/schema.org\",\"@graph\":[{\"@type\":\"WebPage\",\"@id\":\"https:\/\/tamarins.geek-tonic.dev\/de\/legale-erwaehnungen\/\",\"url\":\"https:\/\/tamarins.geek-tonic.dev\/de\/legale-erwaehnungen\/\",\"name\":\"Rechtliche Hinweise - Camping Tamarin\",\"isPartOf\":{\"@id\":\"https:\/\/tamarins.geek-tonic.dev\/de\/#website\"},\"datePublished\":\"2024-01-02T14:56:17+00:00\",\"dateModified\":\"2024-04-08T11:19:28+00:00\",\"breadcrumb\":{\"@id\":\"https:\/\/tamarins.geek-tonic.dev\/de\/legale-erwaehnungen\/#breadcrumb\"},\"inLanguage\":\"de\",\"potentialAction\":[{\"@type\":\"ReadAction\",\"target\":[\"https:\/\/tamarins.geek-tonic.dev\/de\/legale-erwaehnungen\/\"]}]},{\"@type\":\"BreadcrumbList\",\"@id\":\"https:\/\/tamarins.geek-tonic.dev\/de\/legale-erwaehnungen\/#breadcrumb\",\"itemListElement\":[{\"@type\":\"ListItem\",\"position\":1,\"name\":\"Camping sur l\u2019\u00eele de R\u00e9\",\"item\":\"https:\/\/tamarins.geek-tonic.dev\/de\/\"},{\"@type\":\"ListItem\",\"position\":2,\"name\":\"Rechtliche Hinweise\"}]},{\"@type\":\"WebSite\",\"@id\":\"https:\/\/tamarins.geek-tonic.dev\/de\/#website\",\"url\":\"https:\/\/tamarins.geek-tonic.dev\/de\/\",\"name\":\"Camping Tamarin\",\"description\":\"\",\"publisher\":{\"@id\":\"https:\/\/tamarins.geek-tonic.dev\/de\/#organization\"},\"potentialAction\":[{\"@type\":\"SearchAction\",\"target\":{\"@type\":\"EntryPoint\",\"urlTemplate\":\"https:\/\/tamarins.geek-tonic.dev\/de\/?s={search_term_string}\"},\"query-input\":{\"@type\":\"PropertyValueSpecification\",\"valueRequired\":true,\"valueName\":\"search_term_string\"}}],\"inLanguage\":\"de\"},{\"@type\":\"Organization\",\"@id\":\"https:\/\/tamarins.geek-tonic.dev\/de\/#organization\",\"name\":\"Camping Tamarin\",\"url\":\"https:\/\/tamarins.geek-tonic.dev\/de\/\",\"logo\":{\"@type\":\"ImageObject\",\"inLanguage\":\"de\",\"@id\":\"https:\/\/tamarins.geek-tonic.dev\/de\/#\/schema\/logo\/image\/\",\"url\":\"https:\/\/tamarins.geek-tonic.dev\/wp-content\/uploads\/sites\/7\/2024\/02\/cropped-logo-Flower-camping-Tamarins-Plage.png\",\"contentUrl\":\"https:\/\/tamarins.geek-tonic.dev\/wp-content\/uploads\/sites\/7\/2024\/02\/cropped-logo-Flower-camping-Tamarins-Plage.png\",\"width\":500,\"height\":660,\"caption\":\"Camping Tamarin\"},\"image\":{\"@id\":\"https:\/\/tamarins.geek-tonic.dev\/de\/#\/schema\/logo\/image\/\"}}]}<\/script>\n<!-- \/ Yoast SEO plugin. -->","yoast_head_json":{"title":"Rechtliche Hinweise - Camping Tamarin","robots":{"index":"noindex","follow":"nofollow"},"og_locale":"de_DE","og_type":"article","og_title":"Rechtliche Hinweise - Camping Tamarin","og_url":"https:\/\/tamarins.geek-tonic.dev\/de\/legale-erwaehnungen\/","og_site_name":"Camping Tamarin","article_modified_time":"2024-04-08T11:19:28+00:00","twitter_card":"summary_large_image","twitter_misc":{"Gesch\u00e4tzte Lesezeit":"2\u00a0Minuten"},"schema":{"@context":"https:\/\/schema.org","@graph":[{"@type":"WebPage","@id":"https:\/\/tamarins.geek-tonic.dev\/de\/legale-erwaehnungen\/","url":"https:\/\/tamarins.geek-tonic.dev\/de\/legale-erwaehnungen\/","name":"Rechtliche Hinweise - Camping Tamarin","isPartOf":{"@id":"https:\/\/tamarins.geek-tonic.dev\/de\/#website"},"datePublished":"2024-01-02T14:56:17+00:00","dateModified":"2024-04-08T11:19:28+00:00","breadcrumb":{"@id":"https:\/\/tamarins.geek-tonic.dev\/de\/legale-erwaehnungen\/#breadcrumb"},"inLanguage":"de","potentialAction":[{"@type":"ReadAction","target":["https:\/\/tamarins.geek-tonic.dev\/de\/legale-erwaehnungen\/"]}]},{"@type":"BreadcrumbList","@id":"https:\/\/tamarins.geek-tonic.dev\/de\/legale-erwaehnungen\/#breadcrumb","itemListElement":[{"@type":"ListItem","position":1,"name":"Camping sur l\u2019\u00eele de R\u00e9","item":"https:\/\/tamarins.geek-tonic.dev\/de\/"},{"@type":"ListItem","position":2,"name":"Rechtliche Hinweise"}]},{"@type":"WebSite","@id":"https:\/\/tamarins.geek-tonic.dev\/de\/#website","url":"https:\/\/tamarins.geek-tonic.dev\/de\/","name":"Camping Tamarin","description":"","publisher":{"@id":"https:\/\/tamarins.geek-tonic.dev\/de\/#organization"},"potentialAction":[{"@type":"SearchAction","target":{"@type":"EntryPoint","urlTemplate":"https:\/\/tamarins.geek-tonic.dev\/de\/?s={search_term_string}"},"query-input":{"@type":"PropertyValueSpecification","valueRequired":true,"valueName":"search_term_string"}}],"inLanguage":"de"},{"@type":"Organization","@id":"https:\/\/tamarins.geek-tonic.dev\/de\/#organization","name":"Camping Tamarin","url":"https:\/\/tamarins.geek-tonic.dev\/de\/","logo":{"@type":"ImageObject","inLanguage":"de","@id":"https:\/\/tamarins.geek-tonic.dev\/de\/#\/schema\/logo\/image\/","url":"https:\/\/tamarins.geek-tonic.dev\/wp-content\/uploads\/sites\/7\/2024\/02\/cropped-logo-Flower-camping-Tamarins-Plage.png","contentUrl":"https:\/\/tamarins.geek-tonic.dev\/wp-content\/uploads\/sites\/7\/2024\/02\/cropped-logo-Flower-camping-Tamarins-Plage.png","width":500,"height":660,"caption":"Camping Tamarin"},"image":{"@id":"https:\/\/tamarins.geek-tonic.dev\/de\/#\/schema\/logo\/image\/"}}]}},"_links":{"self":[{"href":"https:\/\/tamarins.geek-tonic.dev\/de\/wp-json\/wp\/v2\/pages\/1950","targetHints":{"allow":["GET"]}}],"collection":[{"href":"https:\/\/tamarins.geek-tonic.dev\/de\/wp-json\/wp\/v2\/pages"}],"about":[{"href":"https:\/\/tamarins.geek-tonic.dev\/de\/wp-json\/wp\/v2\/types\/page"}],"author":[{"embeddable":true,"href":"https:\/\/tamarins.geek-tonic.dev\/de\/wp-json\/wp\/v2\/users\/1"}],"replies":[{"embeddable":true,"href":"https:\/\/tamarins.geek-tonic.dev\/de\/wp-json\/wp\/v2\/comments?post=1950"}],"version-history":[{"count":3,"href":"https:\/\/tamarins.geek-tonic.dev\/de\/wp-json\/wp\/v2\/pages\/1950\/revisions"}],"predecessor-version":[{"id":2230,"href":"https:\/\/tamarins.geek-tonic.dev\/de\/wp-json\/wp\/v2\/pages\/1950\/revisions\/2230"}],"wp:attachment":[{"href":"https:\/\/tamarins.geek-tonic.dev\/de\/wp-json\/wp\/v2\/media?parent=1950"}],"wp:term":[{"taxonomy":"sujet","embeddable":true,"href":"https:\/\/tamarins.geek-tonic.dev\/de\/wp-json\/wp\/v2\/sujet?post=1950"}],"curies":[{"name":"wp","href":"https:\/\/api.w.org\/{rel}","templated":true}]}}