{"id":1962,"date":"2023-12-19T10:26:45","date_gmt":"2023-12-19T09:26:45","guid":{"rendered":"https:\/\/tamarins.geek-tonic.dev\/datenschutzrichtlinie\/"},"modified":"2024-04-08T12:30:52","modified_gmt":"2024-04-08T10:30:52","slug":"datenschutzrichtlinie","status":"publish","type":"page","link":"https:\/\/tamarins.geek-tonic.dev\/de\/datenschutzrichtlinie\/","title":{"rendered":"Datenschutzrichtlinie"},"content":{"rendered":"<section id=\"ls-section-block_064ad95da2c24e02a82726cf826dbd37\" class=\"ls-section  has-background has-color-4-background-color has-m-t m-t-0 has-m-b m-b-0\" >\r\n        <div class=\"container container--wide\">\r\n        \n\n<h1 class=\"ls__heading wp-block-heading has-text-align-center\">Datenschutzrichtlinie<\/h1>\n\n\n\n<p class=\"ls-paragraph\">Diese Datenschutzrichtlinie beschreibt die personenbezogenen Daten, die bei der Nutzung der Website erhoben oder erzeugt (verarbeitet) werden. In dieser Datenschutzrichtlinie wird beschrieben, welche Arten von personenbezogenen Daten bei der Nutzung unserer Website erfasst werden und wie Ihre personenbezogenen Daten verwendet, weitergegeben und gesch\u00fctzt werden. Au\u00dferdem wird erl\u00e4utert, welche M\u00f6glichkeiten Sie in Bezug auf Ihre pers\u00f6nlichen Daten haben und wie Sie sich an uns wenden k\u00f6nnen.<\/p>\n\n\n\n<h2 class=\"ls__heading wp-block-heading\">Inhalts\u00fcbersicht<\/h2>\n\n\n\n<ul class=\"ls-list wp-block-list\">\n<li><a href=\"https:\/\/tamarins.geek-tonic.dev\/de\/datenschutzrichtlinie\/#gdpr-1\">Wer sind wir?<\/a><\/li>\n\n\n\n<li><a href=\"https:\/\/tamarins.geek-tonic.dev\/de\/datenschutzrichtlinie\/#gdpr-2\">Verwendung der gesammelten pers\u00f6nlichen Daten<\/a><\/li>\n\n\n\n<li><a href=\"https:\/\/tamarins.geek-tonic.dev\/de\/datenschutzrichtlinie\/#gdpr-3\">Kommentare<\/a><\/li>\n\n\n\n<li><a href=\"https:\/\/tamarins.geek-tonic.dev\/de\/datenschutzrichtlinie\/#gdpr-4\">Medien<\/a><\/li>\n\n\n\n<li><a href=\"https:\/\/tamarins.geek-tonic.dev\/de\/datenschutzrichtlinie\/#gdpr-5\">Kontaktformulare<\/a><\/li>\n\n\n\n<li><a href=\"https:\/\/tamarins.geek-tonic.dev\/de\/datenschutzrichtlinie\/#gdpr-6\">Verwendung von Cookies<\/a><\/li>\n\n\n\n<li><a href=\"https:\/\/tamarins.geek-tonic.dev\/de\/datenschutzrichtlinie\/#gdpr-7\">Statistiken und Messung des Publikums<\/a><\/li>\n\n\n\n<li><a href=\"https:\/\/tamarins.geek-tonic.dev\/de\/datenschutzrichtlinie\/#gdpr-8\">Speicherfristen f\u00fcr Ihre Daten<\/a><\/li>\n\n\n\n<li><a href=\"https:\/\/tamarins.geek-tonic.dev\/de\/datenschutzrichtlinie\/#gdpr-9\">Die Rechte, die Sie \u00fcber Ihre Daten haben<\/a><\/li>\n\n\n\n<li><a href=\"https:\/\/tamarins.geek-tonic.dev\/de\/datenschutzrichtlinie\/#gdpr-10\">\u00dcbermittlung Ihrer pers\u00f6nlichen Daten<\/a><\/li>\n\n\n\n<li><a href=\"https:\/\/tamarins.geek-tonic.dev\/de\/datenschutzrichtlinie\/#gdpr-11\">Wie wir Ihre Daten sch\u00fctzen<\/a><\/li>\n\n\n\n<li><a href=\"https:\/\/tamarins.geek-tonic.dev\/de\/datenschutzrichtlinie\/#gdpr-12\">Kontaktinformationen<\/a><\/li>\n<\/ul>\n\n\n\n<h2 class=\"ls__heading wp-block-heading\" id=\"gdpr-1\">Wer wir sind<\/h2>\n\n\n\n<p class=\"ls-paragraph\">Entdecken Sie alle unsere Informationen auf der Seite <a href=\"https:\/\/tamarins.geek-tonic.dev\/de\/rechtshinweis\/\">Rechtliche Hinweise<\/a>.<\/p>\n\n\n\n<h2 class=\"ls__heading wp-block-heading\" id=\"gdpr-2\">Verwendung der erhobenen personenbezogenen Daten<\/h2>\n\n\n\n<p class=\"ls-paragraph\">Wir sammeln automatisch und direkt keine Daten \u00fcber Sie.<\/p>\n\n\n\n<p class=\"ls-paragraph\">Dessen ungeachtet k\u00f6nnen wir Informationen, einschlie\u00dflich personenbezogener Informationen, von Dritten sammeln (siehe Abschnitt <a href=\"https:\/\/tamarins.geek-tonic.dev\/de\/datenschutzrichtlinie\/#gdpr-5\">Cookies<\/a>).<\/p>\n\n\n\n<h2 class=\"ls__heading wp-block-heading\" id=\"gdpr-3\">Kommentare<\/h2>\n\n\n\n<p class=\"ls-paragraph\">Wenn Sie einen Kommentar auf unserer Website hinterlassen, werden die in das Kommentarformular eingegebenen Daten, Ihre IP-Adresse und der User-Agent Ihres Browsers erfasst, um uns zu helfen, unerw\u00fcnschte Kommentare zu erkennen.<\/p>\n\n\n\n<p class=\"ls-paragraph\">Eine anonymisierte Zeichenfolge, die aus Ihrer E-Mail-Adresse erstellt wird (auch als Hash bekannt), kann an den Gravatar-Dienst gesendet werden, um zu \u00fcberpr\u00fcfen, ob Sie ihn verwenden. Die Datenschutzbestimmungen von Gravatar finden Sie unter https:\/\/automattic.com\/privacy\/. Sobald Ihr Kommentar validiert wurde, wird Ihr Profilfoto neben Ihrem Kommentar \u00f6ffentlich sichtbar sein.<\/p>\n\n\n\n<h2 class=\"ls__heading wp-block-heading\" id=\"gdpr-4\">Medien<\/h2>\n\n\n\n<p class=\"ls-paragraph\">Wenn Sie als registrierter Benutzer Bilder auf die Website hochladen, raten wir Ihnen, keine Bilder hochzuladen, die EXIF-Daten von GPS-Koordinaten enthalten. Die Besucher Ihrer Website k\u00f6nnen diese Bilder herunterladen und Standortdaten daraus extrahieren.<\/p>\n\n\n\n<h2 class=\"ls__heading wp-block-heading\" id=\"gdpr-5\">Kontaktformulare<\/h2>\n\n\n\n<p class=\"ls-paragraph\">Sie k\u00f6nnen sich daf\u00fcr entscheiden, uns Informationen zu geben, wenn Sie ein Formular ausf\u00fcllen. Diese Informationen werden uns per E-Mail \u00fcbermittelt und nicht anders als in unserem E-Mail-Dienst gespeichert, diese Informationen werden ausschlie\u00dflich dazu verwendet, Ihre Anfrage zu beantworten. Wenn Informationen zu kommerziellen Zwecken verwendet werden k\u00f6nnen, wird dies am Ende des Formulars vermerkt. Wir werden immer Ihre Zustimmung einholen, wenn wir Informationen \u00fcber ein Formular sammeln.<\/p>\n\n\n\n<h2 class=\"ls__heading wp-block-heading\" id=\"gdpr-6\">Verwendung von Cookies<\/h2>\n\n\n\n<p class=\"ls-paragraph\"><strong>Was ist ein Cookie?<\/strong><br\/>Ein Cookie ist eine kleine Datendatei, die auf Ihr Ger\u00e4t \u00fcbertragen und dort gespeichert wird. Konkret erm\u00f6glicht uns ein Cookie zum Beispiel, Ihren Browser oder Ihre Sprache zu erkennen oder Ihre Einstellungen zu speichern.<br\/>Auf unserer Seite werden zwei Arten von Cookies verwendet: &#8222;Sitzungscookies&#8220; und &#8222;dauerhafte Cookies&#8220;. Sitzungscookies verfallen, wenn Sie Ihren Browser schlie\u00dfen, w\u00e4hrend dauerhafte Cookies auf Ihrem Ger\u00e4t verbleiben, nachdem Sie Ihren Browser geschlossen haben, und bei Ihrem n\u00e4chsten Besuch auf unserer Website erneut verwendet werden k\u00f6nnen.<\/p>\n\n\n\n<p class=\"ls-paragraph\">Weitere Informationen finden Sie unter <a href=\"https:\/\/allaboutcookies.org\/fr\" target=\"_blank\" rel=\"noreferrer noopener\">allaboutcookies.org<\/a>.<\/p>\n\n\n\n<p class=\"ls-paragraph\"><strong>Unsere Cookies<\/strong><\/p>\n\n\n\n<p class=\"ls-paragraph\">Wenn Sie einen Kommentar auf unserer Website hinterlassen, werden Sie aufgefordert, Ihren Namen, Ihre E-Mail-Adresse und Ihre Website in Cookies zu speichern. Dies ist nur zu Ihrer Bequemlichkeit, damit Sie diese Informationen nicht erneut eingeben m\u00fcssen, wenn Sie sp\u00e4ter einen weiteren Kommentar abgeben. Diese Cookies verfallen nach einem Jahr.<\/p>\n\n\n\n<p class=\"ls-paragraph\">Wenn Sie ein Konto haben und sich auf dieser Website anmelden, wird ein tempor\u00e4rer Cookie erstellt, um festzustellen, ob Ihr Browser Cookies akzeptiert. Sie enth\u00e4lt keine pers\u00f6nlichen Daten und wird automatisch gel\u00f6scht, wenn Sie Ihren Browser schlie\u00dfen.<\/p>\n\n\n\n<p class=\"ls-paragraph\">Wenn Sie sich anmelden, werden wir eine Reihe von Cookies setzen, um Ihre Anmeldeinformationen und Bildschirmeinstellungen zu speichern. Die Lebensdauer eines Verbindungs-Cookies betr\u00e4gt zwei Tage, die eines Bildschirmoptions-Cookies ein Jahr. Wenn Sie die Option &#8222;Angemeldet bleiben&#8220; aktivieren, wird Ihr Anmelde-Cookie zwei Wochen lang gespeichert. Wenn Sie sich von Ihrem Konto abmelden, wird das Anmelde-Cookie gel\u00f6scht.<\/p>\n\n\n\n<p class=\"ls-paragraph\">Wenn Sie einen Artikel \u00e4ndern oder ver\u00f6ffentlichen, wird ein zus\u00e4tzliches Cookie in Ihrem Browser gespeichert. Dieses Cookie enth\u00e4lt keine personenbezogenen Daten. Sie gibt einfach den Bezeichner des Elements an, das Sie gerade ge\u00e4ndert haben. Er verf\u00e4llt nach einem Tag.<\/p>\n\n\n\n<p class=\"ls-paragraph\"><strong>Cookies von Drittanbietern<\/strong><\/p>\n\n\n\n<p class=\"ls-paragraph\">Die Artikel auf dieser Website k\u00f6nnen eingebettete Inhalte enthalten (z. B. Videos, Bilder, Artikel usw.). Der von anderen Websites integrierte Inhalt verh\u00e4lt sich so, als ob der Besucher diese andere Website besuchen w\u00fcrde.<\/p>\n\n\n\n<p class=\"ls-paragraph\">Diese Websites k\u00f6nnen Daten \u00fcber Sie sammeln, Cookies verwenden, Tracking-Tools von Drittanbietern einbetten und Ihre Interaktionen mit diesen eingebetteten Inhalten verfolgen, wenn Sie ein eingeloggtes Konto auf ihrer Website haben.<\/p>\n\n\n\n<p class=\"ls-paragraph\">Wir k\u00f6nnen bestimmte kommerzielle Partner erm\u00e4chtigen, Technologien auf unserer Website zu installieren. Diese Partner verwenden diese Technologien, um uns bei der Analyse Ihrer Nutzung der Website zu helfen, z. B. indem sie die Dienste von Drittanbietern erfassen, \u00fcber die Sie auf die Plattform gelangt sind, um unsere Dienste auf unserer Website und auf Websites von Drittanbietern zu vermarkten und zu bewerben, um uns bei der Aufdeckung und Verhinderung von Betrug oder bei der Durchf\u00fchrung von Risikobewertungen zu helfen oder um Informationen \u00fcber Ihre Aktivit\u00e4ten auf der Website zu sammeln.<\/p>\n\n\n\n<p class=\"ls-paragraph\">Unsere Website kann Social Plugins verwenden, die von Drittanbietern bereitgestellt und betrieben werden, wie z. B. die Facebook-Schaltfl\u00e4che &#8222;Gef\u00e4llt mir&#8220;. Folglich k\u00f6nnen Sie dem Dritten Informationen \u00fcbermitteln, die Sie in einem bestimmten Bereich unserer Website sehen. Wenn Sie nicht in Ihrem Konto bei dem Dritten angemeldet sind, kennt der Dritte Ihre Identit\u00e4t nicht. Wenn Sie mit Ihrem Konto bei der Drittpartei verbunden sind, kann die Drittpartei Informationen oder Aktionen, die sich auf Ihre Interaktionen mit unserer Website beziehen, mit Ihrem Konto bei der Drittpartei verkn\u00fcpfen. Bitte konsultieren Sie die Datenschutzrichtlinien der Drittparteien, um mehr \u00fcber deren Datenpraktiken zu erfahren.<\/p>\n\n\n\n<p class=\"ls-paragraph\">Eine Liste der auf dieser Seite verwendeten Cookies von Drittanbietern ist \u00fcber das <a href=\"https:\/\/tamarins.geek-tonic.dev\/de\/datenschutzrichtlinie\/#moove_gdpr_cookie_modal\">Cookie-Verwaltungsfeld<\/a> verf\u00fcgbar.<\/p>\n\n\n\n<h2 class=\"ls__heading wp-block-heading\" id=\"gdpr-7\">Statistik und Publikumsmessung<\/h2>\n\n\n\n<p class=\"ls-paragraph\">In Bezug auf die Analyse arbeiten wir mit Google Analytics, um Informationen \u00fcber die Nutzung unserer Website zu erhalten, damit wir sie verbessern k\u00f6nnen. Letzteres kann \u00fcber das <a href=\"https:\/\/tamarins.geek-tonic.dev\/de\/datenschutzrichtlinie\/#moove_gdpr_cookie_modal\">Cookie-Verwaltungsfeld<\/a> deaktiviert werden.<\/p>\n\n\n\n<p class=\"ls-paragraph\">Um zu verhindern, dass Google Analytics Ihre Informationen zu Analysezwecken verwendet, k\u00f6nnen Sie auch das Browser-Add-on zur Deaktivierung von Google Analytics installieren, indem Sie <a href=\"https:\/\/tools.google.com\/dlpage\/gaoptout\" rel=\"noreferrer noopener\" target=\"_blank\">hier<\/a> klicken. Beachten Sie, dass wir keine Kontrolle \u00fcber diesen Deaktivierungslink haben und nicht f\u00fcr die Verf\u00fcgbarkeit oder Richtigkeit dieses Mechanismus verantwortlich sind. Lesen Sie <a href=\"https:\/\/support.google.com\/analytics\/answer\/6004245\" rel=\"noreferrer noopener\" target=\"_blank\">diese Dokumentation<\/a> f\u00fcr weitere Informationen.<\/p>\n\n\n\n<h2 class=\"ls__heading wp-block-heading\" id=\"gdpr-8\">Dauer der Datenspeicherung<\/h2>\n\n\n\n<p class=\"ls-paragraph\">Wenn Sie einen Kommentar hinterlassen, werden der Kommentar und seine Metadaten auf unbestimmte Zeit gespeichert. Auf diese Weise k\u00f6nnen nachfolgende Kommentare automatisch erkannt und genehmigt werden, anstatt in der Moderationswarteschlange zu verbleiben.<\/p>\n\n\n\n<p class=\"ls-paragraph\">Bei Nutzern, die sich auf unserer Website registrieren (soweit m\u00f6glich), speichern wir auch die in ihrem Profil angegebenen personenbezogenen Daten. Alle Nutzer k\u00f6nnen ihre pers\u00f6nlichen Daten jederzeit einsehen, \u00e4ndern oder l\u00f6schen (mit Ausnahme ihres Benutzernamens). Auch Standortleiter k\u00f6nnen diese Informationen einsehen und \u00e4ndern.<\/p>\n\n\n\n<h2 class=\"ls__heading wp-block-heading\" id=\"gdpr-9\">Die Rechte, die Sie in Bezug auf Ihre Daten haben<\/h2>\n\n\n\n<p class=\"ls-paragraph\">Wenn Sie ein Konto haben oder Kommentare auf der Website hinterlassen haben, k\u00f6nnen Sie eine Datei anfordern, die alle pers\u00f6nlichen Daten enth\u00e4lt, die wir \u00fcber Sie gespeichert haben, einschlie\u00dflich der Daten, die Sie uns zur Verf\u00fcgung gestellt haben. Sie k\u00f6nnen auch die L\u00f6schung Ihrer personenbezogenen Daten beantragen. Davon ausgenommen sind Daten, die zu administrativen, rechtlichen oder Sicherheitszwecken gespeichert werden.<\/p>\n\n\n\n<h2 class=\"ls__heading wp-block-heading\" id=\"gdpr-10\">\u00dcbermittlung Ihrer personenbezogenen Daten<\/h2>\n\n\n\n<p class=\"ls-paragraph\">Besucher-Kommentare k\u00f6nnen mithilfe eines automatisierten Dienstes zur Erkennung unerw\u00fcnschter Kommentare \u00fcberpr\u00fcft werden.<br\/>Alle personenbezogenen Daten, die wir verarbeiten, werden im Herzen der Europ\u00e4ischen Union verarbeitet.<\/p>\n\n\n\n<h2 class=\"ls__heading wp-block-heading\" id=\"gdpr-11\">Wie wir Ihre Daten sch\u00fctzen<\/h2>\n\n\n\n<p class=\"ls-paragraph\">Wir implementieren und aktualisieren laufend die <strong>Sicherheit<\/strong> der Website, um Ihre Informationen vor unbefugtem Zugriff, Verlust, Zerst\u00f6rung oder \u00c4nderung zu sch\u00fctzen. Wir arbeiten also daran, Ihre Daten so unverwundbar wie m\u00f6glich zu machen. Da das Internet keine 100%ig sichere Umgebung ist, k\u00f6nnen wir die Sicherheit der \u00dcbertragung oder Speicherung Ihrer Informationen nicht vollst\u00e4ndig garantieren.<\/p>\n\n\n\n<h2 class=\"ls__heading wp-block-heading\" id=\"gdpr-12\">Kontaktinformationen<\/h2>\n\n\n\n<p class=\"ls-paragraph\">Wenn Sie Anfragen oder Fragen zu Ihren pers\u00f6nlichen Daten haben, kontaktieren Sie uns bitte unter rgpd@geek-tonic.com, weitere Kontaktinformationen finden Sie in unserem <a href=\"https:\/\/tamarins.geek-tonic.dev\/de\/rechtshinweis\/\">Impressum<\/a>. Bitte beachten Sie, dass wir Sie m\u00f6glicherweise bitten, Ihre Identit\u00e4t zu \u00fcberpr\u00fcfen, bevor wir weitere Schritte bez\u00fcglich Ihrer Anfrage unternehmen.<\/p>\n\n\r\n    <\/div>\r\n<\/section>","protected":false},"excerpt":{"rendered":"","protected":false},"author":1,"featured_media":0,"parent":0,"menu_order":0,"comment_status":"closed","ping_status":"open","template":"","meta":{"_acf_changed":false,"footnotes":""},"sujet":[],"class_list":["post-1962","page","type-page","status-publish","hentry"],"acf":[],"yoast_head":"<!-- This site is optimized with the Yoast SEO plugin v23.9 - https:\/\/yoast.com\/wordpress\/plugins\/seo\/ -->\n<title>Datenschutzrichtlinie - Camping Tamarin<\/title>\n<meta name=\"robots\" content=\"noindex, nofollow\" \/>\n<meta property=\"og:locale\" content=\"de_DE\" \/>\n<meta property=\"og:type\" content=\"article\" \/>\n<meta property=\"og:title\" content=\"Datenschutzrichtlinie - Camping Tamarin\" \/>\n<meta property=\"og:url\" content=\"https:\/\/tamarins.geek-tonic.dev\/de\/datenschutzrichtlinie\/\" \/>\n<meta property=\"og:site_name\" content=\"Camping Tamarin\" \/>\n<meta property=\"article:modified_time\" content=\"2024-04-08T10:30:52+00:00\" \/>\n<meta name=\"twitter:card\" content=\"summary_large_image\" \/>\n<meta name=\"twitter:label1\" content=\"Gesch\u00e4tzte Lesezeit\" \/>\n\t<meta name=\"twitter:data1\" content=\"7\u00a0Minuten\" \/>\n<script type=\"application\/ld+json\" class=\"yoast-schema-graph\">{\"@context\":\"https:\/\/schema.org\",\"@graph\":[{\"@type\":\"WebPage\",\"@id\":\"https:\/\/tamarins.geek-tonic.dev\/de\/datenschutzrichtlinie\/\",\"url\":\"https:\/\/tamarins.geek-tonic.dev\/de\/datenschutzrichtlinie\/\",\"name\":\"Datenschutzrichtlinie - Camping Tamarin\",\"isPartOf\":{\"@id\":\"https:\/\/tamarins.geek-tonic.dev\/de\/#website\"},\"datePublished\":\"2023-12-19T09:26:45+00:00\",\"dateModified\":\"2024-04-08T10:30:52+00:00\",\"breadcrumb\":{\"@id\":\"https:\/\/tamarins.geek-tonic.dev\/de\/datenschutzrichtlinie\/#breadcrumb\"},\"inLanguage\":\"de\",\"potentialAction\":[{\"@type\":\"ReadAction\",\"target\":[\"https:\/\/tamarins.geek-tonic.dev\/de\/datenschutzrichtlinie\/\"]}]},{\"@type\":\"BreadcrumbList\",\"@id\":\"https:\/\/tamarins.geek-tonic.dev\/de\/datenschutzrichtlinie\/#breadcrumb\",\"itemListElement\":[{\"@type\":\"ListItem\",\"position\":1,\"name\":\"Camping sur l\u2019\u00eele de R\u00e9\",\"item\":\"https:\/\/tamarins.geek-tonic.dev\/de\/\"},{\"@type\":\"ListItem\",\"position\":2,\"name\":\"Datenschutzrichtlinie\"}]},{\"@type\":\"WebSite\",\"@id\":\"https:\/\/tamarins.geek-tonic.dev\/de\/#website\",\"url\":\"https:\/\/tamarins.geek-tonic.dev\/de\/\",\"name\":\"Camping Tamarin\",\"description\":\"\",\"publisher\":{\"@id\":\"https:\/\/tamarins.geek-tonic.dev\/de\/#organization\"},\"potentialAction\":[{\"@type\":\"SearchAction\",\"target\":{\"@type\":\"EntryPoint\",\"urlTemplate\":\"https:\/\/tamarins.geek-tonic.dev\/de\/?s={search_term_string}\"},\"query-input\":{\"@type\":\"PropertyValueSpecification\",\"valueRequired\":true,\"valueName\":\"search_term_string\"}}],\"inLanguage\":\"de\"},{\"@type\":\"Organization\",\"@id\":\"https:\/\/tamarins.geek-tonic.dev\/de\/#organization\",\"name\":\"Camping Tamarin\",\"url\":\"https:\/\/tamarins.geek-tonic.dev\/de\/\",\"logo\":{\"@type\":\"ImageObject\",\"inLanguage\":\"de\",\"@id\":\"https:\/\/tamarins.geek-tonic.dev\/de\/#\/schema\/logo\/image\/\",\"url\":\"https:\/\/tamarins.geek-tonic.dev\/wp-content\/uploads\/sites\/7\/2024\/02\/cropped-logo-Flower-camping-Tamarins-Plage.png\",\"contentUrl\":\"https:\/\/tamarins.geek-tonic.dev\/wp-content\/uploads\/sites\/7\/2024\/02\/cropped-logo-Flower-camping-Tamarins-Plage.png\",\"width\":500,\"height\":660,\"caption\":\"Camping Tamarin\"},\"image\":{\"@id\":\"https:\/\/tamarins.geek-tonic.dev\/de\/#\/schema\/logo\/image\/\"}}]}<\/script>\n<!-- \/ Yoast SEO plugin. -->","yoast_head_json":{"title":"Datenschutzrichtlinie - Camping Tamarin","robots":{"index":"noindex","follow":"nofollow"},"og_locale":"de_DE","og_type":"article","og_title":"Datenschutzrichtlinie - Camping Tamarin","og_url":"https:\/\/tamarins.geek-tonic.dev\/de\/datenschutzrichtlinie\/","og_site_name":"Camping Tamarin","article_modified_time":"2024-04-08T10:30:52+00:00","twitter_card":"summary_large_image","twitter_misc":{"Gesch\u00e4tzte Lesezeit":"7\u00a0Minuten"},"schema":{"@context":"https:\/\/schema.org","@graph":[{"@type":"WebPage","@id":"https:\/\/tamarins.geek-tonic.dev\/de\/datenschutzrichtlinie\/","url":"https:\/\/tamarins.geek-tonic.dev\/de\/datenschutzrichtlinie\/","name":"Datenschutzrichtlinie - Camping Tamarin","isPartOf":{"@id":"https:\/\/tamarins.geek-tonic.dev\/de\/#website"},"datePublished":"2023-12-19T09:26:45+00:00","dateModified":"2024-04-08T10:30:52+00:00","breadcrumb":{"@id":"https:\/\/tamarins.geek-tonic.dev\/de\/datenschutzrichtlinie\/#breadcrumb"},"inLanguage":"de","potentialAction":[{"@type":"ReadAction","target":["https:\/\/tamarins.geek-tonic.dev\/de\/datenschutzrichtlinie\/"]}]},{"@type":"BreadcrumbList","@id":"https:\/\/tamarins.geek-tonic.dev\/de\/datenschutzrichtlinie\/#breadcrumb","itemListElement":[{"@type":"ListItem","position":1,"name":"Camping sur l\u2019\u00eele de R\u00e9","item":"https:\/\/tamarins.geek-tonic.dev\/de\/"},{"@type":"ListItem","position":2,"name":"Datenschutzrichtlinie"}]},{"@type":"WebSite","@id":"https:\/\/tamarins.geek-tonic.dev\/de\/#website","url":"https:\/\/tamarins.geek-tonic.dev\/de\/","name":"Camping Tamarin","description":"","publisher":{"@id":"https:\/\/tamarins.geek-tonic.dev\/de\/#organization"},"potentialAction":[{"@type":"SearchAction","target":{"@type":"EntryPoint","urlTemplate":"https:\/\/tamarins.geek-tonic.dev\/de\/?s={search_term_string}"},"query-input":{"@type":"PropertyValueSpecification","valueRequired":true,"valueName":"search_term_string"}}],"inLanguage":"de"},{"@type":"Organization","@id":"https:\/\/tamarins.geek-tonic.dev\/de\/#organization","name":"Camping Tamarin","url":"https:\/\/tamarins.geek-tonic.dev\/de\/","logo":{"@type":"ImageObject","inLanguage":"de","@id":"https:\/\/tamarins.geek-tonic.dev\/de\/#\/schema\/logo\/image\/","url":"https:\/\/tamarins.geek-tonic.dev\/wp-content\/uploads\/sites\/7\/2024\/02\/cropped-logo-Flower-camping-Tamarins-Plage.png","contentUrl":"https:\/\/tamarins.geek-tonic.dev\/wp-content\/uploads\/sites\/7\/2024\/02\/cropped-logo-Flower-camping-Tamarins-Plage.png","width":500,"height":660,"caption":"Camping Tamarin"},"image":{"@id":"https:\/\/tamarins.geek-tonic.dev\/de\/#\/schema\/logo\/image\/"}}]}},"_links":{"self":[{"href":"https:\/\/tamarins.geek-tonic.dev\/de\/wp-json\/wp\/v2\/pages\/1962","targetHints":{"allow":["GET"]}}],"collection":[{"href":"https:\/\/tamarins.geek-tonic.dev\/de\/wp-json\/wp\/v2\/pages"}],"about":[{"href":"https:\/\/tamarins.geek-tonic.dev\/de\/wp-json\/wp\/v2\/types\/page"}],"author":[{"embeddable":true,"href":"https:\/\/tamarins.geek-tonic.dev\/de\/wp-json\/wp\/v2\/users\/1"}],"replies":[{"embeddable":true,"href":"https:\/\/tamarins.geek-tonic.dev\/de\/wp-json\/wp\/v2\/comments?post=1962"}],"version-history":[{"count":3,"href":"https:\/\/tamarins.geek-tonic.dev\/de\/wp-json\/wp\/v2\/pages\/1962\/revisions"}],"predecessor-version":[{"id":2217,"href":"https:\/\/tamarins.geek-tonic.dev\/de\/wp-json\/wp\/v2\/pages\/1962\/revisions\/2217"}],"wp:attachment":[{"href":"https:\/\/tamarins.geek-tonic.dev\/de\/wp-json\/wp\/v2\/media?parent=1962"}],"wp:term":[{"taxonomy":"sujet","embeddable":true,"href":"https:\/\/tamarins.geek-tonic.dev\/de\/wp-json\/wp\/v2\/sujet?post=1962"}],"curies":[{"name":"wp","href":"https:\/\/api.w.org\/{rel}","templated":true}]}}