{"id":1964,"date":"2024-02-16T15:35:11","date_gmt":"2024-02-16T14:35:11","guid":{"rendered":"https:\/\/tamarins.geek-tonic.dev\/campingplatz-poitiers\/"},"modified":"2024-04-08T13:17:14","modified_gmt":"2024-04-08T11:17:14","slug":"camping-poitiers","status":"publish","type":"page","link":"https:\/\/tamarins.geek-tonic.dev\/de\/camping-poitiers\/","title":{"rendered":"Poitiers"},"content":{"rendered":"<section id=\"ls-section-block_98a1c53bed501bfb2cd5dc5d7a9d743a\" class=\"ls-section  page-one has-background has-color-4-background-color has-m-t m-t-0 has-m-b m-b-0 has-p-t p-t-14 has-p-b p-b-14\" >\r\n        <div class=\"container container--wide\">\r\n        \n\n<div class=\"wp-block-columns is-layout-flex wp-container-core-columns-is-layout-1 wp-block-columns-is-layout-flex\">\n<div class=\"wp-block-column animated fadeInLeft delay-100ms slow is-layout-flow wp-block-column-is-layout-flow\" style=\"flex-basis:45%\">\n<figure class=\"wp-block-image size-full\"><a href=\"https:\/\/tamarins.geek-tonic.dev\/wp-content\/uploads\/sites\/7\/2024\/02\/cathedrale-tourime-poitiers-camping-ile-de-re.webp\"><img decoding=\"async\" width=\"1200\" height=\"800\" src=\"https:\/\/tamarins.geek-tonic.dev\/wp-content\/uploads\/sites\/7\/2024\/02\/cathedrale-tourime-poitiers-camping-ile-de-re.webp\" alt=\"kathedrale tourime poitiers camping ile de re\" class=\"wp-image-1209\" srcset=\"https:\/\/tamarins.geek-tonic.dev\/wp-content\/uploads\/sites\/7\/2024\/02\/cathedrale-tourime-poitiers-camping-ile-de-re.webp 1200w, https:\/\/tamarins.geek-tonic.dev\/wp-content\/uploads\/sites\/7\/2024\/02\/cathedrale-tourime-poitiers-camping-ile-de-re-300x200.webp 300w, https:\/\/tamarins.geek-tonic.dev\/wp-content\/uploads\/sites\/7\/2024\/02\/cathedrale-tourime-poitiers-camping-ile-de-re-1024x683.webp 1024w, https:\/\/tamarins.geek-tonic.dev\/wp-content\/uploads\/sites\/7\/2024\/02\/cathedrale-tourime-poitiers-camping-ile-de-re-768x512.webp 768w\" sizes=\"(max-width: 1200px) 100vw, 1200px\" \/><\/a><\/figure>\n<\/div>\n\n\n\n<div class=\"wp-block-column is-vertically-aligned-center animated fadeInRight slow is-layout-flow wp-block-column-is-layout-flow\" style=\"flex-basis:55%\">\n<h1 class=\"ls__heading wp-block-heading\">Poitiers entdecken<\/h1>\n\n\n\n<h2 class=\"ls__heading wp-block-heading\">Was gibt es in Poitiers zu sehen?<\/h2>\n\n\n\n<p class=\"ls-paragraph\">Poitiers, das<strong> historische Juwel der Region Poitou-Charentes<\/strong>, ist ein idealer Zwischenstopp w\u00e4hrend Ihres Familienurlaubs, der reich an Entdeckungen und unterhaltsamen Aktivit\u00e4ten ist und nur 2 Stunden von der \u00cele de R\u00e9 entfernt liegt. Die von einer <strong>mittelalterlichen Atmosph\u00e4re<\/strong> durchdrungene Stadt bietet ein fesselndes Erlebnis f\u00fcr Jung und Alt.<\/p>\n\n\n\n<p class=\"ls-paragraph\">Beginnen Sie Ihre Familienreise mit der Erkundung des <strong>historischen<\/strong><strong> Stadtkerns<\/strong> <strong>von<\/strong> <strong>Poitiers<\/strong> mit seinen <strong>gepflasterten<\/strong> <strong>Gassen<\/strong>, <strong>majest\u00e4tischen<\/strong> <strong>Kirchen<\/strong> und <strong>belebten<\/strong> <strong>Pl\u00e4tzen<\/strong>. Die <a href=\"https:\/\/visitpoitiers.fr\/activite\/cathedrale-saint-pierre\/\" target=\"_blank\" rel=\"noreferrer noopener\">Kathedrale Saint-Pierre<\/a>, ein wahres <strong>Meisterwerk der gotischen Architektur<\/strong>, ist ein Muss. Kinder werden von den Erz\u00e4hlungen aus der fernen Vergangenheit fasziniert sein und k\u00f6nnen sogar an F\u00fchrungen teilnehmen, die auf ihr junges Alter zugeschnitten sind.<\/p>\n\n\n\n<p class=\"ls-paragraph\">Poitiers ist auch reich an <strong>interaktiven Museen<\/strong> wie dem <a href=\"https:\/\/visitpoitiers.fr\/activite\/musee-sainte-croix\/\" target=\"_blank\" rel=\"noreferrer noopener\">Mus\u00e9e Sainte-Croix<\/a>, wo spielerische Ausstellungen die Besucher in die Geschichte, Kunst und Kultur der Region eintauchen lassen. Die Familienaktivit\u00e4ten werden in den Gassen des <strong>historischen Viertels<\/strong> fortgesetzt, wo <strong>atypische L\u00e4den<\/strong> <strong>lokale Souvenirs<\/strong> und <strong>regionale Leckereien<\/strong> anbieten.<\/p>\n<\/div>\n<\/div>\n\n\r\n    <\/div>\r\n<\/section><section id=\"ls-section-block_5b14410d62324875836e982c73f39a1c\" class=\"ls-section  home-gallery has-background has-color-4-background-color has-m-t m-t-0 has-p-t p-t-0\" >\r\n        <div class=\"container container--full\">\r\n        \n\n<figure class=\"wp-block-gallery has-nested-images columns-1 is-cropped galerie-slider-container wp-block-gallery-1 is-layout-flex wp-block-gallery-is-layout-flex\">\n<figure class=\"wp-block-image size-full\"><a href=\"https:\/\/tamarins.geek-tonic.dev\/wp-content\/uploads\/sites\/7\/2024\/02\/eglise-poitiers-camping-ile-de-re.webp\"><img decoding=\"async\" width=\"1200\" height=\"800\" src=\"https:\/\/tamarins.geek-tonic.dev\/wp-content\/uploads\/sites\/7\/2024\/02\/eglise-poitiers-camping-ile-de-re.webp\" alt=\"kirche poitiers camping ile de re\" class=\"wp-image-1213\" srcset=\"https:\/\/tamarins.geek-tonic.dev\/wp-content\/uploads\/sites\/7\/2024\/02\/eglise-poitiers-camping-ile-de-re.webp 1200w, https:\/\/tamarins.geek-tonic.dev\/wp-content\/uploads\/sites\/7\/2024\/02\/eglise-poitiers-camping-ile-de-re-300x200.webp 300w, https:\/\/tamarins.geek-tonic.dev\/wp-content\/uploads\/sites\/7\/2024\/02\/eglise-poitiers-camping-ile-de-re-1024x683.webp 1024w, https:\/\/tamarins.geek-tonic.dev\/wp-content\/uploads\/sites\/7\/2024\/02\/eglise-poitiers-camping-ile-de-re-768x512.webp 768w\" sizes=\"(max-width: 1200px) 100vw, 1200px\" \/><\/a><\/figure>\n\n\n\n<figure class=\"wp-block-image size-full\"><a href=\"https:\/\/tamarins.geek-tonic.dev\/wp-content\/uploads\/sites\/7\/2024\/02\/zoo-poitiers-camping-ile-de-re.webp\"><img decoding=\"async\" width=\"1200\" height=\"800\" src=\"https:\/\/tamarins.geek-tonic.dev\/wp-content\/uploads\/sites\/7\/2024\/02\/zoo-poitiers-camping-ile-de-re.webp\" alt=\"zoo poitiers camping ile de re\" class=\"wp-image-1215\" srcset=\"https:\/\/tamarins.geek-tonic.dev\/wp-content\/uploads\/sites\/7\/2024\/02\/zoo-poitiers-camping-ile-de-re.webp 1200w, https:\/\/tamarins.geek-tonic.dev\/wp-content\/uploads\/sites\/7\/2024\/02\/zoo-poitiers-camping-ile-de-re-300x200.webp 300w, https:\/\/tamarins.geek-tonic.dev\/wp-content\/uploads\/sites\/7\/2024\/02\/zoo-poitiers-camping-ile-de-re-1024x683.webp 1024w, https:\/\/tamarins.geek-tonic.dev\/wp-content\/uploads\/sites\/7\/2024\/02\/zoo-poitiers-camping-ile-de-re-768x512.webp 768w\" sizes=\"(max-width: 1200px) 100vw, 1200px\" \/><\/a><\/figure>\n\n\n\n<figure class=\"wp-block-image size-full\"><a href=\"https:\/\/tamarins.geek-tonic.dev\/wp-content\/uploads\/sites\/7\/2024\/02\/ville-poitiers-camping-ile-de-re.webp\"><img decoding=\"async\" width=\"1200\" height=\"800\" src=\"https:\/\/tamarins.geek-tonic.dev\/wp-content\/uploads\/sites\/7\/2024\/02\/ville-poitiers-camping-ile-de-re.webp\" alt=\"ville poitiers camping ile de re\" class=\"wp-image-1217\" srcset=\"https:\/\/tamarins.geek-tonic.dev\/wp-content\/uploads\/sites\/7\/2024\/02\/ville-poitiers-camping-ile-de-re.webp 1200w, https:\/\/tamarins.geek-tonic.dev\/wp-content\/uploads\/sites\/7\/2024\/02\/ville-poitiers-camping-ile-de-re-300x200.webp 300w, https:\/\/tamarins.geek-tonic.dev\/wp-content\/uploads\/sites\/7\/2024\/02\/ville-poitiers-camping-ile-de-re-1024x683.webp 1024w, https:\/\/tamarins.geek-tonic.dev\/wp-content\/uploads\/sites\/7\/2024\/02\/ville-poitiers-camping-ile-de-re-768x512.webp 768w\" sizes=\"(max-width: 1200px) 100vw, 1200px\" \/><\/a><\/figure>\n<\/figure>\n\n\r\n    <\/div>\r\n<\/section><section id=\"ls-section-block_2609a55b6871b8ba4e895690a0ba0d5b\" class=\"ls-section  page-one aventure\" >\r\n        <div class=\"container container--wide\">\r\n        \n\n<div class=\"wp-block-columns is-layout-flex wp-container-core-columns-is-layout-2 wp-block-columns-is-layout-flex\">\n<div class=\"wp-block-column first animated fadeInLeft delay-100ms slow is-layout-flow wp-block-column-is-layout-flow\" style=\"flex-basis:45%\">\n<figure class=\"wp-block-image size-full\"><a href=\"https:\/\/tamarins.geek-tonic.dev\/wp-content\/uploads\/sites\/7\/2024\/02\/futuroscope-poitiers-camping-ile-de-re.webp\"><img decoding=\"async\" width=\"1200\" height=\"800\" src=\"https:\/\/tamarins.geek-tonic.dev\/wp-content\/uploads\/sites\/7\/2024\/02\/futuroscope-poitiers-camping-ile-de-re.webp\" alt=\"futuroscope poitiers camping ile de re\" class=\"wp-image-1211\" srcset=\"https:\/\/tamarins.geek-tonic.dev\/wp-content\/uploads\/sites\/7\/2024\/02\/futuroscope-poitiers-camping-ile-de-re.webp 1200w, https:\/\/tamarins.geek-tonic.dev\/wp-content\/uploads\/sites\/7\/2024\/02\/futuroscope-poitiers-camping-ile-de-re-300x200.webp 300w, https:\/\/tamarins.geek-tonic.dev\/wp-content\/uploads\/sites\/7\/2024\/02\/futuroscope-poitiers-camping-ile-de-re-1024x683.webp 1024w, https:\/\/tamarins.geek-tonic.dev\/wp-content\/uploads\/sites\/7\/2024\/02\/futuroscope-poitiers-camping-ile-de-re-768x512.webp 768w\" sizes=\"(max-width: 1200px) 100vw, 1200px\" \/><\/a><\/figure>\n<\/div>\n\n\n\n<div class=\"wp-block-column second animated fadeInRight slow is-layout-flow wp-block-column-is-layout-flow\" style=\"flex-basis:55%\">\n<h2 class=\"ls__heading wp-block-heading has-text-align-left\">Muss-Aktivit\u00e4ten<\/h2>\n\n\n\n<p class=\"ls-paragraph\">F\u00fcr einen Tag voller Nervenkitzel besuchen Sie <a href=\"https:\/\/www.futuroscope.com\/fr\/\" target=\"_blank\" rel=\"noreferrer noopener\">Futuroscope<\/a>, einen futuristischen Vergn\u00fcgungspark, der Spitzentechnologie und Familienunterhaltung miteinander verbindet. Interaktive Attraktionen und Multimedia-Shows entf\u00fchren die Besucher in Fantasiewelten und bieten ein einzigartiges Erlebnis f\u00fcr die ganze Familie.<\/p>\n\n\n\n<p class=\"ls-paragraph\">F\u00fcr ein Abenteuer im Freien bietet sich <a href=\"https:\/\/www.poitiers.fr\/parc-de-blossac-0\">der Park<\/a><a href=\"https:\/\/www.poitiers.fr\/parc-de-blossac-0\" target=\"_blank\" rel=\"noreferrer noopener\"> <\/a><a href=\"https:\/\/www.poitiers.fr\/parc-de-blossac-0\">de Blossac<\/a>, ist eine <strong>gr\u00fcne<\/strong> <strong>Oase<\/strong> <strong>im<\/strong> Herzen der Stadt. Mit seinen Spielpl\u00e4tzen, weitl\u00e4ufigen Rasenfl\u00e4chen und schattigen Wegen ist er der perfekte Ort, um mit der Familie zu picknicken, Frisbee zu spielen oder einfach nur zu entspannen.<\/p>\n\n\n\n<p class=\"ls-paragraph\"><strong>Tierliebhaber<\/strong> werden sich <a href=\"https:\/\/www.zoodelahautetouche.fr\/fr\" target=\"_blank\" rel=\"noreferrer noopener\">den Tierpark Parc animalier de la Haute-Touche<\/a> nicht entgehen lassen wollen, <a href=\"https:\/\/www.zoodelahautetouche.fr\/fr\" target=\"_blank\" rel=\"noreferrer noopener\">der<\/a> nur wenige Kilometer von Poitiers entfernt liegt. Dieser <strong>riesige Naturpark<\/strong> beherbergt eine beeindruckende Vielfalt an Wildtieren und bietet ein lehrreiches und immersives Erlebnis f\u00fcr Kinder und Erwachsene.<\/p>\n\n\n\n<p class=\"ls-paragraph\">Poitiers bietet ein breites Spektrum an Aktivit\u00e4ten f\u00fcr die ganze Familie, von kulturellen Entdeckungen und technischen Abenteuern bis hin zu den einfachen Freuden der Natur. Jeder Winkel der Stadt birgt \u00dcberraschungen, die den unvergesslichen Charakter von Poitiers als Reiseziel f\u00fcr Familien unterstreichen.<\/p>\n<\/div>\n<\/div>\n\n\r\n    <\/div>\r\n<\/section><section id=\"ls-section-block_33992d58991f5c28c8305b60148913be\" class=\"ls-section  page-maillage experience has-p-t p-t-0\" >\r\n        <div class=\"container container--wide\">\r\n        \n\n<div id=\"ls-heading ls-titre-div-block_ebf12f187f85cf673718400e2466b510\" class=\"ls-titre-div aligncenter h2-like\" >\n    <strong>Entdecken <\/strong> Sie unsere Umgebung<\/div>\n\n\n<div id=\"ls-maillage-block_fbd7920403600ab2dc51c2f9c5a6ad6a\" class=\"ls-maillage cta-style-normal\" data-rows=\"3\">\n    <div class=\"wp-block-columns\"><div class=\"wp-block-column\"><div id=\"destinations\" class=\"ls-cta\">\n\n<a href=\"https:\/\/tamarins.geek-tonic.dev\/de\/camping-la-rochelle\/\" target=\"\" rel=\"noopener\" class=\"ls-cta__link\">\n\n\t<div class=\"ls-cta__image\"><img decoding=\"async\" src=\"https:\/\/tamarins.geek-tonic.dev\/wp-content\/uploads\/sites\/7\/2024\/02\/tourisme-la-rochelle-camping-ile-de-re.webp\" alt=\"tourismus la rochelle camping ile de re\"><\/div>\n\t<div class=\"ls-cta__title\">\n\t\tLa Rochelle\t<\/div>\n\n\t\t\n<\/a><\/div><\/div><div class=\"wp-block-column\"><div id=\"destinations\" class=\"ls-cta\">\n\n<a href=\"https:\/\/tamarins.geek-tonic.dev\/de\/tourismus-re-insel\/\" target=\"\" rel=\"noopener\" class=\"ls-cta__link\">\n\n\t<div class=\"ls-cta__image\"><img decoding=\"async\" src=\"https:\/\/tamarins.geek-tonic.dev\/wp-content\/uploads\/sites\/7\/2024\/02\/tourisme-camping-ile-de-re.webp\" alt=\"tourismus camping ile de re\"><\/div>\n\t<div class=\"ls-cta__title\">\n\t\t\u00cele de R\u00e9\t<\/div>\n\n\t\t\n<\/a><\/div><\/div><div class=\"wp-block-column\"><div id=\"destinations\" class=\"ls-cta\">\n\n<a href=\"https:\/\/tamarins.geek-tonic.dev\/de\/camping-angouleme\/\" target=\"\" rel=\"noopener\" class=\"ls-cta__link\">\n\n\t<div class=\"ls-cta__image\"><img decoding=\"async\" src=\"https:\/\/tamarins.geek-tonic.dev\/wp-content\/uploads\/sites\/7\/2024\/02\/tourisme-angouleme-camping-ile-de-re.webp\" alt=\"tourismus angouleme camping ile de re\"><\/div>\n\t<div class=\"ls-cta__title\">\n\t\tAngoul\u00eame\t<\/div>\n\n\t\t\n<\/a><\/div><\/div><\/div><\/div>\n\r\n    <\/div>\r\n<\/section>","protected":false},"excerpt":{"rendered":"","protected":false},"author":1,"featured_media":1971,"parent":0,"menu_order":0,"comment_status":"closed","ping_status":"closed","template":"","meta":{"_acf_changed":false,"footnotes":""},"sujet":[],"class_list":["post-1964","page","type-page","status-publish","has-post-thumbnail","hentry"],"acf":[],"yoast_head":"<!-- This site is optimized with the Yoast SEO plugin v23.9 - https:\/\/yoast.com\/wordpress\/plugins\/seo\/ -->\n<title>Entdecken Sie Poitiers, nur 2 Stunden vom Campingplatz entfernt<\/title>\n<meta name=\"description\" content=\"Ihr Campingplatz nur 2 Stunden von Poitiers entfernt bietet Ihnen die M\u00f6glichkeit, das reiche historische Erbe der Stadt und das unumg\u00e4ngliche Futuroscope zu entdecken!\" \/>\n<meta name=\"robots\" content=\"noindex, follow, max-snippet:-1, max-image-preview:large, max-video-preview:-1\" \/>\n<meta property=\"og:locale\" content=\"de_DE\" \/>\n<meta property=\"og:type\" content=\"article\" \/>\n<meta property=\"og:title\" content=\"Entdecken Sie Poitiers, nur 2 Stunden vom Campingplatz entfernt\" \/>\n<meta property=\"og:description\" content=\"Ihr Campingplatz nur 2 Stunden von Poitiers entfernt bietet Ihnen die M\u00f6glichkeit, das reiche historische Erbe der Stadt und das unumg\u00e4ngliche Futuroscope zu entdecken!\" \/>\n<meta property=\"og:url\" content=\"https:\/\/tamarins.geek-tonic.dev\/de\/camping-poitiers\/\" \/>\n<meta property=\"og:site_name\" content=\"Camping Tamarin\" \/>\n<meta property=\"article:modified_time\" content=\"2024-04-08T11:17:14+00:00\" \/>\n<meta property=\"og:image\" content=\"https:\/\/tamarins.geek-tonic.dev\/wp-content\/uploads\/sites\/7\/2024\/02\/tourime-ville-poitiers-camping-ile-de-re-1.webp\" \/>\n\t<meta property=\"og:image:width\" content=\"2000\" \/>\n\t<meta property=\"og:image:height\" content=\"1000\" \/>\n\t<meta property=\"og:image:type\" content=\"image\/webp\" \/>\n<meta name=\"twitter:card\" content=\"summary_large_image\" \/>\n<meta name=\"twitter:label1\" content=\"Gesch\u00e4tzte Lesezeit\" \/>\n\t<meta name=\"twitter:data1\" content=\"2\u00a0Minuten\" \/>\n<script type=\"application\/ld+json\" class=\"yoast-schema-graph\">{\"@context\":\"https:\/\/schema.org\",\"@graph\":[{\"@type\":\"WebPage\",\"@id\":\"https:\/\/tamarins.geek-tonic.dev\/de\/camping-poitiers\/\",\"url\":\"https:\/\/tamarins.geek-tonic.dev\/de\/camping-poitiers\/\",\"name\":\"Entdecken Sie Poitiers, nur 2 Stunden vom Campingplatz entfernt\",\"isPartOf\":{\"@id\":\"https:\/\/tamarins.geek-tonic.dev\/de\/#website\"},\"primaryImageOfPage\":{\"@id\":\"https:\/\/tamarins.geek-tonic.dev\/de\/camping-poitiers\/#primaryimage\"},\"image\":{\"@id\":\"https:\/\/tamarins.geek-tonic.dev\/de\/camping-poitiers\/#primaryimage\"},\"thumbnailUrl\":\"https:\/\/tamarins.geek-tonic.dev\/wp-content\/uploads\/sites\/7\/2024\/02\/tourime-ville-poitiers-camping-ile-de-re-1.webp\",\"datePublished\":\"2024-02-16T14:35:11+00:00\",\"dateModified\":\"2024-04-08T11:17:14+00:00\",\"description\":\"Ihr Campingplatz nur 2 Stunden von Poitiers entfernt bietet Ihnen die M\u00f6glichkeit, das reiche historische Erbe der Stadt und das unumg\u00e4ngliche Futuroscope zu entdecken!\",\"breadcrumb\":{\"@id\":\"https:\/\/tamarins.geek-tonic.dev\/de\/camping-poitiers\/#breadcrumb\"},\"inLanguage\":\"de\",\"potentialAction\":[{\"@type\":\"ReadAction\",\"target\":[\"https:\/\/tamarins.geek-tonic.dev\/de\/camping-poitiers\/\"]}]},{\"@type\":\"ImageObject\",\"inLanguage\":\"de\",\"@id\":\"https:\/\/tamarins.geek-tonic.dev\/de\/camping-poitiers\/#primaryimage\",\"url\":\"https:\/\/tamarins.geek-tonic.dev\/wp-content\/uploads\/sites\/7\/2024\/02\/tourime-ville-poitiers-camping-ile-de-re-1.webp\",\"contentUrl\":\"https:\/\/tamarins.geek-tonic.dev\/wp-content\/uploads\/sites\/7\/2024\/02\/tourime-ville-poitiers-camping-ile-de-re-1.webp\",\"width\":2000,\"height\":1000,\"caption\":\"tourime ville poitiers camping ile de re\"},{\"@type\":\"BreadcrumbList\",\"@id\":\"https:\/\/tamarins.geek-tonic.dev\/de\/camping-poitiers\/#breadcrumb\",\"itemListElement\":[{\"@type\":\"ListItem\",\"position\":1,\"name\":\"Camping sur l\u2019\u00eele de R\u00e9\",\"item\":\"https:\/\/tamarins.geek-tonic.dev\/de\/\"},{\"@type\":\"ListItem\",\"position\":2,\"name\":\"Campingplatz in der N\u00e4he von Poitiers\"}]},{\"@type\":\"WebSite\",\"@id\":\"https:\/\/tamarins.geek-tonic.dev\/de\/#website\",\"url\":\"https:\/\/tamarins.geek-tonic.dev\/de\/\",\"name\":\"Camping Tamarin\",\"description\":\"\",\"publisher\":{\"@id\":\"https:\/\/tamarins.geek-tonic.dev\/de\/#organization\"},\"potentialAction\":[{\"@type\":\"SearchAction\",\"target\":{\"@type\":\"EntryPoint\",\"urlTemplate\":\"https:\/\/tamarins.geek-tonic.dev\/de\/?s={search_term_string}\"},\"query-input\":{\"@type\":\"PropertyValueSpecification\",\"valueRequired\":true,\"valueName\":\"search_term_string\"}}],\"inLanguage\":\"de\"},{\"@type\":\"Organization\",\"@id\":\"https:\/\/tamarins.geek-tonic.dev\/de\/#organization\",\"name\":\"Camping Tamarin\",\"url\":\"https:\/\/tamarins.geek-tonic.dev\/de\/\",\"logo\":{\"@type\":\"ImageObject\",\"inLanguage\":\"de\",\"@id\":\"https:\/\/tamarins.geek-tonic.dev\/de\/#\/schema\/logo\/image\/\",\"url\":\"https:\/\/tamarins.geek-tonic.dev\/wp-content\/uploads\/sites\/7\/2024\/02\/cropped-logo-Flower-camping-Tamarins-Plage.png\",\"contentUrl\":\"https:\/\/tamarins.geek-tonic.dev\/wp-content\/uploads\/sites\/7\/2024\/02\/cropped-logo-Flower-camping-Tamarins-Plage.png\",\"width\":500,\"height\":660,\"caption\":\"Camping Tamarin\"},\"image\":{\"@id\":\"https:\/\/tamarins.geek-tonic.dev\/de\/#\/schema\/logo\/image\/\"}}]}<\/script>\n<!-- \/ Yoast SEO plugin. -->","yoast_head_json":{"title":"Entdecken Sie Poitiers, nur 2 Stunden vom Campingplatz entfernt","description":"Ihr Campingplatz nur 2 Stunden von Poitiers entfernt bietet Ihnen die M\u00f6glichkeit, das reiche historische Erbe der Stadt und das unumg\u00e4ngliche Futuroscope zu entdecken!","robots":{"index":"noindex","follow":"follow","max-snippet":"max-snippet:-1","max-image-preview":"max-image-preview:large","max-video-preview":"max-video-preview:-1"},"og_locale":"de_DE","og_type":"article","og_title":"Entdecken Sie Poitiers, nur 2 Stunden vom Campingplatz entfernt","og_description":"Ihr Campingplatz nur 2 Stunden von Poitiers entfernt bietet Ihnen die M\u00f6glichkeit, das reiche historische Erbe der Stadt und das unumg\u00e4ngliche Futuroscope zu entdecken!","og_url":"https:\/\/tamarins.geek-tonic.dev\/de\/camping-poitiers\/","og_site_name":"Camping Tamarin","article_modified_time":"2024-04-08T11:17:14+00:00","og_image":[{"width":2000,"height":1000,"url":"https:\/\/tamarins.geek-tonic.dev\/wp-content\/uploads\/sites\/7\/2024\/02\/tourime-ville-poitiers-camping-ile-de-re-1.webp","type":"image\/webp"}],"twitter_card":"summary_large_image","twitter_misc":{"Gesch\u00e4tzte Lesezeit":"2\u00a0Minuten"},"schema":{"@context":"https:\/\/schema.org","@graph":[{"@type":"WebPage","@id":"https:\/\/tamarins.geek-tonic.dev\/de\/camping-poitiers\/","url":"https:\/\/tamarins.geek-tonic.dev\/de\/camping-poitiers\/","name":"Entdecken Sie Poitiers, nur 2 Stunden vom Campingplatz entfernt","isPartOf":{"@id":"https:\/\/tamarins.geek-tonic.dev\/de\/#website"},"primaryImageOfPage":{"@id":"https:\/\/tamarins.geek-tonic.dev\/de\/camping-poitiers\/#primaryimage"},"image":{"@id":"https:\/\/tamarins.geek-tonic.dev\/de\/camping-poitiers\/#primaryimage"},"thumbnailUrl":"https:\/\/tamarins.geek-tonic.dev\/wp-content\/uploads\/sites\/7\/2024\/02\/tourime-ville-poitiers-camping-ile-de-re-1.webp","datePublished":"2024-02-16T14:35:11+00:00","dateModified":"2024-04-08T11:17:14+00:00","description":"Ihr Campingplatz nur 2 Stunden von Poitiers entfernt bietet Ihnen die M\u00f6glichkeit, das reiche historische Erbe der Stadt und das unumg\u00e4ngliche Futuroscope zu entdecken!","breadcrumb":{"@id":"https:\/\/tamarins.geek-tonic.dev\/de\/camping-poitiers\/#breadcrumb"},"inLanguage":"de","potentialAction":[{"@type":"ReadAction","target":["https:\/\/tamarins.geek-tonic.dev\/de\/camping-poitiers\/"]}]},{"@type":"ImageObject","inLanguage":"de","@id":"https:\/\/tamarins.geek-tonic.dev\/de\/camping-poitiers\/#primaryimage","url":"https:\/\/tamarins.geek-tonic.dev\/wp-content\/uploads\/sites\/7\/2024\/02\/tourime-ville-poitiers-camping-ile-de-re-1.webp","contentUrl":"https:\/\/tamarins.geek-tonic.dev\/wp-content\/uploads\/sites\/7\/2024\/02\/tourime-ville-poitiers-camping-ile-de-re-1.webp","width":2000,"height":1000,"caption":"tourime ville poitiers camping ile de re"},{"@type":"BreadcrumbList","@id":"https:\/\/tamarins.geek-tonic.dev\/de\/camping-poitiers\/#breadcrumb","itemListElement":[{"@type":"ListItem","position":1,"name":"Camping sur l\u2019\u00eele de R\u00e9","item":"https:\/\/tamarins.geek-tonic.dev\/de\/"},{"@type":"ListItem","position":2,"name":"Campingplatz in der N\u00e4he von Poitiers"}]},{"@type":"WebSite","@id":"https:\/\/tamarins.geek-tonic.dev\/de\/#website","url":"https:\/\/tamarins.geek-tonic.dev\/de\/","name":"Camping Tamarin","description":"","publisher":{"@id":"https:\/\/tamarins.geek-tonic.dev\/de\/#organization"},"potentialAction":[{"@type":"SearchAction","target":{"@type":"EntryPoint","urlTemplate":"https:\/\/tamarins.geek-tonic.dev\/de\/?s={search_term_string}"},"query-input":{"@type":"PropertyValueSpecification","valueRequired":true,"valueName":"search_term_string"}}],"inLanguage":"de"},{"@type":"Organization","@id":"https:\/\/tamarins.geek-tonic.dev\/de\/#organization","name":"Camping Tamarin","url":"https:\/\/tamarins.geek-tonic.dev\/de\/","logo":{"@type":"ImageObject","inLanguage":"de","@id":"https:\/\/tamarins.geek-tonic.dev\/de\/#\/schema\/logo\/image\/","url":"https:\/\/tamarins.geek-tonic.dev\/wp-content\/uploads\/sites\/7\/2024\/02\/cropped-logo-Flower-camping-Tamarins-Plage.png","contentUrl":"https:\/\/tamarins.geek-tonic.dev\/wp-content\/uploads\/sites\/7\/2024\/02\/cropped-logo-Flower-camping-Tamarins-Plage.png","width":500,"height":660,"caption":"Camping Tamarin"},"image":{"@id":"https:\/\/tamarins.geek-tonic.dev\/de\/#\/schema\/logo\/image\/"}}]}},"_links":{"self":[{"href":"https:\/\/tamarins.geek-tonic.dev\/de\/wp-json\/wp\/v2\/pages\/1964","targetHints":{"allow":["GET"]}}],"collection":[{"href":"https:\/\/tamarins.geek-tonic.dev\/de\/wp-json\/wp\/v2\/pages"}],"about":[{"href":"https:\/\/tamarins.geek-tonic.dev\/de\/wp-json\/wp\/v2\/types\/page"}],"author":[{"embeddable":true,"href":"https:\/\/tamarins.geek-tonic.dev\/de\/wp-json\/wp\/v2\/users\/1"}],"replies":[{"embeddable":true,"href":"https:\/\/tamarins.geek-tonic.dev\/de\/wp-json\/wp\/v2\/comments?post=1964"}],"version-history":[{"count":2,"href":"https:\/\/tamarins.geek-tonic.dev\/de\/wp-json\/wp\/v2\/pages\/1964\/revisions"}],"predecessor-version":[{"id":2221,"href":"https:\/\/tamarins.geek-tonic.dev\/de\/wp-json\/wp\/v2\/pages\/1964\/revisions\/2221"}],"wp:featuredmedia":[{"embeddable":true,"href":"https:\/\/tamarins.geek-tonic.dev\/de\/wp-json\/wp\/v2\/media\/1971"}],"wp:attachment":[{"href":"https:\/\/tamarins.geek-tonic.dev\/de\/wp-json\/wp\/v2\/media?parent=1964"}],"wp:term":[{"taxonomy":"sujet","embeddable":true,"href":"https:\/\/tamarins.geek-tonic.dev\/de\/wp-json\/wp\/v2\/sujet?post=1964"}],"curies":[{"name":"wp","href":"https:\/\/api.w.org\/{rel}","templated":true}]}}