{"id":1975,"date":"2023-12-19T11:27:11","date_gmt":"2023-12-19T10:27:11","guid":{"rendered":"https:\/\/tamarins.geek-tonic.dev\/campingplatz-werbung-ile-de-re\/"},"modified":"2024-04-17T15:40:01","modified_gmt":"2024-04-17T13:40:01","slug":"camping-promotion-re-ile-de-re","status":"publish","type":"page","link":"https:\/\/tamarins.geek-tonic.dev\/de\/camping-promotion-re-ile-de-re\/","title":{"rendered":"Unsere Sonderangebote"},"content":{"rendered":"<section id=\"ls-section-block_ca42d1f15894eabeed7df759093cd619\" class=\"ls-section  page-one has-background has-color-4-background-color has-m-t m-t-0 has-m-b m-b-0 has-p-t p-t-14 has-p-b p-b-14\" >\r\n        <div class=\"container container--wide\">\r\n        \n\n<h1 class=\"ls__heading wp-block-heading\">Camping mit Sonderangeboten auf der Ile de R\u00e9<\/h1>\n\n\n<p><script>\n    window.ctoutvert = {\n\t\tid: 16033, \n\t\tlang: 'auto', \n\t\turl: 'https:\/\/reservation.secureholiday.net\/widgets\/'\n    };<\/p>\n<p>    (function (w, d, s, ctv, r, js, fjs) {\n        r=new XMLHttpRequest();r.open('GET',w[ctv].url+'js\/src.json');\n        r.responseType='json';r.json=true;r.send();\n        r.onload=function(){w[ctv].src=r.responseType=='json'?r.response:JSON.parse(r.response);\n        js.src=w[ctv].src[0];fjs.parentNode.insertBefore(js, fjs);}\n        js=d.createElement(s),fjs=d.getElementsByTagName(s)[0];\n        js.id='ctvwidget';js.async=1;\n    }(window, document, 'script', 'ctoutvert'));\n<\/script><br \/>\n<ctv-offers data-display-mode=\"carousel\" ><\/ctv-offers><\/p>\n\n\n\n<div class=\"wp-block-columns is-layout-flex wp-container-core-columns-is-layout-1 wp-block-columns-is-layout-flex\">\n<div class=\"wp-block-column animated fadeInLeft delay-100ms slow is-layout-flow wp-block-column-is-layout-flow\" style=\"flex-basis:45%\">\n<figure class=\"wp-block-image size-full\"><a href=\"https:\/\/tamarins.geek-tonic.dev\/wp-content\/uploads\/sites\/7\/2024\/02\/promotion-nuit-camping-ile-de-re.webp\"><img decoding=\"async\" width=\"1200\" height=\"765\" src=\"https:\/\/tamarins.geek-tonic.dev\/wp-content\/uploads\/sites\/7\/2024\/02\/promotion-nuit-camping-ile-de-re.webp\" alt=\"f&#xF6;rderung nuit camping ile de re\" class=\"wp-image-1060\" srcset=\"https:\/\/tamarins.geek-tonic.dev\/wp-content\/uploads\/sites\/7\/2024\/02\/promotion-nuit-camping-ile-de-re.webp 1200w, https:\/\/tamarins.geek-tonic.dev\/wp-content\/uploads\/sites\/7\/2024\/02\/promotion-nuit-camping-ile-de-re-300x191.webp 300w, https:\/\/tamarins.geek-tonic.dev\/wp-content\/uploads\/sites\/7\/2024\/02\/promotion-nuit-camping-ile-de-re-1024x653.webp 1024w, https:\/\/tamarins.geek-tonic.dev\/wp-content\/uploads\/sites\/7\/2024\/02\/promotion-nuit-camping-ile-de-re-768x490.webp 768w\" sizes=\"(max-width: 1200px) 100vw, 1200px\" \/><\/a><\/figure>\n<\/div>\n\n\n\n<div class=\"wp-block-column is-vertically-aligned-center animated fadeInRight slow is-layout-flow wp-block-column-is-layout-flow\" style=\"flex-basis:55%\">\n<h2 class=\"ls__heading wp-block-heading has-text-align-left\">Unsere anderen Werbeaktionen<\/h2>\n\n\n\n<p class=\"ls-paragraph\">Wie w\u00e4re es mit einer romantischen <strong>Auszeit zu<\/strong> zweit auf der \u00cele de R\u00e9? Unsere Paarangebote versprechen Ihnen sch\u00f6ne Ausfl\u00fcge in der Nebensaison, zu zweit oder zu dritt, wenn Sie mit Ihrem Baby ab <strong>349\u20ac<\/strong> abreisen. Diese Angebote gelten f\u00fcr die Vermietungen, vorbehaltlich der Verf\u00fcgbarkeit.<\/p>\n\n\n\n<p class=\"ls-paragraph\">M\u00f6chten Sie die Sonne und die Landschaften der <a href=\"https:\/\/tamarins.geek-tonic.dev\/de\/tourismus-re-insel\/\">Ile de R\u00e9<\/a> schon vorab genie\u00dfen? Buchen Sie jetzt Ihren n\u00e4chsten Sommerurlaub und profitieren Sie von 15% Rabatt!<\/p>\n\n\n\n<p class=\"ls-paragraph\">Anfang Juli ist es auf dem Campingplatz <a href=\"https:\/\/tamarins.geek-tonic.dev\/de\/\">Tamarins Plage<\/a> bereits Sommer. Die Temperaturen sind perfekt, um in der Sonne zu faulenzen. Unser direkter Zugang zum Meer erwartet Sie. Hier finden Sie alles, um die Landschaft rund um <a href=\"https:\/\/tamarins.geek-tonic.dev\/de\/camping-la-rochelle\/\">Bois Plage en R\u00e9<\/a> von ihrer sch\u00f6nsten Seite zu entdecken, Vitamin D zu tanken und neue Abenteuer in der Charente Maritime zu erleben. Freuen Sie sich darauf, neue Gebiete zu entdecken und viele neue Entdeckungen zu machen.<\/p>\n\n\n\n<p class=\"ls-paragraph\">Buchen Sie zwischen dem 9. April und dem 28. April einschlie\u00dflich. Dieses Angebot gilt f\u00fcr einen Aufenthalt von mindestens 3 N\u00e4chten, vom 29. Juni bis 6. Juli einschlie\u00dflich und f\u00fcr alle unsere <a href=\"https:\/\/tamarins.geek-tonic.dev\/de\/vermietung-mobil-home-ile-de-re\/\">Mietunterk\u00fcnfte<\/a>.<\/p>\n\n\n\n<p class=\"ls-paragraph\">Angebot variiert je nach Verf\u00fcgbarkeit und ist nicht kumulierbar. <\/p>\n\n\n\n<p class=\"ls-paragraph\">\u00a0<\/p>\n<\/div>\n<\/div>\n\n\r\n    <\/div>\r\n<\/section><section id=\"ls-section-block_c204bcaa3bf68ceaa294fa77c2d13b49\" class=\"ls-section  home-gallery has-background has-color-4-background-color has-m-t m-t-0 has-p-t p-t-0\" >\r\n        <div class=\"container container--full\">\r\n        \n\n<figure class=\"wp-block-gallery has-nested-images columns-1 is-cropped galerie-slider-container wp-block-gallery-1 is-layout-flex wp-block-gallery-is-layout-flex\">\n<figure class=\"wp-block-image size-full\"><a href=\"https:\/\/tamarins.geek-tonic.dev\/wp-content\/uploads\/sites\/7\/2024\/02\/offre-promotion-camping-ile-de-re.webp\"><img decoding=\"async\" width=\"1200\" height=\"800\" src=\"https:\/\/tamarins.geek-tonic.dev\/wp-content\/uploads\/sites\/7\/2024\/02\/offre-promotion-camping-ile-de-re.webp\" alt=\"angebot f&#xF6;rderung camping ile de re\" class=\"wp-image-1068\" srcset=\"https:\/\/tamarins.geek-tonic.dev\/wp-content\/uploads\/sites\/7\/2024\/02\/offre-promotion-camping-ile-de-re.webp 1200w, https:\/\/tamarins.geek-tonic.dev\/wp-content\/uploads\/sites\/7\/2024\/02\/offre-promotion-camping-ile-de-re-300x200.webp 300w, https:\/\/tamarins.geek-tonic.dev\/wp-content\/uploads\/sites\/7\/2024\/02\/offre-promotion-camping-ile-de-re-1024x683.webp 1024w, https:\/\/tamarins.geek-tonic.dev\/wp-content\/uploads\/sites\/7\/2024\/02\/offre-promotion-camping-ile-de-re-768x512.webp 768w\" sizes=\"(max-width: 1200px) 100vw, 1200px\" \/><\/a><\/figure>\n\n\n\n<figure class=\"wp-block-image size-full\"><a href=\"https:\/\/tamarins.geek-tonic.dev\/wp-content\/uploads\/sites\/7\/2024\/02\/offres-camping-ile-de-re-1.webp\"><img decoding=\"async\" width=\"1200\" height=\"765\" src=\"https:\/\/tamarins.geek-tonic.dev\/wp-content\/uploads\/sites\/7\/2024\/02\/offres-camping-ile-de-re-1.webp\" alt=\"Angebote camping ile de re\" class=\"wp-image-1070\" srcset=\"https:\/\/tamarins.geek-tonic.dev\/wp-content\/uploads\/sites\/7\/2024\/02\/offres-camping-ile-de-re-1.webp 1200w, https:\/\/tamarins.geek-tonic.dev\/wp-content\/uploads\/sites\/7\/2024\/02\/offres-camping-ile-de-re-1-300x191.webp 300w, https:\/\/tamarins.geek-tonic.dev\/wp-content\/uploads\/sites\/7\/2024\/02\/offres-camping-ile-de-re-1-1024x653.webp 1024w, https:\/\/tamarins.geek-tonic.dev\/wp-content\/uploads\/sites\/7\/2024\/02\/offres-camping-ile-de-re-1-768x490.webp 768w\" sizes=\"(max-width: 1200px) 100vw, 1200px\" \/><\/a><\/figure>\n\n\n\n<figure class=\"wp-block-image size-full\"><a href=\"https:\/\/tamarins.geek-tonic.dev\/wp-content\/uploads\/sites\/7\/2024\/02\/promotions-camping-ile-de-re.webp\"><img decoding=\"async\" width=\"1200\" height=\"765\" src=\"https:\/\/tamarins.geek-tonic.dev\/wp-content\/uploads\/sites\/7\/2024\/02\/promotions-camping-ile-de-re.webp\" alt=\"f&#xF6;rderung camping ile de re\" class=\"wp-image-1072\" srcset=\"https:\/\/tamarins.geek-tonic.dev\/wp-content\/uploads\/sites\/7\/2024\/02\/promotions-camping-ile-de-re.webp 1200w, https:\/\/tamarins.geek-tonic.dev\/wp-content\/uploads\/sites\/7\/2024\/02\/promotions-camping-ile-de-re-300x191.webp 300w, https:\/\/tamarins.geek-tonic.dev\/wp-content\/uploads\/sites\/7\/2024\/02\/promotions-camping-ile-de-re-1024x653.webp 1024w, https:\/\/tamarins.geek-tonic.dev\/wp-content\/uploads\/sites\/7\/2024\/02\/promotions-camping-ile-de-re-768x490.webp 768w\" sizes=\"(max-width: 1200px) 100vw, 1200px\" \/><\/a><\/figure>\n<\/figure>\n\n\r\n    <\/div>\r\n<\/section><section id=\"ls-section-block_b2a55e43a213b00a7f1e62ac49eacda8\" class=\"ls-section  page-one has-p-t p-t-14\" >\r\n        <div class=\"container container--wide\">\r\n        \n\n<div class=\"wp-block-columns is-layout-flex wp-container-core-columns-is-layout-2 wp-block-columns-is-layout-flex\">\n<div class=\"wp-block-column is-vertically-aligned-center first  animated fadeInLeft slow is-layout-flow wp-block-column-is-layout-flow\" style=\"flex-basis:55%\">\n<h2 class=\"ls__heading wp-block-heading\">Last-Minute-Aktionen<\/h2>\n\n\n\n<p class=\"ls-paragraph\">M\u00f6chten Sie Ihren Urlaub lieber in letzter Minute buchen? Es gibt viele Gr\u00fcnde, die Buchung des Campingurlaubs bis zur letzten Minute hinauszuz\u00f6gern, sei es wegen des Wetters, ungeplanter Ferien oder der Ungewissheit \u00fcber das Reiseziel.<\/p>\n\n\n\n<p class=\"ls-paragraph\">Auf dem <a href=\"https:\/\/tamarins.geek-tonic.dev\/de\/\">Campingplatz Tamarins Plage<\/a> bieten wir sowohl in der Neben- als auch in der Hauptsaison Last-Minute-Angebote f\u00fcr Mietunterk\u00fcnfte oder Campingpl\u00e4tze an, je nachdem, was gerade verf\u00fcgbar ist. Entdecken Sie unsere Last-Minute-Angebote zu g\u00fcnstigen Preisen f\u00fcr einen Campingurlaub auf der \u00cele de R\u00e9.  <\/p>\n\n\n\n<p class=\"ls-paragraph\">Machen Sie einen spontanen, aber erfolgreichen Urlaub in Bois-Plage en R\u00e9 mit unseren preisg\u00fcnstigen Aufenthalten, die die ganze Familie begeistern werden. Ein bevorstehender Ausflug nach Tamarins Plage wartet auf Sie! Auf die Pl\u00e4tze, fertig, los: <strong>Entdecken Sie die \u00cele de R\u00e9<\/strong>.<\/p>\n<\/div>\n\n\n\n<div class=\"wp-block-column second animated fadeInRight delay-100ms slow is-layout-flow wp-block-column-is-layout-flow\" style=\"flex-basis:45%\">\n<figure class=\"wp-block-image size-full\"><a href=\"https:\/\/tamarins.geek-tonic.dev\/wp-content\/uploads\/sites\/7\/2024\/02\/offres-camping-ile-de-re.webp\"><img decoding=\"async\" width=\"1200\" height=\"800\" src=\"https:\/\/tamarins.geek-tonic.dev\/wp-content\/uploads\/sites\/7\/2024\/02\/offres-camping-ile-de-re.webp\" alt=\"Angebote camping ile de re\" class=\"wp-image-1064\" srcset=\"https:\/\/tamarins.geek-tonic.dev\/wp-content\/uploads\/sites\/7\/2024\/02\/offres-camping-ile-de-re.webp 1200w, https:\/\/tamarins.geek-tonic.dev\/wp-content\/uploads\/sites\/7\/2024\/02\/offres-camping-ile-de-re-300x200.webp 300w, https:\/\/tamarins.geek-tonic.dev\/wp-content\/uploads\/sites\/7\/2024\/02\/offres-camping-ile-de-re-1024x683.webp 1024w, https:\/\/tamarins.geek-tonic.dev\/wp-content\/uploads\/sites\/7\/2024\/02\/offres-camping-ile-de-re-768x512.webp 768w\" sizes=\"(max-width: 1200px) 100vw, 1200px\" \/><\/a><\/figure>\n<\/div>\n<\/div>\n\n\r\n    <\/div>\r\n<\/section><section id=\"ls-section-block_2fad31f9b31765cf0b0bce1c78b02468\" class=\"ls-section  page-maillage experience has-p-t p-t-0\" >\r\n        <div class=\"container container--wide\">\r\n        \n\n<div id=\"ls-heading ls-titre-div-block_d0773b75b2059a504e8a10099cd0b7c0\" class=\"ls-titre-div aligncenter h2-like\" >\n    <strong>Entdecken <\/strong> Sie unsere Freizeitangebote, unsere Unterk\u00fcnfte und unsere Dienstleistungen<\/div>\n\n\n<div id=\"ls-maillage-block_eb6b6dde463324c31a562e67ad58d37a\" class=\"ls-maillage cta-style-normal\" data-rows=\"3\">\n    <div class=\"wp-block-columns\"><div class=\"wp-block-column\"><div id=\"destinations\" class=\"ls-cta\">\n\n<a href=\"https:\/\/tamarins.geek-tonic.dev\/de\/familien-camping-insel-von-re\/\" target=\"\" rel=\"noopener\" class=\"ls-cta__link\">\n\n\t<div class=\"ls-cta__image\"><img decoding=\"async\" src=\"https:\/\/tamarins.geek-tonic.dev\/wp-content\/uploads\/sites\/7\/2024\/02\/services-camping-ile-de-re-1.webp\" alt=\"dienstleistungen zelten ile de re\"><\/div>\n\t<div class=\"ls-cta__title\">\n\t\tDie Dienste\t<\/div>\n\n\t\t\n<\/a><\/div><\/div><div class=\"wp-block-column\"><div id=\"destinations\" class=\"ls-cta\">\n\n<a href=\"https:\/\/tamarins.geek-tonic.dev\/de\/vermietung-mobil-home-ile-de-re\/\" target=\"\" rel=\"noopener\" class=\"ls-cta__link\">\n\n\t<div class=\"ls-cta__image\"><img decoding=\"async\" src=\"https:\/\/tamarins.geek-tonic.dev\/wp-content\/uploads\/sites\/7\/2024\/02\/flower-camping-ile-de-re.webp\" alt=\"flower camping ile de re\"><\/div>\n\t<div class=\"ls-cta__title\">\n\t\tUnsere Vermietungen\t<\/div>\n\n\t\t\n<\/a><\/div><\/div><div class=\"wp-block-column\"><div id=\"destinations\" class=\"ls-cta\">\n\n<a href=\"https:\/\/tamarins.geek-tonic.dev\/de\/camping-animation-re-insel\/\" target=\"\" rel=\"noopener\" class=\"ls-cta__link\">\n\n\t<div class=\"ls-cta__image\"><img decoding=\"async\" src=\"https:\/\/tamarins.geek-tonic.dev\/wp-content\/uploads\/sites\/7\/2024\/02\/loisirs-camping-ile-de-re-1.webp\" alt=\"freizeit camping ile de re\"><\/div>\n\t<div class=\"ls-cta__title\">\n\t\tFreizeit vor Ort\t<\/div>\n\n\t\t\n<\/a><\/div><\/div><\/div><\/div>\n\r\n    <\/div>\r\n<\/section>","protected":false},"excerpt":{"rendered":"","protected":false},"author":1,"featured_media":1983,"parent":0,"menu_order":0,"comment_status":"closed","ping_status":"closed","template":"","meta":{"_acf_changed":false,"footnotes":""},"sujet":[],"class_list":["post-1975","page","type-page","status-publish","has-post-thumbnail","hentry"],"acf":[],"yoast_head":"<!-- This site is optimized with the Yoast SEO plugin v23.9 - https:\/\/yoast.com\/wordpress\/plugins\/seo\/ -->\n<title>Campingplatz mit Sonderangeboten auf der \u00cele de R\u00e9 in der Charente-Maritime<\/title>\n<meta name=\"description\" content=\"Genie\u00dfen Sie einen Campingurlaub zum besten Preis-Leistungs-Verh\u00e4ltnis auf der \u00cele de R\u00e9, Charente-Maritime\" \/>\n<meta name=\"robots\" content=\"noindex, follow, max-snippet:-1, max-image-preview:large, max-video-preview:-1\" \/>\n<meta property=\"og:locale\" content=\"de_DE\" \/>\n<meta property=\"og:type\" content=\"article\" \/>\n<meta property=\"og:title\" content=\"Campingplatz mit Sonderangeboten auf der \u00cele de R\u00e9 in der Charente-Maritime\" \/>\n<meta property=\"og:description\" content=\"Genie\u00dfen Sie einen Campingurlaub zum besten Preis-Leistungs-Verh\u00e4ltnis auf der \u00cele de R\u00e9, Charente-Maritime\" \/>\n<meta property=\"og:url\" content=\"https:\/\/tamarins.geek-tonic.dev\/de\/camping-promotion-re-ile-de-re\/\" \/>\n<meta property=\"og:site_name\" content=\"Camping Tamarin\" \/>\n<meta property=\"article:modified_time\" content=\"2024-04-17T13:40:01+00:00\" \/>\n<meta property=\"og:image\" content=\"https:\/\/tamarins.geek-tonic.dev\/wp-content\/uploads\/sites\/7\/2024\/02\/promotions-camping-flower-ile-de-re-1.webp\" \/>\n\t<meta property=\"og:image:width\" content=\"2000\" \/>\n\t<meta property=\"og:image:height\" content=\"1333\" \/>\n\t<meta property=\"og:image:type\" content=\"image\/webp\" \/>\n<meta name=\"twitter:card\" content=\"summary_large_image\" \/>\n<meta name=\"twitter:label1\" content=\"Gesch\u00e4tzte Lesezeit\" \/>\n\t<meta name=\"twitter:data1\" content=\"2\u00a0Minuten\" \/>\n<script type=\"application\/ld+json\" class=\"yoast-schema-graph\">{\"@context\":\"https:\/\/schema.org\",\"@graph\":[{\"@type\":\"WebPage\",\"@id\":\"https:\/\/tamarins.geek-tonic.dev\/de\/camping-promotion-re-ile-de-re\/\",\"url\":\"https:\/\/tamarins.geek-tonic.dev\/de\/camping-promotion-re-ile-de-re\/\",\"name\":\"Campingplatz mit Sonderangeboten auf der \u00cele de R\u00e9 in der Charente-Maritime\",\"isPartOf\":{\"@id\":\"https:\/\/tamarins.geek-tonic.dev\/de\/#website\"},\"primaryImageOfPage\":{\"@id\":\"https:\/\/tamarins.geek-tonic.dev\/de\/camping-promotion-re-ile-de-re\/#primaryimage\"},\"image\":{\"@id\":\"https:\/\/tamarins.geek-tonic.dev\/de\/camping-promotion-re-ile-de-re\/#primaryimage\"},\"thumbnailUrl\":\"https:\/\/tamarins.geek-tonic.dev\/wp-content\/uploads\/sites\/7\/2024\/02\/promotions-camping-flower-ile-de-re-1.webp\",\"datePublished\":\"2023-12-19T10:27:11+00:00\",\"dateModified\":\"2024-04-17T13:40:01+00:00\",\"description\":\"Genie\u00dfen Sie einen Campingurlaub zum besten Preis-Leistungs-Verh\u00e4ltnis auf der \u00cele de R\u00e9, Charente-Maritime\",\"breadcrumb\":{\"@id\":\"https:\/\/tamarins.geek-tonic.dev\/de\/camping-promotion-re-ile-de-re\/#breadcrumb\"},\"inLanguage\":\"de\",\"potentialAction\":[{\"@type\":\"ReadAction\",\"target\":[\"https:\/\/tamarins.geek-tonic.dev\/de\/camping-promotion-re-ile-de-re\/\"]}]},{\"@type\":\"ImageObject\",\"inLanguage\":\"de\",\"@id\":\"https:\/\/tamarins.geek-tonic.dev\/de\/camping-promotion-re-ile-de-re\/#primaryimage\",\"url\":\"https:\/\/tamarins.geek-tonic.dev\/wp-content\/uploads\/sites\/7\/2024\/02\/promotions-camping-flower-ile-de-re-1.webp\",\"contentUrl\":\"https:\/\/tamarins.geek-tonic.dev\/wp-content\/uploads\/sites\/7\/2024\/02\/promotions-camping-flower-ile-de-re-1.webp\",\"width\":2000,\"height\":1333,\"caption\":\"promotions camping flower ile de re\"},{\"@type\":\"BreadcrumbList\",\"@id\":\"https:\/\/tamarins.geek-tonic.dev\/de\/camping-promotion-re-ile-de-re\/#breadcrumb\",\"itemListElement\":[{\"@type\":\"ListItem\",\"position\":1,\"name\":\"Camping sur l\u2019\u00eele de R\u00e9\",\"item\":\"https:\/\/tamarins.geek-tonic.dev\/de\/\"},{\"@type\":\"ListItem\",\"position\":2,\"name\":\"Campingplatz mit Sonderangeboten in Charente-Maritime\"}]},{\"@type\":\"WebSite\",\"@id\":\"https:\/\/tamarins.geek-tonic.dev\/de\/#website\",\"url\":\"https:\/\/tamarins.geek-tonic.dev\/de\/\",\"name\":\"Camping Tamarin\",\"description\":\"\",\"publisher\":{\"@id\":\"https:\/\/tamarins.geek-tonic.dev\/de\/#organization\"},\"potentialAction\":[{\"@type\":\"SearchAction\",\"target\":{\"@type\":\"EntryPoint\",\"urlTemplate\":\"https:\/\/tamarins.geek-tonic.dev\/de\/?s={search_term_string}\"},\"query-input\":{\"@type\":\"PropertyValueSpecification\",\"valueRequired\":true,\"valueName\":\"search_term_string\"}}],\"inLanguage\":\"de\"},{\"@type\":\"Organization\",\"@id\":\"https:\/\/tamarins.geek-tonic.dev\/de\/#organization\",\"name\":\"Camping Tamarin\",\"url\":\"https:\/\/tamarins.geek-tonic.dev\/de\/\",\"logo\":{\"@type\":\"ImageObject\",\"inLanguage\":\"de\",\"@id\":\"https:\/\/tamarins.geek-tonic.dev\/de\/#\/schema\/logo\/image\/\",\"url\":\"https:\/\/tamarins.geek-tonic.dev\/wp-content\/uploads\/sites\/7\/2024\/02\/cropped-logo-Flower-camping-Tamarins-Plage.png\",\"contentUrl\":\"https:\/\/tamarins.geek-tonic.dev\/wp-content\/uploads\/sites\/7\/2024\/02\/cropped-logo-Flower-camping-Tamarins-Plage.png\",\"width\":500,\"height\":660,\"caption\":\"Camping Tamarin\"},\"image\":{\"@id\":\"https:\/\/tamarins.geek-tonic.dev\/de\/#\/schema\/logo\/image\/\"}}]}<\/script>\n<!-- \/ Yoast SEO plugin. -->","yoast_head_json":{"title":"Campingplatz mit Sonderangeboten auf der \u00cele de R\u00e9 in der Charente-Maritime","description":"Genie\u00dfen Sie einen Campingurlaub zum besten Preis-Leistungs-Verh\u00e4ltnis auf der \u00cele de R\u00e9, Charente-Maritime","robots":{"index":"noindex","follow":"follow","max-snippet":"max-snippet:-1","max-image-preview":"max-image-preview:large","max-video-preview":"max-video-preview:-1"},"og_locale":"de_DE","og_type":"article","og_title":"Campingplatz mit Sonderangeboten auf der \u00cele de R\u00e9 in der Charente-Maritime","og_description":"Genie\u00dfen Sie einen Campingurlaub zum besten Preis-Leistungs-Verh\u00e4ltnis auf der \u00cele de R\u00e9, Charente-Maritime","og_url":"https:\/\/tamarins.geek-tonic.dev\/de\/camping-promotion-re-ile-de-re\/","og_site_name":"Camping Tamarin","article_modified_time":"2024-04-17T13:40:01+00:00","og_image":[{"width":2000,"height":1333,"url":"https:\/\/tamarins.geek-tonic.dev\/wp-content\/uploads\/sites\/7\/2024\/02\/promotions-camping-flower-ile-de-re-1.webp","type":"image\/webp"}],"twitter_card":"summary_large_image","twitter_misc":{"Gesch\u00e4tzte Lesezeit":"2\u00a0Minuten"},"schema":{"@context":"https:\/\/schema.org","@graph":[{"@type":"WebPage","@id":"https:\/\/tamarins.geek-tonic.dev\/de\/camping-promotion-re-ile-de-re\/","url":"https:\/\/tamarins.geek-tonic.dev\/de\/camping-promotion-re-ile-de-re\/","name":"Campingplatz mit Sonderangeboten auf der \u00cele de R\u00e9 in der Charente-Maritime","isPartOf":{"@id":"https:\/\/tamarins.geek-tonic.dev\/de\/#website"},"primaryImageOfPage":{"@id":"https:\/\/tamarins.geek-tonic.dev\/de\/camping-promotion-re-ile-de-re\/#primaryimage"},"image":{"@id":"https:\/\/tamarins.geek-tonic.dev\/de\/camping-promotion-re-ile-de-re\/#primaryimage"},"thumbnailUrl":"https:\/\/tamarins.geek-tonic.dev\/wp-content\/uploads\/sites\/7\/2024\/02\/promotions-camping-flower-ile-de-re-1.webp","datePublished":"2023-12-19T10:27:11+00:00","dateModified":"2024-04-17T13:40:01+00:00","description":"Genie\u00dfen Sie einen Campingurlaub zum besten Preis-Leistungs-Verh\u00e4ltnis auf der \u00cele de R\u00e9, Charente-Maritime","breadcrumb":{"@id":"https:\/\/tamarins.geek-tonic.dev\/de\/camping-promotion-re-ile-de-re\/#breadcrumb"},"inLanguage":"de","potentialAction":[{"@type":"ReadAction","target":["https:\/\/tamarins.geek-tonic.dev\/de\/camping-promotion-re-ile-de-re\/"]}]},{"@type":"ImageObject","inLanguage":"de","@id":"https:\/\/tamarins.geek-tonic.dev\/de\/camping-promotion-re-ile-de-re\/#primaryimage","url":"https:\/\/tamarins.geek-tonic.dev\/wp-content\/uploads\/sites\/7\/2024\/02\/promotions-camping-flower-ile-de-re-1.webp","contentUrl":"https:\/\/tamarins.geek-tonic.dev\/wp-content\/uploads\/sites\/7\/2024\/02\/promotions-camping-flower-ile-de-re-1.webp","width":2000,"height":1333,"caption":"promotions camping flower ile de re"},{"@type":"BreadcrumbList","@id":"https:\/\/tamarins.geek-tonic.dev\/de\/camping-promotion-re-ile-de-re\/#breadcrumb","itemListElement":[{"@type":"ListItem","position":1,"name":"Camping sur l\u2019\u00eele de R\u00e9","item":"https:\/\/tamarins.geek-tonic.dev\/de\/"},{"@type":"ListItem","position":2,"name":"Campingplatz mit Sonderangeboten in Charente-Maritime"}]},{"@type":"WebSite","@id":"https:\/\/tamarins.geek-tonic.dev\/de\/#website","url":"https:\/\/tamarins.geek-tonic.dev\/de\/","name":"Camping Tamarin","description":"","publisher":{"@id":"https:\/\/tamarins.geek-tonic.dev\/de\/#organization"},"potentialAction":[{"@type":"SearchAction","target":{"@type":"EntryPoint","urlTemplate":"https:\/\/tamarins.geek-tonic.dev\/de\/?s={search_term_string}"},"query-input":{"@type":"PropertyValueSpecification","valueRequired":true,"valueName":"search_term_string"}}],"inLanguage":"de"},{"@type":"Organization","@id":"https:\/\/tamarins.geek-tonic.dev\/de\/#organization","name":"Camping Tamarin","url":"https:\/\/tamarins.geek-tonic.dev\/de\/","logo":{"@type":"ImageObject","inLanguage":"de","@id":"https:\/\/tamarins.geek-tonic.dev\/de\/#\/schema\/logo\/image\/","url":"https:\/\/tamarins.geek-tonic.dev\/wp-content\/uploads\/sites\/7\/2024\/02\/cropped-logo-Flower-camping-Tamarins-Plage.png","contentUrl":"https:\/\/tamarins.geek-tonic.dev\/wp-content\/uploads\/sites\/7\/2024\/02\/cropped-logo-Flower-camping-Tamarins-Plage.png","width":500,"height":660,"caption":"Camping Tamarin"},"image":{"@id":"https:\/\/tamarins.geek-tonic.dev\/de\/#\/schema\/logo\/image\/"}}]}},"_links":{"self":[{"href":"https:\/\/tamarins.geek-tonic.dev\/de\/wp-json\/wp\/v2\/pages\/1975","targetHints":{"allow":["GET"]}}],"collection":[{"href":"https:\/\/tamarins.geek-tonic.dev\/de\/wp-json\/wp\/v2\/pages"}],"about":[{"href":"https:\/\/tamarins.geek-tonic.dev\/de\/wp-json\/wp\/v2\/types\/page"}],"author":[{"embeddable":true,"href":"https:\/\/tamarins.geek-tonic.dev\/de\/wp-json\/wp\/v2\/users\/1"}],"replies":[{"embeddable":true,"href":"https:\/\/tamarins.geek-tonic.dev\/de\/wp-json\/wp\/v2\/comments?post=1975"}],"version-history":[{"count":5,"href":"https:\/\/tamarins.geek-tonic.dev\/de\/wp-json\/wp\/v2\/pages\/1975\/revisions"}],"predecessor-version":[{"id":2293,"href":"https:\/\/tamarins.geek-tonic.dev\/de\/wp-json\/wp\/v2\/pages\/1975\/revisions\/2293"}],"wp:featuredmedia":[{"embeddable":true,"href":"https:\/\/tamarins.geek-tonic.dev\/de\/wp-json\/wp\/v2\/media\/1983"}],"wp:attachment":[{"href":"https:\/\/tamarins.geek-tonic.dev\/de\/wp-json\/wp\/v2\/media?parent=1975"}],"wp:term":[{"taxonomy":"sujet","embeddable":true,"href":"https:\/\/tamarins.geek-tonic.dev\/de\/wp-json\/wp\/v2\/sujet?post=1975"}],"curies":[{"name":"wp","href":"https:\/\/api.w.org\/{rel}","templated":true}]}}