{"id":1985,"date":"2023-12-19T11:25:12","date_gmt":"2023-12-19T10:25:12","guid":{"rendered":"https:\/\/tamarins.geek-tonic.dev\/campingplatz-flower-ile-de-re\/"},"modified":"2024-04-17T15:38:28","modified_gmt":"2024-04-17T13:38:28","slug":"camping-blumeninsel-von-re","status":"publish","type":"page","link":"https:\/\/tamarins.geek-tonic.dev\/de\/camping-blumeninsel-von-re\/","title":{"rendered":"Unsere Verpflichtungen"},"content":{"rendered":"<section id=\"ls-section-block_2415174fdd2d420e0d3d39d780d3d47b\" class=\"ls-section  page-one has-background has-color-4-background-color has-m-t m-t-0 has-m-b m-b-0 has-p-t p-t-14 has-p-b p-b-14\" >\r\n        <div class=\"container container--wide\">\r\n        \n\n<div class=\"wp-block-columns is-layout-flex wp-container-core-columns-is-layout-1 wp-block-columns-is-layout-flex\">\n<div class=\"wp-block-column animated fadeInLeft delay-100ms slow is-layout-flow wp-block-column-is-layout-flow\" style=\"flex-basis:45%\">\n<figure class=\"wp-block-image size-full\"><a href=\"https:\/\/tamarins.geek-tonic.dev\/wp-content\/uploads\/sites\/7\/2024\/02\/flower-camping-ile-de-re.webp\"><img decoding=\"async\" width=\"1200\" height=\"765\" src=\"https:\/\/tamarins.geek-tonic.dev\/wp-content\/uploads\/sites\/7\/2024\/02\/flower-camping-ile-de-re.webp\" alt=\"flower camping ile de re\" class=\"wp-image-976\" srcset=\"https:\/\/tamarins.geek-tonic.dev\/wp-content\/uploads\/sites\/7\/2024\/02\/flower-camping-ile-de-re.webp 1200w, https:\/\/tamarins.geek-tonic.dev\/wp-content\/uploads\/sites\/7\/2024\/02\/flower-camping-ile-de-re-300x191.webp 300w, https:\/\/tamarins.geek-tonic.dev\/wp-content\/uploads\/sites\/7\/2024\/02\/flower-camping-ile-de-re-1024x653.webp 1024w, https:\/\/tamarins.geek-tonic.dev\/wp-content\/uploads\/sites\/7\/2024\/02\/flower-camping-ile-de-re-768x490.webp 768w\" sizes=\"(max-width: 1200px) 100vw, 1200px\" \/><\/a><\/figure>\n<\/div>\n\n\n\n<div class=\"wp-block-column animated fadeInRight slow is-layout-flow wp-block-column-is-layout-flow\" style=\"flex-basis:55%\">\n<h1 class=\"ls__heading wp-block-heading\">Engagierter Campingplatz auf der Ile de R\u00e9<\/h1>\n\n\n\n<h2 class=\"ls__heading wp-block-heading\">Blumencamping Mitglied<\/h2>\n\n\n\n<p class=\"ls-paragraph\">Seit 2024 <a href=\"https:\/\/tamarins.geek-tonic.dev\/de\/\">Campingplatz Tamarins plage in der Charente-Maritime<\/a><strong> <\/strong>schloss sich der Familie Flower Campings an, dem f\u00fchrenden Netzwerk unabh\u00e4ngiger Franchise-Campingpl\u00e4tze in Frankreich. Flower Campings bietet in ganz Frankreich und insbesondere auf der \u00cele de R\u00e9 Campingaufenthalte an und teilt mit Camping Tamarins plage die gemeinsame Vision, einen von Menschlichkeit gepr\u00e4gten Urlaub in einer liebevoll gestalteten Umgebung in einer herzlichen famili\u00e4ren Atmosph\u00e4re anzubieten.<\/p>\n\n\n\n<p class=\"ls-paragraph\">Durch die <strong>strikte Einhaltung der Flower-Standards<\/strong> personifiziert unser Campingplatz das Campingerlebnis und vermenschlicht jeden Aufenthalt, bei dem Urlauber nicht nur willkommen gehei\u00dfen, sondern auch anerkannt werden.<\/p>\n\n\n\n<p class=\"ls-paragraph\">Die  <strong>Verpflichtungen von Flower Campings<\/strong>  sind minuti\u00f6s in den Alltag unseres Campingplatzes auf der \u00cele de R\u00e9 integriert, mit einem pers\u00f6nlichen Empfang, einem aufmerksamen Zuh\u00f6ren, einer st\u00e4ndigen Verf\u00fcgbarkeit des gesamten Personals, tadellosen Dienstleistungen und Hygiene, einer F\u00f6rderung von  <strong>Reicht\u00fcmer<\/strong> <strong>lokale<\/strong>Die Schule ist ein Ort, an dem man sich wohlf\u00fchlt, an dem die Ruhe und die Umwelt respektiert werden, an dem Sommerveranstaltungen stattfinden, die aber nicht aufdringlich sind, und an dem Qualit\u00e4tsstandards eingehalten werden, die vom Europ\u00e4ischen Parlament zertifiziert wurden.<strong>  Qualit\u00e4tssiegel Qualit\u00e9 Tourisme<\/strong>.<br\/>Dar\u00fcber hinaus ist unser<strong> <\/strong><a href=\"https:\/\/www.flowercampings.com\/page\/programme-de-fidelite-my-flower\" target=\"_blank\" rel=\"noreferrer noopener\">\n  <strong>Treueprogramm My Flower<\/strong>\n<\/a> belohnt die Treue unserer Kunden. Melden Sie sich f\u00fcr das Programm an und profitieren Sie von Rabatten, indem Sie bei jedem gebuchten Aufenthalt auf den Campingpl\u00e4tzen des Unternehmens Punkte sammeln.<\/p>\n<\/div>\n<\/div>\n\n\r\n    <\/div>\r\n<\/section><section id=\"ls-section-block_04d7a6e5d8ffd269903640ce0c79f932\" class=\"ls-section  home-gallery has-background has-color-4-background-color has-m-t m-t-0 has-p-t p-t-0\" >\r\n        <div class=\"container container--full\">\r\n        \n\n<figure class=\"wp-block-gallery has-nested-images columns-1 is-cropped galerie-slider-container wp-block-gallery-1 is-layout-flex wp-block-gallery-is-layout-flex\">\n<figure class=\"wp-block-image size-full\"><a href=\"https:\/\/tamarins.geek-tonic.dev\/wp-content\/uploads\/sites\/7\/2024\/02\/eau-engagement-camping-flower-ile-de-re.webp\"><img decoding=\"async\" width=\"1200\" height=\"765\" src=\"https:\/\/tamarins.geek-tonic.dev\/wp-content\/uploads\/sites\/7\/2024\/02\/eau-engagement-camping-flower-ile-de-re.webp\" alt=\"wasser engagement camping flower ile de re\" class=\"wp-image-979\" srcset=\"https:\/\/tamarins.geek-tonic.dev\/wp-content\/uploads\/sites\/7\/2024\/02\/eau-engagement-camping-flower-ile-de-re.webp 1200w, https:\/\/tamarins.geek-tonic.dev\/wp-content\/uploads\/sites\/7\/2024\/02\/eau-engagement-camping-flower-ile-de-re-300x191.webp 300w, https:\/\/tamarins.geek-tonic.dev\/wp-content\/uploads\/sites\/7\/2024\/02\/eau-engagement-camping-flower-ile-de-re-1024x653.webp 1024w, https:\/\/tamarins.geek-tonic.dev\/wp-content\/uploads\/sites\/7\/2024\/02\/eau-engagement-camping-flower-ile-de-re-768x490.webp 768w\" sizes=\"(max-width: 1200px) 100vw, 1200px\" \/><\/a><\/figure>\n\n\n\n<figure class=\"wp-block-image size-full\"><a href=\"https:\/\/tamarins.geek-tonic.dev\/wp-content\/uploads\/sites\/7\/2024\/02\/mer-engagement-camping-flower-ile-de-re.webp\"><img decoding=\"async\" width=\"1200\" height=\"800\" src=\"https:\/\/tamarins.geek-tonic.dev\/wp-content\/uploads\/sites\/7\/2024\/02\/mer-engagement-camping-flower-ile-de-re.webp\" alt=\"meer engagement camping flower ile de re\" class=\"wp-image-981\" srcset=\"https:\/\/tamarins.geek-tonic.dev\/wp-content\/uploads\/sites\/7\/2024\/02\/mer-engagement-camping-flower-ile-de-re.webp 1200w, https:\/\/tamarins.geek-tonic.dev\/wp-content\/uploads\/sites\/7\/2024\/02\/mer-engagement-camping-flower-ile-de-re-300x200.webp 300w, https:\/\/tamarins.geek-tonic.dev\/wp-content\/uploads\/sites\/7\/2024\/02\/mer-engagement-camping-flower-ile-de-re-1024x683.webp 1024w, https:\/\/tamarins.geek-tonic.dev\/wp-content\/uploads\/sites\/7\/2024\/02\/mer-engagement-camping-flower-ile-de-re-768x512.webp 768w\" sizes=\"(max-width: 1200px) 100vw, 1200px\" \/><\/a><\/figure>\n\n\n\n<figure class=\"wp-block-image size-full\"><a href=\"https:\/\/tamarins.geek-tonic.dev\/wp-content\/uploads\/sites\/7\/2024\/02\/plage-engagement-camping-ile-de-re.webp\"><img decoding=\"async\" width=\"1200\" height=\"765\" src=\"https:\/\/tamarins.geek-tonic.dev\/wp-content\/uploads\/sites\/7\/2024\/02\/plage-engagement-camping-ile-de-re.webp\" alt=\"strand engagement camping ile de re\" class=\"wp-image-983\" srcset=\"https:\/\/tamarins.geek-tonic.dev\/wp-content\/uploads\/sites\/7\/2024\/02\/plage-engagement-camping-ile-de-re.webp 1200w, https:\/\/tamarins.geek-tonic.dev\/wp-content\/uploads\/sites\/7\/2024\/02\/plage-engagement-camping-ile-de-re-300x191.webp 300w, https:\/\/tamarins.geek-tonic.dev\/wp-content\/uploads\/sites\/7\/2024\/02\/plage-engagement-camping-ile-de-re-1024x653.webp 1024w, https:\/\/tamarins.geek-tonic.dev\/wp-content\/uploads\/sites\/7\/2024\/02\/plage-engagement-camping-ile-de-re-768x490.webp 768w\" sizes=\"(max-width: 1200px) 100vw, 1200px\" \/><\/a><\/figure>\n<\/figure>\n\n\r\n    <\/div>\r\n<\/section><section id=\"ls-section-block_7bc2c51c7b0d0e8280be4972d7730723\" class=\"ls-section  page-one aventure\" >\r\n        <div class=\"container container--wide\">\r\n        \n\n<div class=\"wp-block-columns is-layout-flex wp-container-core-columns-is-layout-2 wp-block-columns-is-layout-flex\">\n<div class=\"wp-block-column is-vertically-aligned-center first animated fadeInLeft delay-100ms slow is-layout-flow wp-block-column-is-layout-flow\" style=\"flex-basis:45%\">\n<figure class=\"wp-block-image size-full\"><a href=\"https:\/\/tamarins.geek-tonic.dev\/wp-content\/uploads\/sites\/7\/2024\/02\/maison-herisson-camping-ile-de-re.webp\"><img decoding=\"async\" width=\"1200\" height=\"800\" src=\"https:\/\/tamarins.geek-tonic.dev\/wp-content\/uploads\/sites\/7\/2024\/02\/maison-herisson-camping-ile-de-re.webp\" alt=\"haus herisson camping ile de re\" class=\"wp-image-985\" srcset=\"https:\/\/tamarins.geek-tonic.dev\/wp-content\/uploads\/sites\/7\/2024\/02\/maison-herisson-camping-ile-de-re.webp 1200w, https:\/\/tamarins.geek-tonic.dev\/wp-content\/uploads\/sites\/7\/2024\/02\/maison-herisson-camping-ile-de-re-300x200.webp 300w, https:\/\/tamarins.geek-tonic.dev\/wp-content\/uploads\/sites\/7\/2024\/02\/maison-herisson-camping-ile-de-re-1024x683.webp 1024w, https:\/\/tamarins.geek-tonic.dev\/wp-content\/uploads\/sites\/7\/2024\/02\/maison-herisson-camping-ile-de-re-768x512.webp 768w\" sizes=\"(max-width: 1200px) 100vw, 1200px\" \/><\/a><\/figure>\n<\/div>\n\n\n\n<div class=\"wp-block-column second animated fadeInRight slow is-layout-flow wp-block-column-is-layout-flow\" style=\"flex-basis:55%\">\n<h2 class=\"ls__heading wp-block-heading has-text-align-left\">Unser \u00f6kologisches Engagement<\/h2>\n\n\n\n<p class=\"ls-paragraph\">Auf dem Campingplatz Tamarins Plage widmen wir unsere t\u00e4glichen Bem\u00fchungen der F\u00f6rderung der Artenvielfalt. Erkunden Sie unsere verschiedenen Einrichtungen f\u00fcr unsere tierischen Freunde, darunter <strong>Nistk\u00e4sten<\/strong> f\u00fcr Flederm\u00e4use und V\u00f6gel, ein Marienk\u00e4ferhaus, ein<strong> Igelhaus<\/strong>, ein <strong>Insektenhotel<\/strong> und ein <strong>Bienenstock<\/strong> f\u00fcr solit\u00e4re Bienen.<\/p>\n\n\n\n<p class=\"ls-paragraph\">Im Rahmen unseres Engagements f\u00fcr nachhaltige Entwicklung und \u00d6kologie hat unser Campingplatz am Meer zahlreiche Einrichtungen zum Schutz unseres Planeten geschaffen. Dazu geh\u00f6ren eine Blumenwiese, solarbetriebene Lampen, LED-Gl\u00fchbirnen, als umweltfreundlich eingestufte und mit dem Cl\u00e9 Verte-Siegel ausgezeichnete Wohnmobile, batteriebetriebene Elektrowerkzeuge, Perlatoren in Wasserh\u00e4hnen zum Wassersparen, Toiletten mit doppelter Sp\u00fclung in den Unterk\u00fcnften und ein Tropfsystem f\u00fcr die Bew\u00e4sserung. Die selektive Sortierung ist auch in den Campingplatz integriert, mit einer speziellen Stelle.<\/p>\n\n\n\n<p class=\"ls-paragraph\">Nutzen Sie Ihr Fahrrad, um die \u00cele de R\u00e9 zu erkunden, ein umweltfreundliches Verkehrsmittel, das Sie an der Rezeption mieten k\u00f6nnen. Im Lebensmittelladen des Campingplatzes k\u00f6nnen Sie biologische und regionale Produkte kaufen.<\/p>\n\n\n\n<p class=\"ls-paragraph\">Um unsere Umweltauswirkungen zu verringern, haben wir unser Begr\u00fc\u00dfungsheft mithilfe <strong>der mobilen App Flower Campings<\/strong> papierlos gestaltet und so die Anzahl der Papierausdrucke reduziert. Die Dokumentation an der Rezeption kann eingesehen werden, und Rechnungen werden auf Wunsch ausgestellt.<\/p>\n<\/div>\n<\/div>\n\n\r\n    <\/div>\r\n<\/section><section id=\"ls-section-block_840a5da415f0e602514014d2f0497873\" class=\"ls-section  page-maillage experience has-p-t p-t-0\" >\r\n        <div class=\"container container--wide\">\r\n        \n\n<div id=\"ls-heading ls-titre-div-block_b3fef629de6a62992338f2e0b52056de\" class=\"ls-titre-div aligncenter h2-like\" >\n    <strong>Entdecken <\/strong> Sie unseren Service, unsere Unterk\u00fcnfte und unsere Leistungen f\u00fcr Gruppen<\/div>\n\n\n<div id=\"ls-maillage-block_0e0289b025975c4f9c5522258704537e\" class=\"ls-maillage cta-style-normal\" data-rows=\"3\">\n    <div class=\"wp-block-columns\"><div class=\"wp-block-column\"><div id=\"destinations\" class=\"ls-cta\">\n\n<a href=\"https:\/\/tamarins.geek-tonic.dev\/de\/familien-camping-insel-von-re\/\" target=\"\" rel=\"noopener\" class=\"ls-cta__link\">\n\n\t<div class=\"ls-cta__image\"><img decoding=\"async\" src=\"https:\/\/tamarins.geek-tonic.dev\/wp-content\/uploads\/sites\/7\/2024\/02\/services-camping-ile-de-re-1.webp\" alt=\"dienstleistungen zelten ile de re\"><\/div>\n\t<div class=\"ls-cta__title\">\n\t\tDie Dienste\t<\/div>\n\n\t\t\n<\/a><\/div><\/div><div class=\"wp-block-column\"><div id=\"destinations\" class=\"ls-cta\">\n\n<a href=\"https:\/\/tamarins.geek-tonic.dev\/de\/vermietung-mobil-home-ile-de-re\/\" target=\"\" rel=\"noopener\" class=\"ls-cta__link\">\n\n\t<div class=\"ls-cta__image\"><img decoding=\"async\" src=\"https:\/\/tamarins.geek-tonic.dev\/wp-content\/uploads\/sites\/7\/2024\/02\/flower-camping-ile-de-re.webp\" alt=\"flower camping ile de re\"><\/div>\n\t<div class=\"ls-cta__title\">\n\t\tUnsere Vermietungen\t<\/div>\n\n\t\t\n<\/a><\/div><\/div><div class=\"wp-block-column\"><div id=\"destinations\" class=\"ls-cta\">\n\n<a href=\"https:\/\/tamarins.geek-tonic.dev\/de\/camping-group-ile-de-re\/\" target=\"\" rel=\"noopener\" class=\"ls-cta__link\">\n\n\t<div class=\"ls-cta__image\"><img decoding=\"async\" src=\"https:\/\/tamarins.geek-tonic.dev\/wp-content\/uploads\/sites\/7\/2024\/02\/groupe-seminaire-camping-ile-de-re.webp\" alt=\"seminargruppe camping ile de re\"><\/div>\n\t<div class=\"ls-cta__title\">\n\t\tGruppen und Betriebsr\u00e4te\t<\/div>\n\n\t\t\n<\/a><\/div><\/div><\/div><\/div>\n\r\n    <\/div>\r\n<\/section>","protected":false},"excerpt":{"rendered":"","protected":false},"author":1,"featured_media":1714,"parent":0,"menu_order":0,"comment_status":"closed","ping_status":"closed","template":"","meta":{"_acf_changed":false,"footnotes":""},"sujet":[],"class_list":["post-1985","page","type-page","status-publish","has-post-thumbnail","hentry"],"acf":[],"yoast_head":"<!-- This site is optimized with the Yoast SEO plugin v23.9 - https:\/\/yoast.com\/wordpress\/plugins\/seo\/ -->\n<title>\u00d6kologisch engagierter Flower-Campingplatz auf der \u00cele de R\u00e9<\/title>\n<meta name=\"description\" content=\"Entdecken Sie die \u00f6kologischen Verpflichtungen Ihres Campingplatzes Flower Tamarins Plage f\u00fcr einen nachhaltigen Urlaub auf der Ile de R\u00e9.\" \/>\n<meta name=\"robots\" content=\"noindex, follow, max-snippet:-1, max-image-preview:large, max-video-preview:-1\" \/>\n<meta property=\"og:locale\" content=\"de_DE\" \/>\n<meta property=\"og:type\" content=\"article\" \/>\n<meta property=\"og:title\" content=\"\u00d6kologisch engagierter Flower-Campingplatz auf der \u00cele de R\u00e9\" \/>\n<meta property=\"og:description\" content=\"Entdecken Sie die \u00f6kologischen Verpflichtungen Ihres Campingplatzes Flower Tamarins Plage f\u00fcr einen nachhaltigen Urlaub auf der Ile de R\u00e9.\" \/>\n<meta property=\"og:url\" content=\"https:\/\/tamarins.geek-tonic.dev\/de\/camping-blumeninsel-von-re\/\" \/>\n<meta property=\"og:site_name\" content=\"Camping Tamarin\" \/>\n<meta property=\"article:modified_time\" content=\"2024-04-17T13:38:28+00:00\" \/>\n<meta property=\"og:image\" content=\"https:\/\/tamarins.geek-tonic.dev\/wp-content\/uploads\/sites\/7\/2024\/02\/engagements-camping-flower-ili-de-re-1.webp\" \/>\n\t<meta property=\"og:image:width\" content=\"2000\" \/>\n\t<meta property=\"og:image:height\" content=\"1333\" \/>\n\t<meta property=\"og:image:type\" content=\"image\/webp\" \/>\n<meta name=\"twitter:card\" content=\"summary_large_image\" \/>\n<meta name=\"twitter:label1\" content=\"Gesch\u00e4tzte Lesezeit\" \/>\n\t<meta name=\"twitter:data1\" content=\"2\u00a0Minuten\" \/>\n<script type=\"application\/ld+json\" class=\"yoast-schema-graph\">{\"@context\":\"https:\/\/schema.org\",\"@graph\":[{\"@type\":\"WebPage\",\"@id\":\"https:\/\/tamarins.geek-tonic.dev\/de\/camping-blumeninsel-von-re\/\",\"url\":\"https:\/\/tamarins.geek-tonic.dev\/de\/camping-blumeninsel-von-re\/\",\"name\":\"\u00d6kologisch engagierter Flower-Campingplatz auf der \u00cele de R\u00e9\",\"isPartOf\":{\"@id\":\"https:\/\/tamarins.geek-tonic.dev\/de\/#website\"},\"primaryImageOfPage\":{\"@id\":\"https:\/\/tamarins.geek-tonic.dev\/de\/camping-blumeninsel-von-re\/#primaryimage\"},\"image\":{\"@id\":\"https:\/\/tamarins.geek-tonic.dev\/de\/camping-blumeninsel-von-re\/#primaryimage\"},\"thumbnailUrl\":\"https:\/\/tamarins.geek-tonic.dev\/wp-content\/uploads\/sites\/7\/2024\/02\/engagements-camping-flower-ili-de-re-1.webp\",\"datePublished\":\"2023-12-19T10:25:12+00:00\",\"dateModified\":\"2024-04-17T13:38:28+00:00\",\"description\":\"Entdecken Sie die \u00f6kologischen Verpflichtungen Ihres Campingplatzes Flower Tamarins Plage f\u00fcr einen nachhaltigen Urlaub auf der Ile de R\u00e9.\",\"breadcrumb\":{\"@id\":\"https:\/\/tamarins.geek-tonic.dev\/de\/camping-blumeninsel-von-re\/#breadcrumb\"},\"inLanguage\":\"de\",\"potentialAction\":[{\"@type\":\"ReadAction\",\"target\":[\"https:\/\/tamarins.geek-tonic.dev\/de\/camping-blumeninsel-von-re\/\"]}]},{\"@type\":\"ImageObject\",\"inLanguage\":\"de\",\"@id\":\"https:\/\/tamarins.geek-tonic.dev\/de\/camping-blumeninsel-von-re\/#primaryimage\",\"url\":\"https:\/\/tamarins.geek-tonic.dev\/wp-content\/uploads\/sites\/7\/2024\/02\/engagements-camping-flower-ili-de-re-1.webp\",\"contentUrl\":\"https:\/\/tamarins.geek-tonic.dev\/wp-content\/uploads\/sites\/7\/2024\/02\/engagements-camping-flower-ili-de-re-1.webp\",\"width\":2000,\"height\":1333,\"caption\":\"verpflichtungen camping flower ili de re\"},{\"@type\":\"BreadcrumbList\",\"@id\":\"https:\/\/tamarins.geek-tonic.dev\/de\/camping-blumeninsel-von-re\/#breadcrumb\",\"itemListElement\":[{\"@type\":\"ListItem\",\"position\":1,\"name\":\"Camping sur l\u2019\u00eele de R\u00e9\",\"item\":\"https:\/\/tamarins.geek-tonic.dev\/de\/\"},{\"@type\":\"ListItem\",\"position\":2,\"name\":\"Campingplatz Flower in Charente-Maritime\"}]},{\"@type\":\"WebSite\",\"@id\":\"https:\/\/tamarins.geek-tonic.dev\/de\/#website\",\"url\":\"https:\/\/tamarins.geek-tonic.dev\/de\/\",\"name\":\"Camping Tamarin\",\"description\":\"\",\"publisher\":{\"@id\":\"https:\/\/tamarins.geek-tonic.dev\/de\/#organization\"},\"potentialAction\":[{\"@type\":\"SearchAction\",\"target\":{\"@type\":\"EntryPoint\",\"urlTemplate\":\"https:\/\/tamarins.geek-tonic.dev\/de\/?s={search_term_string}\"},\"query-input\":{\"@type\":\"PropertyValueSpecification\",\"valueRequired\":true,\"valueName\":\"search_term_string\"}}],\"inLanguage\":\"de\"},{\"@type\":\"Organization\",\"@id\":\"https:\/\/tamarins.geek-tonic.dev\/de\/#organization\",\"name\":\"Camping Tamarin\",\"url\":\"https:\/\/tamarins.geek-tonic.dev\/de\/\",\"logo\":{\"@type\":\"ImageObject\",\"inLanguage\":\"de\",\"@id\":\"https:\/\/tamarins.geek-tonic.dev\/de\/#\/schema\/logo\/image\/\",\"url\":\"https:\/\/tamarins.geek-tonic.dev\/wp-content\/uploads\/sites\/7\/2024\/02\/cropped-logo-Flower-camping-Tamarins-Plage.png\",\"contentUrl\":\"https:\/\/tamarins.geek-tonic.dev\/wp-content\/uploads\/sites\/7\/2024\/02\/cropped-logo-Flower-camping-Tamarins-Plage.png\",\"width\":500,\"height\":660,\"caption\":\"Camping Tamarin\"},\"image\":{\"@id\":\"https:\/\/tamarins.geek-tonic.dev\/de\/#\/schema\/logo\/image\/\"}}]}<\/script>\n<!-- \/ Yoast SEO plugin. -->","yoast_head_json":{"title":"\u00d6kologisch engagierter Flower-Campingplatz auf der \u00cele de R\u00e9","description":"Entdecken Sie die \u00f6kologischen Verpflichtungen Ihres Campingplatzes Flower Tamarins Plage f\u00fcr einen nachhaltigen Urlaub auf der Ile de R\u00e9.","robots":{"index":"noindex","follow":"follow","max-snippet":"max-snippet:-1","max-image-preview":"max-image-preview:large","max-video-preview":"max-video-preview:-1"},"og_locale":"de_DE","og_type":"article","og_title":"\u00d6kologisch engagierter Flower-Campingplatz auf der \u00cele de R\u00e9","og_description":"Entdecken Sie die \u00f6kologischen Verpflichtungen Ihres Campingplatzes Flower Tamarins Plage f\u00fcr einen nachhaltigen Urlaub auf der Ile de R\u00e9.","og_url":"https:\/\/tamarins.geek-tonic.dev\/de\/camping-blumeninsel-von-re\/","og_site_name":"Camping Tamarin","article_modified_time":"2024-04-17T13:38:28+00:00","og_image":[{"width":2000,"height":1333,"url":"https:\/\/tamarins.geek-tonic.dev\/wp-content\/uploads\/sites\/7\/2024\/02\/engagements-camping-flower-ili-de-re-1.webp","type":"image\/webp"}],"twitter_card":"summary_large_image","twitter_misc":{"Gesch\u00e4tzte Lesezeit":"2\u00a0Minuten"},"schema":{"@context":"https:\/\/schema.org","@graph":[{"@type":"WebPage","@id":"https:\/\/tamarins.geek-tonic.dev\/de\/camping-blumeninsel-von-re\/","url":"https:\/\/tamarins.geek-tonic.dev\/de\/camping-blumeninsel-von-re\/","name":"\u00d6kologisch engagierter Flower-Campingplatz auf der \u00cele de R\u00e9","isPartOf":{"@id":"https:\/\/tamarins.geek-tonic.dev\/de\/#website"},"primaryImageOfPage":{"@id":"https:\/\/tamarins.geek-tonic.dev\/de\/camping-blumeninsel-von-re\/#primaryimage"},"image":{"@id":"https:\/\/tamarins.geek-tonic.dev\/de\/camping-blumeninsel-von-re\/#primaryimage"},"thumbnailUrl":"https:\/\/tamarins.geek-tonic.dev\/wp-content\/uploads\/sites\/7\/2024\/02\/engagements-camping-flower-ili-de-re-1.webp","datePublished":"2023-12-19T10:25:12+00:00","dateModified":"2024-04-17T13:38:28+00:00","description":"Entdecken Sie die \u00f6kologischen Verpflichtungen Ihres Campingplatzes Flower Tamarins Plage f\u00fcr einen nachhaltigen Urlaub auf der Ile de R\u00e9.","breadcrumb":{"@id":"https:\/\/tamarins.geek-tonic.dev\/de\/camping-blumeninsel-von-re\/#breadcrumb"},"inLanguage":"de","potentialAction":[{"@type":"ReadAction","target":["https:\/\/tamarins.geek-tonic.dev\/de\/camping-blumeninsel-von-re\/"]}]},{"@type":"ImageObject","inLanguage":"de","@id":"https:\/\/tamarins.geek-tonic.dev\/de\/camping-blumeninsel-von-re\/#primaryimage","url":"https:\/\/tamarins.geek-tonic.dev\/wp-content\/uploads\/sites\/7\/2024\/02\/engagements-camping-flower-ili-de-re-1.webp","contentUrl":"https:\/\/tamarins.geek-tonic.dev\/wp-content\/uploads\/sites\/7\/2024\/02\/engagements-camping-flower-ili-de-re-1.webp","width":2000,"height":1333,"caption":"verpflichtungen camping flower ili de re"},{"@type":"BreadcrumbList","@id":"https:\/\/tamarins.geek-tonic.dev\/de\/camping-blumeninsel-von-re\/#breadcrumb","itemListElement":[{"@type":"ListItem","position":1,"name":"Camping sur l\u2019\u00eele de R\u00e9","item":"https:\/\/tamarins.geek-tonic.dev\/de\/"},{"@type":"ListItem","position":2,"name":"Campingplatz Flower in Charente-Maritime"}]},{"@type":"WebSite","@id":"https:\/\/tamarins.geek-tonic.dev\/de\/#website","url":"https:\/\/tamarins.geek-tonic.dev\/de\/","name":"Camping Tamarin","description":"","publisher":{"@id":"https:\/\/tamarins.geek-tonic.dev\/de\/#organization"},"potentialAction":[{"@type":"SearchAction","target":{"@type":"EntryPoint","urlTemplate":"https:\/\/tamarins.geek-tonic.dev\/de\/?s={search_term_string}"},"query-input":{"@type":"PropertyValueSpecification","valueRequired":true,"valueName":"search_term_string"}}],"inLanguage":"de"},{"@type":"Organization","@id":"https:\/\/tamarins.geek-tonic.dev\/de\/#organization","name":"Camping Tamarin","url":"https:\/\/tamarins.geek-tonic.dev\/de\/","logo":{"@type":"ImageObject","inLanguage":"de","@id":"https:\/\/tamarins.geek-tonic.dev\/de\/#\/schema\/logo\/image\/","url":"https:\/\/tamarins.geek-tonic.dev\/wp-content\/uploads\/sites\/7\/2024\/02\/cropped-logo-Flower-camping-Tamarins-Plage.png","contentUrl":"https:\/\/tamarins.geek-tonic.dev\/wp-content\/uploads\/sites\/7\/2024\/02\/cropped-logo-Flower-camping-Tamarins-Plage.png","width":500,"height":660,"caption":"Camping Tamarin"},"image":{"@id":"https:\/\/tamarins.geek-tonic.dev\/de\/#\/schema\/logo\/image\/"}}]}},"_links":{"self":[{"href":"https:\/\/tamarins.geek-tonic.dev\/de\/wp-json\/wp\/v2\/pages\/1985","targetHints":{"allow":["GET"]}}],"collection":[{"href":"https:\/\/tamarins.geek-tonic.dev\/de\/wp-json\/wp\/v2\/pages"}],"about":[{"href":"https:\/\/tamarins.geek-tonic.dev\/de\/wp-json\/wp\/v2\/types\/page"}],"author":[{"embeddable":true,"href":"https:\/\/tamarins.geek-tonic.dev\/de\/wp-json\/wp\/v2\/users\/1"}],"replies":[{"embeddable":true,"href":"https:\/\/tamarins.geek-tonic.dev\/de\/wp-json\/wp\/v2\/comments?post=1985"}],"version-history":[{"count":4,"href":"https:\/\/tamarins.geek-tonic.dev\/de\/wp-json\/wp\/v2\/pages\/1985\/revisions"}],"predecessor-version":[{"id":2289,"href":"https:\/\/tamarins.geek-tonic.dev\/de\/wp-json\/wp\/v2\/pages\/1985\/revisions\/2289"}],"wp:featuredmedia":[{"embeddable":true,"href":"https:\/\/tamarins.geek-tonic.dev\/de\/wp-json\/wp\/v2\/media\/1714"}],"wp:attachment":[{"href":"https:\/\/tamarins.geek-tonic.dev\/de\/wp-json\/wp\/v2\/media?parent=1985"}],"wp:term":[{"taxonomy":"sujet","embeddable":true,"href":"https:\/\/tamarins.geek-tonic.dev\/de\/wp-json\/wp\/v2\/sujet?post=1985"}],"curies":[{"name":"wp","href":"https:\/\/api.w.org\/{rel}","templated":true}]}}