{"id":1995,"date":"2024-02-16T15:34:54","date_gmt":"2024-02-16T14:34:54","guid":{"rendered":"https:\/\/tamarins.geek-tonic.dev\/campingplatz-la-rochelle\/"},"modified":"2024-04-08T13:23:08","modified_gmt":"2024-04-08T11:23:08","slug":"camping-la-rochelle","status":"publish","type":"page","link":"https:\/\/tamarins.geek-tonic.dev\/de\/camping-la-rochelle\/","title":{"rendered":"La Rochelle"},"content":{"rendered":"<section id=\"ls-section-block_5fe1dc32795864ad6bb17ba0b9f96f16\" class=\"ls-section  page-one has-background has-color-4-background-color has-m-t m-t-0 has-m-b m-b-0 has-p-t p-t-14 has-p-b p-b-14\" >\r\n        <div class=\"container container--wide\">\r\n        \n\n<div class=\"wp-block-columns is-layout-flex wp-container-core-columns-is-layout-1 wp-block-columns-is-layout-flex\">\n<div class=\"wp-block-column animated fadeInLeft delay-100ms slow is-layout-flow wp-block-column-is-layout-flow\" style=\"flex-basis:45%\">\n<figure class=\"wp-block-image size-full\"><a href=\"https:\/\/tamarins.geek-tonic.dev\/wp-content\/uploads\/sites\/7\/2024\/02\/visite-la-rochelle-camping-ile-de-re.webp\"><img decoding=\"async\" width=\"1200\" height=\"800\" src=\"https:\/\/tamarins.geek-tonic.dev\/wp-content\/uploads\/sites\/7\/2024\/02\/visite-la-rochelle-camping-ile-de-re.webp\" alt=\"besuch la rochelle camping ile de re\" class=\"wp-image-1171\" srcset=\"https:\/\/tamarins.geek-tonic.dev\/wp-content\/uploads\/sites\/7\/2024\/02\/visite-la-rochelle-camping-ile-de-re.webp 1200w, https:\/\/tamarins.geek-tonic.dev\/wp-content\/uploads\/sites\/7\/2024\/02\/visite-la-rochelle-camping-ile-de-re-300x200.webp 300w, https:\/\/tamarins.geek-tonic.dev\/wp-content\/uploads\/sites\/7\/2024\/02\/visite-la-rochelle-camping-ile-de-re-1024x683.webp 1024w, https:\/\/tamarins.geek-tonic.dev\/wp-content\/uploads\/sites\/7\/2024\/02\/visite-la-rochelle-camping-ile-de-re-768x512.webp 768w\" sizes=\"(max-width: 1200px) 100vw, 1200px\" \/><\/a><\/figure>\n<\/div>\n\n\n\n<div class=\"wp-block-column is-vertically-aligned-center animated fadeInRight slow is-layout-flow wp-block-column-is-layout-flow\" style=\"flex-basis:55%\">\n<h1 class=\"ls__heading wp-block-heading\">Entdecken Sie La Rochelle<\/h1>\n\n\n\n<h2 class=\"ls__heading wp-block-heading\">Zu besuchen<\/h2>\n\n\n\n<p class=\"ls-paragraph\">In La Rochelle, 40 Minuten von unserem <a href=\"https:\/\/tamarins.geek-tonic.dev\/de\/\">Campingplatz Tamarins Plage<\/a> entfernt, bieten sich den Besuchern zahlreiche familienfreundliche Aktivit\u00e4ten, die die <strong>Hafenstadt<\/strong> zu einem idealen Ziel f\u00fcr einen unvergesslichen Urlaub machen. Die <strong>Altstadt<\/strong> mit ihren <strong>charmanten<\/strong> Kopfsteinpflasterstra\u00dfen ist der perfekte Ausgangspunkt. Schlendern Sie durch die Gassen und saugen Sie die <strong>entspannte<\/strong> <strong>Atmosph\u00e4re<\/strong> <strong>der<\/strong> <strong>Stadt<\/strong> auf, indem Sie in den <strong>gem\u00fctlichen<\/strong> <strong>Caf\u00e9s<\/strong> und <strong>Handwerksl\u00e4den<\/strong> entlang der Uferpromenade einkehren.<\/p>\n\n\n\n<p class=\"ls-paragraph\">F\u00fcr ein lehrreiches und unterhaltsames Erlebnis besuchen Sie <a href=\"https:\/\/www.aquarium-larochelle.com\/\" target=\"_blank\" rel=\"noreferrer noopener\">das Aquarium von La Rochelle<\/a>. Mit einer blendenden Meeresvielfalt haben Kinder die Chance, faszinierende Arten zu entdecken und <strong>interaktiven<\/strong> <strong>Shows<\/strong> beizuwohnen.  <\/p>\n\n\n\n<p class=\"ls-paragraph\"><a href=\"https:\/\/www.larochelle-tourisme.com\/decouvrir\/flaneries-citadines\/parcs-et-jardins\/le-jardin-des-plantes\" target=\"_blank\" rel=\"noreferrer noopener\">Der Jardin des Plantes<\/a> im Herzen der Stadt, diese <strong>weitl\u00e4ufigen<\/strong> <strong>G\u00e4rten<\/strong> und die<strong> Spielpl\u00e4tze<\/strong> machen ihn zu einem idealen Ort f\u00fcr ein Familienpicknick.<\/p>\n<\/div>\n<\/div>\n\n\r\n    <\/div>\r\n<\/section><section id=\"ls-section-block_0710b281c2b5074f74f6593e0dcfb95b\" class=\"ls-section  home-gallery has-background has-color-4-background-color has-m-t m-t-0 has-p-t p-t-0\" >\r\n        <div class=\"container container--full\">\r\n        \n\n<figure class=\"wp-block-gallery has-nested-images columns-1 is-cropped galerie-slider-container wp-block-gallery-1 is-layout-flex wp-block-gallery-is-layout-flex\">\n<figure class=\"wp-block-image size-full\"><a href=\"https:\/\/tamarins.geek-tonic.dev\/wp-content\/uploads\/sites\/7\/2024\/02\/aquarium-la-rochelle-camping-ile-de-re.webp\"><img decoding=\"async\" width=\"2000\" height=\"1333\" src=\"https:\/\/tamarins.geek-tonic.dev\/wp-content\/uploads\/sites\/7\/2024\/02\/aquarium-la-rochelle-camping-ile-de-re.webp\" alt=\"aquarium la rochelle camping ile de re\" class=\"wp-image-1193\" srcset=\"https:\/\/tamarins.geek-tonic.dev\/wp-content\/uploads\/sites\/7\/2024\/02\/aquarium-la-rochelle-camping-ile-de-re.webp 2000w, https:\/\/tamarins.geek-tonic.dev\/wp-content\/uploads\/sites\/7\/2024\/02\/aquarium-la-rochelle-camping-ile-de-re-300x200.webp 300w, https:\/\/tamarins.geek-tonic.dev\/wp-content\/uploads\/sites\/7\/2024\/02\/aquarium-la-rochelle-camping-ile-de-re-1024x682.webp 1024w, https:\/\/tamarins.geek-tonic.dev\/wp-content\/uploads\/sites\/7\/2024\/02\/aquarium-la-rochelle-camping-ile-de-re-768x512.webp 768w, https:\/\/tamarins.geek-tonic.dev\/wp-content\/uploads\/sites\/7\/2024\/02\/aquarium-la-rochelle-camping-ile-de-re-1536x1024.webp 1536w\" sizes=\"(max-width: 2000px) 100vw, 2000px\" \/><\/a><\/figure>\n\n\n\n<figure class=\"wp-block-image size-full\"><a href=\"https:\/\/tamarins.geek-tonic.dev\/wp-content\/uploads\/sites\/7\/2024\/02\/festival-musique-la-rochelle-camping-ile-de-re.webp\"><img decoding=\"async\" width=\"2000\" height=\"1333\" src=\"https:\/\/tamarins.geek-tonic.dev\/wp-content\/uploads\/sites\/7\/2024\/02\/festival-musique-la-rochelle-camping-ile-de-re.webp\" alt=\"festival musique la rochelle camping ile de re\" class=\"wp-image-1195\" srcset=\"https:\/\/tamarins.geek-tonic.dev\/wp-content\/uploads\/sites\/7\/2024\/02\/festival-musique-la-rochelle-camping-ile-de-re.webp 2000w, https:\/\/tamarins.geek-tonic.dev\/wp-content\/uploads\/sites\/7\/2024\/02\/festival-musique-la-rochelle-camping-ile-de-re-300x200.webp 300w, https:\/\/tamarins.geek-tonic.dev\/wp-content\/uploads\/sites\/7\/2024\/02\/festival-musique-la-rochelle-camping-ile-de-re-1024x682.webp 1024w, https:\/\/tamarins.geek-tonic.dev\/wp-content\/uploads\/sites\/7\/2024\/02\/festival-musique-la-rochelle-camping-ile-de-re-768x512.webp 768w, https:\/\/tamarins.geek-tonic.dev\/wp-content\/uploads\/sites\/7\/2024\/02\/festival-musique-la-rochelle-camping-ile-de-re-1536x1024.webp 1536w\" sizes=\"(max-width: 2000px) 100vw, 2000px\" \/><\/a><\/figure>\n\n\n\n<figure class=\"wp-block-image size-full\"><a href=\"https:\/\/tamarins.geek-tonic.dev\/wp-content\/uploads\/sites\/7\/2024\/02\/ville-tourisme-la-rochelle-campin-il-de-re.webp\"><img decoding=\"async\" width=\"2000\" height=\"1333\" src=\"https:\/\/tamarins.geek-tonic.dev\/wp-content\/uploads\/sites\/7\/2024\/02\/ville-tourisme-la-rochelle-campin-il-de-re.webp\" alt=\"ville tourisme la rochelle campin il de re\" class=\"wp-image-1197\" srcset=\"https:\/\/tamarins.geek-tonic.dev\/wp-content\/uploads\/sites\/7\/2024\/02\/ville-tourisme-la-rochelle-campin-il-de-re.webp 2000w, https:\/\/tamarins.geek-tonic.dev\/wp-content\/uploads\/sites\/7\/2024\/02\/ville-tourisme-la-rochelle-campin-il-de-re-300x200.webp 300w, https:\/\/tamarins.geek-tonic.dev\/wp-content\/uploads\/sites\/7\/2024\/02\/ville-tourisme-la-rochelle-campin-il-de-re-1024x682.webp 1024w, https:\/\/tamarins.geek-tonic.dev\/wp-content\/uploads\/sites\/7\/2024\/02\/ville-tourisme-la-rochelle-campin-il-de-re-768x512.webp 768w, https:\/\/tamarins.geek-tonic.dev\/wp-content\/uploads\/sites\/7\/2024\/02\/ville-tourisme-la-rochelle-campin-il-de-re-1536x1024.webp 1536w\" sizes=\"(max-width: 2000px) 100vw, 2000px\" \/><\/a><\/figure>\n<\/figure>\n\n\r\n    <\/div>\r\n<\/section><section id=\"ls-section-block_c3a62085bad19e17b41f8583e29a5a4a\" class=\"ls-section  page-one aventure\" >\r\n        <div class=\"container container--wide\">\r\n        \n\n<div class=\"wp-block-columns is-layout-flex wp-container-core-columns-is-layout-2 wp-block-columns-is-layout-flex\">\n<div class=\"wp-block-column first animated fadeInLeft delay-100ms slow is-layout-flow wp-block-column-is-layout-flow\" style=\"flex-basis:45%\">\n<figure class=\"wp-block-image size-full\"><a href=\"https:\/\/tamarins.geek-tonic.dev\/wp-content\/uploads\/sites\/7\/2024\/02\/activites-la-rochelle-camping-ile-de-re.webp\"><img decoding=\"async\" width=\"1200\" height=\"800\" src=\"https:\/\/tamarins.geek-tonic.dev\/wp-content\/uploads\/sites\/7\/2024\/02\/activites-la-rochelle-camping-ile-de-re.webp\" alt=\"aktivit&#xE4;ten la rochelle camping ile de re\" class=\"wp-image-1173\" srcset=\"https:\/\/tamarins.geek-tonic.dev\/wp-content\/uploads\/sites\/7\/2024\/02\/activites-la-rochelle-camping-ile-de-re.webp 1200w, https:\/\/tamarins.geek-tonic.dev\/wp-content\/uploads\/sites\/7\/2024\/02\/activites-la-rochelle-camping-ile-de-re-300x200.webp 300w, https:\/\/tamarins.geek-tonic.dev\/wp-content\/uploads\/sites\/7\/2024\/02\/activites-la-rochelle-camping-ile-de-re-1024x683.webp 1024w, https:\/\/tamarins.geek-tonic.dev\/wp-content\/uploads\/sites\/7\/2024\/02\/activites-la-rochelle-camping-ile-de-re-768x512.webp 768w\" sizes=\"(max-width: 1200px) 100vw, 1200px\" \/><\/a><\/figure>\n<\/div>\n\n\n\n<div class=\"wp-block-column is-vertically-aligned-center second animated fadeInRight slow is-layout-flow wp-block-column-is-layout-flow\" style=\"flex-basis:55%\">\n<h2 class=\"ls__heading wp-block-heading has-text-align-left\">Die Aktivit\u00e4ten<\/h2>\n\n\n\n<p class=\"ls-paragraph\">An <strong>Wassersportaktivit\u00e4ten<\/strong> kommt man in La Rochelle nicht vorbei. Im April wird die Saison lebendig und bietet Familien die M\u00f6glichkeit, sich auf das Meer zu wagen. Begeben Sie sich auf eine <strong>Katamaranfahrt<\/strong> oder erkunden Sie die Umgebung <strong>mit<\/strong> dem Kajak. An den Str\u00e4nden, wie z. B. dem <strong>Concurrence<\/strong> Beach, finden sich die ersten mutigen Badeg\u00e4ste ein.<\/p>\n\n\n\n<p class=\"ls-paragraph\">La Rochelle feiert seinen kulturellen Reichtum mit <strong>Musikveranstaltungen<\/strong>, <strong>Open-Air-Kinofestivals<\/strong> und <strong>Auff\u00fchrungen<\/strong> <strong>f\u00fcr<\/strong> <strong>Kinder<\/strong>. Diese Feierlichkeiten beleben die Stadt Tag und Nacht und bieten Familien ein umfassendes und immersives Erlebnis, das in der warmen und gastfreundlichen Essenz der <strong>&#8222;wei\u00dfen Stadt&#8220;<\/strong> verankert ist.<\/p>\n<\/div>\n<\/div>\n\n\r\n    <\/div>\r\n<\/section><section id=\"ls-section-block_7d4b74bc419c6788a42b195252181d5a\" class=\"ls-section  page-one has-background has-color-4-background-color has-p-t p-t-14\" >\r\n        <div class=\"container container--wide\">\r\n        \n\n<div class=\"wp-block-columns is-layout-flex wp-container-core-columns-is-layout-3 wp-block-columns-is-layout-flex\">\n<div class=\"wp-block-column is-vertically-aligned-center first animated fadeInLeft slow is-layout-flow wp-block-column-is-layout-flow\" style=\"flex-basis:55%\">\n<h2 class=\"ls__heading wp-block-heading\">Die Must-Haves<\/h2>\n\n\n\n<p class=\"ls-paragraph\">Der lebhafte und farbenfrohe<strong> Alte Hafen von La Rochelle<\/strong> wird zu Beginn des Fr\u00fchlings noch pulsierender. Die <strong>lokalen<\/strong> <strong>M\u00e4rkte<\/strong> breiten sich mit St\u00e4nden aus, an denen frische Lebensmittel, k\u00f6stliches Geb\u00e4ck und regionales Kunsthandwerk angeboten werden.<\/p>\n\n\n\n<p class=\"ls-paragraph\">Der<strong> Tour de la Cha\u00eene<\/strong> und der <strong>Tour Saint-Nicolas<\/strong> bieten einen Panoramablick auf die Stadt und das Meer und ziehen Jung und Alt in ihren Bann.  <\/p>\n\n\n\n<p class=\"ls-paragraph\">Wie k\u00f6nnte man durch La Rochelle fahren, ohne den <strong>Rugbyverein<\/strong> <a href=\"https:\/\/www.staderochelais.com\/\" target=\"_blank\" rel=\"noreferrer noopener\">Stade Rochelais<\/a> zu erw\u00e4hnen. <strong>Die elektrisierende Atmosph\u00e4re des Stadions<\/strong> in Verbindung mit dem reichen Erbe des Vereins macht Stade Rochelais zu einer sportlichen Institution, die aus der franz\u00f6sischen Rugby-Landschaft nicht mehr wegzudenken ist.<\/p>\n<\/div>\n\n\n\n<div class=\"wp-block-column second animated fadeInRight delay-100ms slow is-layout-flow wp-block-column-is-layout-flow\" style=\"flex-basis:45%\">\n<figure class=\"wp-block-image size-full\"><a href=\"https:\/\/tamarins.geek-tonic.dev\/wp-content\/uploads\/sites\/7\/2024\/02\/incontournable-la-rochelle-camping-ile-de-re.webp\"><img decoding=\"async\" width=\"1200\" height=\"800\" src=\"https:\/\/tamarins.geek-tonic.dev\/wp-content\/uploads\/sites\/7\/2024\/02\/incontournable-la-rochelle-camping-ile-de-re.webp\" alt=\"nicht zu verpassen la rochelle camping ile de re\" class=\"wp-image-1175\" srcset=\"https:\/\/tamarins.geek-tonic.dev\/wp-content\/uploads\/sites\/7\/2024\/02\/incontournable-la-rochelle-camping-ile-de-re.webp 1200w, https:\/\/tamarins.geek-tonic.dev\/wp-content\/uploads\/sites\/7\/2024\/02\/incontournable-la-rochelle-camping-ile-de-re-300x200.webp 300w, https:\/\/tamarins.geek-tonic.dev\/wp-content\/uploads\/sites\/7\/2024\/02\/incontournable-la-rochelle-camping-ile-de-re-1024x683.webp 1024w, https:\/\/tamarins.geek-tonic.dev\/wp-content\/uploads\/sites\/7\/2024\/02\/incontournable-la-rochelle-camping-ile-de-re-768x512.webp 768w\" sizes=\"(max-width: 1200px) 100vw, 1200px\" \/><\/a><\/figure>\n<\/div>\n<\/div>\n\n\r\n    <\/div>\r\n<\/section><section id=\"ls-section-block_33fb2b9bc88ad01e001b37ee8c9729d3\" class=\"ls-section  page-maillage experience has-p-t p-t-0\" >\r\n        <div class=\"container container--wide\">\r\n        \n\n<div id=\"ls-heading ls-titre-div-block_5d647c9dc9b6dc089601a022d5db491d\" class=\"ls-titre-div aligncenter h2-like\" >\n    <strong>Entdecken <\/strong> Sie unsere Umgebung<\/div>\n\n\n<div id=\"ls-maillage-block_220967a459bc8d6174e228f15d1a2e6c\" class=\"ls-maillage cta-style-normal\" data-rows=\"3\">\n    <div class=\"wp-block-columns\"><div class=\"wp-block-column\"><div id=\"destinations\" class=\"ls-cta\">\n\n<a href=\"https:\/\/tamarins.geek-tonic.dev\/de\/camping-poitiers\/\" target=\"\" rel=\"noopener\" class=\"ls-cta__link\">\n\n\t<div class=\"ls-cta__image\"><img decoding=\"async\" src=\"https:\/\/tamarins.geek-tonic.dev\/wp-content\/uploads\/sites\/7\/2024\/02\/tourime-ville-poitiers-camping-ile-de-re.webp\" alt=\"tourime ville poitiers camping ile de re\"><\/div>\n\t<div class=\"ls-cta__title\">\n\t\tPoitiers\t<\/div>\n\n\t\t\n<\/a><\/div><\/div><div class=\"wp-block-column\"><div id=\"destinations\" class=\"ls-cta\">\n\n<a href=\"https:\/\/tamarins.geek-tonic.dev\/de\/tourismus-re-insel\/\" target=\"\" rel=\"noopener\" class=\"ls-cta__link\">\n\n\t<div class=\"ls-cta__image\"><img decoding=\"async\" src=\"https:\/\/tamarins.geek-tonic.dev\/wp-content\/uploads\/sites\/7\/2024\/02\/tourisme-camping-ile-de-re.webp\" alt=\"tourismus camping ile de re\"><\/div>\n\t<div class=\"ls-cta__title\">\n\t\t\u00cele de R\u00e9\t<\/div>\n\n\t\t\n<\/a><\/div><\/div><div class=\"wp-block-column\"><div id=\"destinations\" class=\"ls-cta\">\n\n<a href=\"https:\/\/tamarins.geek-tonic.dev\/de\/camping-angouleme\/\" target=\"\" rel=\"noopener\" class=\"ls-cta__link\">\n\n\t<div class=\"ls-cta__image\"><img decoding=\"async\" src=\"https:\/\/tamarins.geek-tonic.dev\/wp-content\/uploads\/sites\/7\/2024\/02\/tourisme-angouleme-camping-ile-de-re.webp\" alt=\"tourismus angouleme camping ile de re\"><\/div>\n\t<div class=\"ls-cta__title\">\n\t\tAngoul\u00eame\t<\/div>\n\n\t\t\n<\/a><\/div><\/div><\/div><\/div>\n\r\n    <\/div>\r\n<\/section>","protected":false},"excerpt":{"rendered":"","protected":false},"author":1,"featured_media":2000,"parent":0,"menu_order":0,"comment_status":"closed","ping_status":"closed","template":"","meta":{"_acf_changed":false,"footnotes":""},"sujet":[],"class_list":["post-1995","page","type-page","status-publish","has-post-thumbnail","hentry"],"acf":[],"yoast_head":"<!-- This site is optimized with the Yoast SEO plugin v23.9 - https:\/\/yoast.com\/wordpress\/plugins\/seo\/ -->\n<title>La Rochelle in der N\u00e4he des Campingplatzes: Besichtigung, Entdeckung, Aktivit\u00e4ten<\/title>\n<meta name=\"description\" content=\"Besuchen Sie La Rochelle in der N\u00e4he des Campingplatzes, \u00fcben Sie Wassersportaktivit\u00e4ten aus und entdecken Sie den Hafen, die Altstadt und eines der gr\u00f6\u00dften Aquarien Europas!\" \/>\n<meta name=\"robots\" content=\"noindex, follow, max-snippet:-1, max-image-preview:large, max-video-preview:-1\" \/>\n<meta property=\"og:locale\" content=\"de_DE\" \/>\n<meta property=\"og:type\" content=\"article\" \/>\n<meta property=\"og:title\" content=\"La Rochelle in der N\u00e4he des Campingplatzes: Besichtigung, Entdeckung, Aktivit\u00e4ten\" \/>\n<meta property=\"og:description\" content=\"Besuchen Sie La Rochelle in der N\u00e4he des Campingplatzes, \u00fcben Sie Wassersportaktivit\u00e4ten aus und entdecken Sie den Hafen, die Altstadt und eines der gr\u00f6\u00dften Aquarien Europas!\" \/>\n<meta property=\"og:url\" content=\"https:\/\/tamarins.geek-tonic.dev\/de\/camping-la-rochelle\/\" \/>\n<meta property=\"og:site_name\" content=\"Camping Tamarin\" \/>\n<meta property=\"article:modified_time\" content=\"2024-04-08T11:23:08+00:00\" \/>\n<meta property=\"og:image\" content=\"https:\/\/tamarins.geek-tonic.dev\/wp-content\/uploads\/sites\/7\/2024\/02\/tourisme-la-rochelle-camping-ile-de-re-1.webp\" \/>\n\t<meta property=\"og:image:width\" content=\"2000\" \/>\n\t<meta property=\"og:image:height\" content=\"1000\" \/>\n\t<meta property=\"og:image:type\" content=\"image\/webp\" \/>\n<meta name=\"twitter:card\" content=\"summary_large_image\" \/>\n<meta name=\"twitter:label1\" content=\"Gesch\u00e4tzte Lesezeit\" \/>\n\t<meta name=\"twitter:data1\" content=\"2\u00a0Minuten\" \/>\n<script type=\"application\/ld+json\" class=\"yoast-schema-graph\">{\"@context\":\"https:\/\/schema.org\",\"@graph\":[{\"@type\":\"WebPage\",\"@id\":\"https:\/\/tamarins.geek-tonic.dev\/de\/camping-la-rochelle\/\",\"url\":\"https:\/\/tamarins.geek-tonic.dev\/de\/camping-la-rochelle\/\",\"name\":\"La Rochelle in der N\u00e4he des Campingplatzes: Besichtigung, Entdeckung, Aktivit\u00e4ten\",\"isPartOf\":{\"@id\":\"https:\/\/tamarins.geek-tonic.dev\/de\/#website\"},\"primaryImageOfPage\":{\"@id\":\"https:\/\/tamarins.geek-tonic.dev\/de\/camping-la-rochelle\/#primaryimage\"},\"image\":{\"@id\":\"https:\/\/tamarins.geek-tonic.dev\/de\/camping-la-rochelle\/#primaryimage\"},\"thumbnailUrl\":\"https:\/\/tamarins.geek-tonic.dev\/wp-content\/uploads\/sites\/7\/2024\/02\/tourisme-la-rochelle-camping-ile-de-re-1.webp\",\"datePublished\":\"2024-02-16T14:34:54+00:00\",\"dateModified\":\"2024-04-08T11:23:08+00:00\",\"description\":\"Besuchen Sie La Rochelle in der N\u00e4he des Campingplatzes, \u00fcben Sie Wassersportaktivit\u00e4ten aus und entdecken Sie den Hafen, die Altstadt und eines der gr\u00f6\u00dften Aquarien Europas!\",\"breadcrumb\":{\"@id\":\"https:\/\/tamarins.geek-tonic.dev\/de\/camping-la-rochelle\/#breadcrumb\"},\"inLanguage\":\"de\",\"potentialAction\":[{\"@type\":\"ReadAction\",\"target\":[\"https:\/\/tamarins.geek-tonic.dev\/de\/camping-la-rochelle\/\"]}]},{\"@type\":\"ImageObject\",\"inLanguage\":\"de\",\"@id\":\"https:\/\/tamarins.geek-tonic.dev\/de\/camping-la-rochelle\/#primaryimage\",\"url\":\"https:\/\/tamarins.geek-tonic.dev\/wp-content\/uploads\/sites\/7\/2024\/02\/tourisme-la-rochelle-camping-ile-de-re-1.webp\",\"contentUrl\":\"https:\/\/tamarins.geek-tonic.dev\/wp-content\/uploads\/sites\/7\/2024\/02\/tourisme-la-rochelle-camping-ile-de-re-1.webp\",\"width\":2000,\"height\":1000,\"caption\":\"tourismus la rochelle camping ile de re\"},{\"@type\":\"BreadcrumbList\",\"@id\":\"https:\/\/tamarins.geek-tonic.dev\/de\/camping-la-rochelle\/#breadcrumb\",\"itemListElement\":[{\"@type\":\"ListItem\",\"position\":1,\"name\":\"Camping sur l\u2019\u00eele de R\u00e9\",\"item\":\"https:\/\/tamarins.geek-tonic.dev\/de\/\"},{\"@type\":\"ListItem\",\"position\":2,\"name\":\"Campingplatz in La Rochelle\"}]},{\"@type\":\"WebSite\",\"@id\":\"https:\/\/tamarins.geek-tonic.dev\/de\/#website\",\"url\":\"https:\/\/tamarins.geek-tonic.dev\/de\/\",\"name\":\"Camping Tamarin\",\"description\":\"\",\"publisher\":{\"@id\":\"https:\/\/tamarins.geek-tonic.dev\/de\/#organization\"},\"potentialAction\":[{\"@type\":\"SearchAction\",\"target\":{\"@type\":\"EntryPoint\",\"urlTemplate\":\"https:\/\/tamarins.geek-tonic.dev\/de\/?s={search_term_string}\"},\"query-input\":{\"@type\":\"PropertyValueSpecification\",\"valueRequired\":true,\"valueName\":\"search_term_string\"}}],\"inLanguage\":\"de\"},{\"@type\":\"Organization\",\"@id\":\"https:\/\/tamarins.geek-tonic.dev\/de\/#organization\",\"name\":\"Camping Tamarin\",\"url\":\"https:\/\/tamarins.geek-tonic.dev\/de\/\",\"logo\":{\"@type\":\"ImageObject\",\"inLanguage\":\"de\",\"@id\":\"https:\/\/tamarins.geek-tonic.dev\/de\/#\/schema\/logo\/image\/\",\"url\":\"https:\/\/tamarins.geek-tonic.dev\/wp-content\/uploads\/sites\/7\/2024\/02\/cropped-logo-Flower-camping-Tamarins-Plage.png\",\"contentUrl\":\"https:\/\/tamarins.geek-tonic.dev\/wp-content\/uploads\/sites\/7\/2024\/02\/cropped-logo-Flower-camping-Tamarins-Plage.png\",\"width\":500,\"height\":660,\"caption\":\"Camping Tamarin\"},\"image\":{\"@id\":\"https:\/\/tamarins.geek-tonic.dev\/de\/#\/schema\/logo\/image\/\"}}]}<\/script>\n<!-- \/ Yoast SEO plugin. -->","yoast_head_json":{"title":"La Rochelle in der N\u00e4he des Campingplatzes: Besichtigung, Entdeckung, Aktivit\u00e4ten","description":"Besuchen Sie La Rochelle in der N\u00e4he des Campingplatzes, \u00fcben Sie Wassersportaktivit\u00e4ten aus und entdecken Sie den Hafen, die Altstadt und eines der gr\u00f6\u00dften Aquarien Europas!","robots":{"index":"noindex","follow":"follow","max-snippet":"max-snippet:-1","max-image-preview":"max-image-preview:large","max-video-preview":"max-video-preview:-1"},"og_locale":"de_DE","og_type":"article","og_title":"La Rochelle in der N\u00e4he des Campingplatzes: Besichtigung, Entdeckung, Aktivit\u00e4ten","og_description":"Besuchen Sie La Rochelle in der N\u00e4he des Campingplatzes, \u00fcben Sie Wassersportaktivit\u00e4ten aus und entdecken Sie den Hafen, die Altstadt und eines der gr\u00f6\u00dften Aquarien Europas!","og_url":"https:\/\/tamarins.geek-tonic.dev\/de\/camping-la-rochelle\/","og_site_name":"Camping Tamarin","article_modified_time":"2024-04-08T11:23:08+00:00","og_image":[{"width":2000,"height":1000,"url":"https:\/\/tamarins.geek-tonic.dev\/wp-content\/uploads\/sites\/7\/2024\/02\/tourisme-la-rochelle-camping-ile-de-re-1.webp","type":"image\/webp"}],"twitter_card":"summary_large_image","twitter_misc":{"Gesch\u00e4tzte Lesezeit":"2\u00a0Minuten"},"schema":{"@context":"https:\/\/schema.org","@graph":[{"@type":"WebPage","@id":"https:\/\/tamarins.geek-tonic.dev\/de\/camping-la-rochelle\/","url":"https:\/\/tamarins.geek-tonic.dev\/de\/camping-la-rochelle\/","name":"La Rochelle in der N\u00e4he des Campingplatzes: Besichtigung, Entdeckung, Aktivit\u00e4ten","isPartOf":{"@id":"https:\/\/tamarins.geek-tonic.dev\/de\/#website"},"primaryImageOfPage":{"@id":"https:\/\/tamarins.geek-tonic.dev\/de\/camping-la-rochelle\/#primaryimage"},"image":{"@id":"https:\/\/tamarins.geek-tonic.dev\/de\/camping-la-rochelle\/#primaryimage"},"thumbnailUrl":"https:\/\/tamarins.geek-tonic.dev\/wp-content\/uploads\/sites\/7\/2024\/02\/tourisme-la-rochelle-camping-ile-de-re-1.webp","datePublished":"2024-02-16T14:34:54+00:00","dateModified":"2024-04-08T11:23:08+00:00","description":"Besuchen Sie La Rochelle in der N\u00e4he des Campingplatzes, \u00fcben Sie Wassersportaktivit\u00e4ten aus und entdecken Sie den Hafen, die Altstadt und eines der gr\u00f6\u00dften Aquarien Europas!","breadcrumb":{"@id":"https:\/\/tamarins.geek-tonic.dev\/de\/camping-la-rochelle\/#breadcrumb"},"inLanguage":"de","potentialAction":[{"@type":"ReadAction","target":["https:\/\/tamarins.geek-tonic.dev\/de\/camping-la-rochelle\/"]}]},{"@type":"ImageObject","inLanguage":"de","@id":"https:\/\/tamarins.geek-tonic.dev\/de\/camping-la-rochelle\/#primaryimage","url":"https:\/\/tamarins.geek-tonic.dev\/wp-content\/uploads\/sites\/7\/2024\/02\/tourisme-la-rochelle-camping-ile-de-re-1.webp","contentUrl":"https:\/\/tamarins.geek-tonic.dev\/wp-content\/uploads\/sites\/7\/2024\/02\/tourisme-la-rochelle-camping-ile-de-re-1.webp","width":2000,"height":1000,"caption":"tourismus la rochelle camping ile de re"},{"@type":"BreadcrumbList","@id":"https:\/\/tamarins.geek-tonic.dev\/de\/camping-la-rochelle\/#breadcrumb","itemListElement":[{"@type":"ListItem","position":1,"name":"Camping sur l\u2019\u00eele de R\u00e9","item":"https:\/\/tamarins.geek-tonic.dev\/de\/"},{"@type":"ListItem","position":2,"name":"Campingplatz in La Rochelle"}]},{"@type":"WebSite","@id":"https:\/\/tamarins.geek-tonic.dev\/de\/#website","url":"https:\/\/tamarins.geek-tonic.dev\/de\/","name":"Camping Tamarin","description":"","publisher":{"@id":"https:\/\/tamarins.geek-tonic.dev\/de\/#organization"},"potentialAction":[{"@type":"SearchAction","target":{"@type":"EntryPoint","urlTemplate":"https:\/\/tamarins.geek-tonic.dev\/de\/?s={search_term_string}"},"query-input":{"@type":"PropertyValueSpecification","valueRequired":true,"valueName":"search_term_string"}}],"inLanguage":"de"},{"@type":"Organization","@id":"https:\/\/tamarins.geek-tonic.dev\/de\/#organization","name":"Camping Tamarin","url":"https:\/\/tamarins.geek-tonic.dev\/de\/","logo":{"@type":"ImageObject","inLanguage":"de","@id":"https:\/\/tamarins.geek-tonic.dev\/de\/#\/schema\/logo\/image\/","url":"https:\/\/tamarins.geek-tonic.dev\/wp-content\/uploads\/sites\/7\/2024\/02\/cropped-logo-Flower-camping-Tamarins-Plage.png","contentUrl":"https:\/\/tamarins.geek-tonic.dev\/wp-content\/uploads\/sites\/7\/2024\/02\/cropped-logo-Flower-camping-Tamarins-Plage.png","width":500,"height":660,"caption":"Camping Tamarin"},"image":{"@id":"https:\/\/tamarins.geek-tonic.dev\/de\/#\/schema\/logo\/image\/"}}]}},"_links":{"self":[{"href":"https:\/\/tamarins.geek-tonic.dev\/de\/wp-json\/wp\/v2\/pages\/1995","targetHints":{"allow":["GET"]}}],"collection":[{"href":"https:\/\/tamarins.geek-tonic.dev\/de\/wp-json\/wp\/v2\/pages"}],"about":[{"href":"https:\/\/tamarins.geek-tonic.dev\/de\/wp-json\/wp\/v2\/types\/page"}],"author":[{"embeddable":true,"href":"https:\/\/tamarins.geek-tonic.dev\/de\/wp-json\/wp\/v2\/users\/1"}],"replies":[{"embeddable":true,"href":"https:\/\/tamarins.geek-tonic.dev\/de\/wp-json\/wp\/v2\/comments?post=1995"}],"version-history":[{"count":2,"href":"https:\/\/tamarins.geek-tonic.dev\/de\/wp-json\/wp\/v2\/pages\/1995\/revisions"}],"predecessor-version":[{"id":2241,"href":"https:\/\/tamarins.geek-tonic.dev\/de\/wp-json\/wp\/v2\/pages\/1995\/revisions\/2241"}],"wp:featuredmedia":[{"embeddable":true,"href":"https:\/\/tamarins.geek-tonic.dev\/de\/wp-json\/wp\/v2\/media\/2000"}],"wp:attachment":[{"href":"https:\/\/tamarins.geek-tonic.dev\/de\/wp-json\/wp\/v2\/media?parent=1995"}],"wp:term":[{"taxonomy":"sujet","embeddable":true,"href":"https:\/\/tamarins.geek-tonic.dev\/de\/wp-json\/wp\/v2\/sujet?post=1995"}],"curies":[{"name":"wp","href":"https:\/\/api.w.org\/{rel}","templated":true}]}}