{"id":2020,"date":"2023-12-19T11:25:53","date_gmt":"2023-12-19T10:25:53","guid":{"rendered":"https:\/\/tamarins.geek-tonic.dev\/campingplatz-gruppe-ile-de-re\/"},"modified":"2024-04-08T13:25:01","modified_gmt":"2024-04-08T11:25:01","slug":"camping-group-ile-de-re","status":"publish","type":"page","link":"https:\/\/tamarins.geek-tonic.dev\/de\/camping-group-ile-de-re\/","title":{"rendered":"Gruppen und Betriebsr\u00e4te"},"content":{"rendered":"<section id=\"ls-section-block_fe09416a5fbd358f9e726a6685ff7b08\" class=\"ls-section  page-one has-background has-color-4-background-color has-m-t m-t-0 has-m-b m-b-0 has-p-t p-t-14 has-p-b p-b-14\" >\r\n        <div class=\"container container--wide\">\r\n        \n\n<div class=\"wp-block-columns is-layout-flex wp-container-core-columns-is-layout-1 wp-block-columns-is-layout-flex\">\n<div class=\"wp-block-column animated fadeInLeft delay-100ms slow is-layout-flow wp-block-column-is-layout-flow\" style=\"flex-basis:45%\">\n<figure class=\"wp-block-image size-full\"><a href=\"https:\/\/tamarins.geek-tonic.dev\/wp-content\/uploads\/sites\/7\/2024\/02\/hebergement-groupe-camping-ile-de-re-1.webp\"><img decoding=\"async\" width=\"1200\" height=\"765\" src=\"https:\/\/tamarins.geek-tonic.dev\/wp-content\/uploads\/sites\/7\/2024\/02\/hebergement-groupe-camping-ile-de-re-1.webp\" alt=\"Gruppenunterkunft camping ile de re\" class=\"wp-image-1004\" srcset=\"https:\/\/tamarins.geek-tonic.dev\/wp-content\/uploads\/sites\/7\/2024\/02\/hebergement-groupe-camping-ile-de-re-1.webp 1200w, https:\/\/tamarins.geek-tonic.dev\/wp-content\/uploads\/sites\/7\/2024\/02\/hebergement-groupe-camping-ile-de-re-1-300x191.webp 300w, https:\/\/tamarins.geek-tonic.dev\/wp-content\/uploads\/sites\/7\/2024\/02\/hebergement-groupe-camping-ile-de-re-1-1024x653.webp 1024w, https:\/\/tamarins.geek-tonic.dev\/wp-content\/uploads\/sites\/7\/2024\/02\/hebergement-groupe-camping-ile-de-re-1-768x490.webp 768w\" sizes=\"(max-width: 1200px) 100vw, 1200px\" \/><\/a><\/figure>\n<\/div>\n\n\n\n<div class=\"wp-block-column animated fadeInRight slow is-layout-flow wp-block-column-is-layout-flow\" style=\"flex-basis:55%\">\n<h1 class=\"ls__heading wp-block-heading\">Idealer Campingplatz f\u00fcr Gruppen auf der Ile de R\u00e9<\/h1>\n\n\n\n<h2 class=\"ls__heading wp-block-heading\">Unsere Gruppenangebote in Charente-Maritime<\/h2>\n\n\n\n<p class=\"ls-paragraph\">W\u00e4hlen Sie unseren <a href=\"https:\/\/tamarins.geek-tonic.dev\/de\/\">Campingplatz Tamarins Plage<\/a> am Meer f\u00fcr Ihren <strong>Gruppenaufenthalt<\/strong> aus und buchen Sie die Unterk\u00fcnfte Ihrer Wahl. Organisieren Sie ein Familientreffen, ein Treffen mit Freunden oder m\u00fcssen Sie f\u00fcr eine Firmenveranstaltung auf die \u00cele de R\u00e9 reisen? Unser Team wird Ihre Anfrage pr\u00fcfen und Sie an einem warmen und f\u00fcr Gruppen geeigneten Ort empfangen.<\/p>\n\n\n\n<p class=\"ls-paragraph\">Mit seiner gro\u00dfen Anzahl an<a href=\"https:\/\/tamarins.geek-tonic.dev\/de\/vermietung-mobil-home-ile-de-re\/\">Mietunterk\u00fcnften<\/a> w\u00e4hlen Sie unseren Campingplatz f\u00fcr einen Gruppenaufenthalt, und das schon ab <strong>2 N\u00e4chten in der Nebensaison<\/strong>.<strong> Bootsbesitzer und Reisende mit Motorr\u00e4dern<\/strong> k\u00f6nnen auf unserem Campingplatz \u00fcbernachten, der durch seine doppelten Schranken mit Identifikation vollst\u00e4ndig gesichert ist.<\/p>\n\n\n\n<p class=\"ls-paragraph\">Profitieren Sie von unseren <strong>Mietleistungen <\/strong>, bei denen Bettw\u00e4sche, Handt\u00fccher und Reinigungsmittel bereitgestellt werden. Entscheiden Sie sich auch f\u00fcr den Verleih von Babyausstattungen, Grills oder Fahrr\u00e4dern, um leichtf\u00fc\u00dfig in den Urlaub zu kommen.  <\/p>\n\n\n\n<p class=\"ls-paragraph\"><strong>Kontaktieren Sie unser Team f\u00fcr Ihren zuk\u00fcnftigen Gruppenaufenthalt auf der \u00cele de R\u00e9 in Les Tamarins Plage.<\/strong><\/p>\n<\/div>\n<\/div>\n\n\r\n    <\/div>\r\n<\/section><section id=\"ls-section-block_d99a3ccffc747abdb96c7a98f07d45bc\" class=\"ls-section  home-gallery has-background has-color-4-background-color has-m-t m-t-0 has-p-t p-t-0\" >\r\n        <div class=\"container container--full\">\r\n        \n\n<figure class=\"wp-block-gallery has-nested-images columns-1 is-cropped galerie-slider-container wp-block-gallery-1 is-layout-flex wp-block-gallery-is-layout-flex\">\n<figure class=\"wp-block-image size-full\"><a href=\"https:\/\/tamarins.geek-tonic.dev\/wp-content\/uploads\/sites\/7\/2024\/02\/hebergement-groupes-camping-ile-de-re.webp\"><img decoding=\"async\" width=\"1200\" height=\"800\" src=\"https:\/\/tamarins.geek-tonic.dev\/wp-content\/uploads\/sites\/7\/2024\/02\/hebergement-groupes-camping-ile-de-re.webp\" alt=\"Gruppenunterkunft camping ile de re\" class=\"wp-image-1012\" srcset=\"https:\/\/tamarins.geek-tonic.dev\/wp-content\/uploads\/sites\/7\/2024\/02\/hebergement-groupes-camping-ile-de-re.webp 1200w, https:\/\/tamarins.geek-tonic.dev\/wp-content\/uploads\/sites\/7\/2024\/02\/hebergement-groupes-camping-ile-de-re-300x200.webp 300w, https:\/\/tamarins.geek-tonic.dev\/wp-content\/uploads\/sites\/7\/2024\/02\/hebergement-groupes-camping-ile-de-re-1024x683.webp 1024w, https:\/\/tamarins.geek-tonic.dev\/wp-content\/uploads\/sites\/7\/2024\/02\/hebergement-groupes-camping-ile-de-re-768x512.webp 768w\" sizes=\"(max-width: 1200px) 100vw, 1200px\" \/><\/a><\/figure>\n\n\n\n<figure class=\"wp-block-image size-full\"><a href=\"https:\/\/tamarins.geek-tonic.dev\/wp-content\/uploads\/sites\/7\/2024\/02\/location-groupe-camping-ile-de-re.webp\"><img decoding=\"async\" width=\"1200\" height=\"765\" src=\"https:\/\/tamarins.geek-tonic.dev\/wp-content\/uploads\/sites\/7\/2024\/02\/location-groupe-camping-ile-de-re.webp\" alt=\"gruppenvermietung camping ile de re\" class=\"wp-image-1014\" srcset=\"https:\/\/tamarins.geek-tonic.dev\/wp-content\/uploads\/sites\/7\/2024\/02\/location-groupe-camping-ile-de-re.webp 1200w, https:\/\/tamarins.geek-tonic.dev\/wp-content\/uploads\/sites\/7\/2024\/02\/location-groupe-camping-ile-de-re-300x191.webp 300w, https:\/\/tamarins.geek-tonic.dev\/wp-content\/uploads\/sites\/7\/2024\/02\/location-groupe-camping-ile-de-re-1024x653.webp 1024w, https:\/\/tamarins.geek-tonic.dev\/wp-content\/uploads\/sites\/7\/2024\/02\/location-groupe-camping-ile-de-re-768x490.webp 768w\" sizes=\"(max-width: 1200px) 100vw, 1200px\" \/><\/a><\/figure>\n\n\n\n<figure class=\"wp-block-image size-full\"><a href=\"https:\/\/tamarins.geek-tonic.dev\/wp-content\/uploads\/sites\/7\/2024\/02\/plage-seminaire-camping-ile-de-re.webp\"><img decoding=\"async\" width=\"1200\" height=\"800\" src=\"https:\/\/tamarins.geek-tonic.dev\/wp-content\/uploads\/sites\/7\/2024\/02\/plage-seminaire-camping-ile-de-re.webp\" alt=\"plage seminaire camping ile de re\" class=\"wp-image-1016\" srcset=\"https:\/\/tamarins.geek-tonic.dev\/wp-content\/uploads\/sites\/7\/2024\/02\/plage-seminaire-camping-ile-de-re.webp 1200w, https:\/\/tamarins.geek-tonic.dev\/wp-content\/uploads\/sites\/7\/2024\/02\/plage-seminaire-camping-ile-de-re-300x200.webp 300w, https:\/\/tamarins.geek-tonic.dev\/wp-content\/uploads\/sites\/7\/2024\/02\/plage-seminaire-camping-ile-de-re-1024x683.webp 1024w, https:\/\/tamarins.geek-tonic.dev\/wp-content\/uploads\/sites\/7\/2024\/02\/plage-seminaire-camping-ile-de-re-768x512.webp 768w\" sizes=\"(max-width: 1200px) 100vw, 1200px\" \/><\/a><\/figure>\n<\/figure>\n\n\r\n    <\/div>\r\n<\/section><section id=\"ls-section-block_9665ef06acf259c490063cb9ba956c88\" class=\"ls-section  page-one aventure\" >\r\n        <div class=\"container container--wide\">\r\n        \n\n<div class=\"wp-block-columns is-layout-flex wp-container-core-columns-is-layout-2 wp-block-columns-is-layout-flex\">\n<div class=\"wp-block-column is-vertically-aligned-center first animated fadeInLeft delay-100ms slow is-layout-flow wp-block-column-is-layout-flow\" style=\"flex-basis:45%\">\n<figure class=\"wp-block-image size-full\"><a href=\"https:\/\/tamarins.geek-tonic.dev\/wp-content\/uploads\/sites\/7\/2024\/02\/plage-engagement-camping-ile-de-re.webp\"><img decoding=\"async\" width=\"1200\" height=\"765\" src=\"https:\/\/tamarins.geek-tonic.dev\/wp-content\/uploads\/sites\/7\/2024\/02\/plage-engagement-camping-ile-de-re.webp\" alt=\"strand engagement camping ile de re\" class=\"wp-image-983\" srcset=\"https:\/\/tamarins.geek-tonic.dev\/wp-content\/uploads\/sites\/7\/2024\/02\/plage-engagement-camping-ile-de-re.webp 1200w, https:\/\/tamarins.geek-tonic.dev\/wp-content\/uploads\/sites\/7\/2024\/02\/plage-engagement-camping-ile-de-re-300x191.webp 300w, https:\/\/tamarins.geek-tonic.dev\/wp-content\/uploads\/sites\/7\/2024\/02\/plage-engagement-camping-ile-de-re-1024x653.webp 1024w, https:\/\/tamarins.geek-tonic.dev\/wp-content\/uploads\/sites\/7\/2024\/02\/plage-engagement-camping-ile-de-re-768x490.webp 768w\" sizes=\"(max-width: 1200px) 100vw, 1200px\" \/><\/a><\/figure>\n<\/div>\n\n\n\n<div class=\"wp-block-column second animated fadeInRight slow is-layout-flow wp-block-column-is-layout-flow\" style=\"flex-basis:55%\">\n<h2 class=\"ls__heading wp-block-heading has-text-align-left\">CSE-Pakete auf dem Campingplatz auf der Ile de R\u00e9<\/h2>\n\n\n\n<p class=\"ls-paragraph\">Bieten Sie Ihren Mitarbeitern eines der beliebtesten Reiseziele in der Charente-Maritime, die Ile de R\u00e9. Unser Campingplatz am Meer, in der N\u00e4he des Strandes, wird Ihre Mitarbeiter erobern. Treffen Sie die Wahl des <strong>idealen Campingplatzes f\u00fcr Gruppen<\/strong><strong> <\/strong>um Ihre Mitarbeiter zu erf\u00fcllen. <\/p>\n\n\n\n<p class=\"ls-paragraph\">W\u00e4hrend ihres Urlaubs in der Charente-Maritime werden die G\u00e4ste die zahlreichen Vorz\u00fcge unserer ideal gelegenen Einrichtung zu sch\u00e4tzen wissen: Strand in 300 m Entfernung, Gesch\u00e4fte in der N\u00e4he, Wasserspiele, Fitnessbereich im Freien, Sommerunterhaltung im Freien, Volleyballplatz, P\u00e9tanque, Tischtennisplatte, Fahrradverleih (gegen Geb\u00fchr), Verleih von Elektrogrills (gegen Geb\u00fchr), Wifi.<\/p>\n\n\n\n<p class=\"ls-paragraph\">Unser Campingplatz, der f\u00fcr die <strong>Aufnahme<\/strong> <strong>von<\/strong> <strong>Gruppen<\/strong> vorgesehen ist, passt sich perfekt an Ihre Bed\u00fcrfnisse und Ihre Struktur an. Profitieren Sie von <strong>Allokations- oder Linearformeln<\/strong> mit <a href=\"https:\/\/tamarins.geek-tonic.dev\/de\/camping-promotion-re-ile-de-re\/\">Sonderangeboten auf dem Campingplatz<\/a>.<\/p>\n\n\n\n<p class=\"ls-paragraph\">Kontaktieren Sie unser Team, um Ihnen alle Informationen \u00fcber unseren Campingplatz mitzuteilen und die Bedingungen f\u00fcr unsere <strong>CSE- und<\/strong> <strong>K\u00f6rperschafts-Pakete<\/strong> (Dauer und Zeitr\u00e4ume, Preise, R\u00fcck\u00fcbertragung) zu erfahren. M\u00f6chten Sie einen oder mehrere bestimmte Standorte mieten? Unser Team verpflichtet sich, alles zu tun, um Ihre Anfrage zu beantworten. F\u00fcgen Sie den Campingplatz Monplaisir zu Ihren <strong>ESC-Angeboten<\/strong> hinzu und bieten Sie einen angenehmen und \u00fcberschaubaren Urlaubsort an.<\/p>\n\n\n\n<p class=\"ls-paragraph\"><strong>Kontaktieren Sie unser Team per Telefon oder E-Mail f\u00fcr eine zuk\u00fcnftige Zusammenarbeit in der Charente.<\/strong><\/p>\n<\/div>\n<\/div>\n\n\r\n    <\/div>\r\n<\/section><section id=\"ls-section-block_64bc2a6d8d04ea0dcc240703996189ac\" class=\"ls-section  page-maillage experience has-p-t p-t-0\" >\r\n        <div class=\"container container--wide\">\r\n        \n\n<div id=\"ls-heading ls-titre-div-block_7a72b19c88dd4baeb5ac6cf29458c16e\" class=\"ls-titre-div aligncenter h2-like\" >\n    <strong>Entdecken <\/strong> Sie unsere Freizeitangebote, unsere Unterk\u00fcnfte und unsere Promos<\/div>\n\n\n<div id=\"ls-maillage-block_fb92f79132690ab163a2c5accf817f7e\" class=\"ls-maillage cta-style-normal\" data-rows=\"3\">\n    <div class=\"wp-block-columns\"><div class=\"wp-block-column\"><div id=\"destinations\" class=\"ls-cta\">\n\n<a href=\"https:\/\/tamarins.geek-tonic.dev\/de\/vermietung-mobil-home-ile-de-re\/\" target=\"\" rel=\"noopener\" class=\"ls-cta__link\">\n\n\t<div class=\"ls-cta__image\"><img decoding=\"async\" src=\"https:\/\/tamarins.geek-tonic.dev\/wp-content\/uploads\/sites\/7\/2024\/02\/flower-camping-ile-de-re.webp\" alt=\"flower camping ile de re\"><\/div>\n\t<div class=\"ls-cta__title\">\n\t\tUnsere Vermietungen\t<\/div>\n\n\t\t\n<\/a><\/div><\/div><div class=\"wp-block-column\"><div id=\"destinations\" class=\"ls-cta\">\n\n<a href=\"https:\/\/tamarins.geek-tonic.dev\/de\/camping-promotion-re-ile-de-re\/\" target=\"\" rel=\"noopener\" class=\"ls-cta__link\">\n\n\t<div class=\"ls-cta__image\"><img decoding=\"async\" src=\"https:\/\/tamarins.geek-tonic.dev\/wp-content\/uploads\/sites\/7\/2024\/02\/promotions-camping-flower-ile-de-re.webp\" alt=\"promotions camping flower ile de re\"><\/div>\n\t<div class=\"ls-cta__title\">\n\t\tUnsere Sonderangebote\t<\/div>\n\n\t\t\n<\/a><\/div><\/div><div class=\"wp-block-column\"><div id=\"destinations\" class=\"ls-cta\">\n\n<a href=\"https:\/\/tamarins.geek-tonic.dev\/de\/camping-animation-re-insel\/\" target=\"\" rel=\"noopener\" class=\"ls-cta__link\">\n\n\t<div class=\"ls-cta__image\"><img decoding=\"async\" src=\"https:\/\/tamarins.geek-tonic.dev\/wp-content\/uploads\/sites\/7\/2024\/02\/loisirs-camping-ile-de-re-1.webp\" alt=\"freizeit camping ile de re\"><\/div>\n\t<div class=\"ls-cta__title\">\n\t\tFreizeit vor Ort\t<\/div>\n\n\t\t\n<\/a><\/div><\/div><\/div><\/div>\n\r\n    <\/div>\r\n<\/section>","protected":false},"excerpt":{"rendered":"","protected":false},"author":1,"featured_media":2024,"parent":0,"menu_order":0,"comment_status":"closed","ping_status":"closed","template":"","meta":{"_acf_changed":false,"footnotes":""},"sujet":[],"class_list":["post-2020","page","type-page","status-publish","has-post-thumbnail","hentry"],"acf":[],"yoast_head":"<!-- This site is optimized with the Yoast SEO plugin v23.9 - https:\/\/yoast.com\/wordpress\/plugins\/seo\/ -->\n<title>Campingplatz mit Gruppenaufnahme auf der Ile de R\u00e9<\/title>\n<meta name=\"description\" content=\"Entscheiden Sie sich f\u00fcr den Campingplatz Tamarins Plage f\u00fcr Ihre Familien- und Firmenveranstaltungen: Ihr Campingplatz hei\u00dft Gruppen in der Charente-Maritime herzlich willkommen!\" \/>\n<meta name=\"robots\" content=\"noindex, follow, max-snippet:-1, max-image-preview:large, max-video-preview:-1\" \/>\n<meta property=\"og:locale\" content=\"de_DE\" \/>\n<meta property=\"og:type\" content=\"article\" \/>\n<meta property=\"og:title\" content=\"Campingplatz mit Gruppenaufnahme auf der Ile de R\u00e9\" \/>\n<meta property=\"og:description\" content=\"Entscheiden Sie sich f\u00fcr den Campingplatz Tamarins Plage f\u00fcr Ihre Familien- und Firmenveranstaltungen: Ihr Campingplatz hei\u00dft Gruppen in der Charente-Maritime herzlich willkommen!\" \/>\n<meta property=\"og:url\" content=\"https:\/\/tamarins.geek-tonic.dev\/de\/camping-group-ile-de-re\/\" \/>\n<meta property=\"og:site_name\" content=\"Camping Tamarin\" \/>\n<meta property=\"article:modified_time\" content=\"2024-04-08T11:25:01+00:00\" \/>\n<meta property=\"og:image\" content=\"https:\/\/tamarins.geek-tonic.dev\/wp-content\/uploads\/sites\/7\/2024\/02\/groupe-seminaire-camping-ile-de-re-1.webp\" \/>\n\t<meta property=\"og:image:width\" content=\"2000\" \/>\n\t<meta property=\"og:image:height\" content=\"1070\" \/>\n\t<meta property=\"og:image:type\" content=\"image\/webp\" \/>\n<meta name=\"twitter:card\" content=\"summary_large_image\" \/>\n<meta name=\"twitter:label1\" content=\"Gesch\u00e4tzte Lesezeit\" \/>\n\t<meta name=\"twitter:data1\" content=\"2\u00a0Minuten\" \/>\n<script type=\"application\/ld+json\" class=\"yoast-schema-graph\">{\"@context\":\"https:\/\/schema.org\",\"@graph\":[{\"@type\":\"WebPage\",\"@id\":\"https:\/\/tamarins.geek-tonic.dev\/de\/camping-group-ile-de-re\/\",\"url\":\"https:\/\/tamarins.geek-tonic.dev\/de\/camping-group-ile-de-re\/\",\"name\":\"Campingplatz mit Gruppenaufnahme auf der Ile de R\u00e9\",\"isPartOf\":{\"@id\":\"https:\/\/tamarins.geek-tonic.dev\/de\/#website\"},\"primaryImageOfPage\":{\"@id\":\"https:\/\/tamarins.geek-tonic.dev\/de\/camping-group-ile-de-re\/#primaryimage\"},\"image\":{\"@id\":\"https:\/\/tamarins.geek-tonic.dev\/de\/camping-group-ile-de-re\/#primaryimage\"},\"thumbnailUrl\":\"https:\/\/tamarins.geek-tonic.dev\/wp-content\/uploads\/sites\/7\/2024\/02\/groupe-seminaire-camping-ile-de-re-1.webp\",\"datePublished\":\"2023-12-19T10:25:53+00:00\",\"dateModified\":\"2024-04-08T11:25:01+00:00\",\"description\":\"Entscheiden Sie sich f\u00fcr den Campingplatz Tamarins Plage f\u00fcr Ihre Familien- und Firmenveranstaltungen: Ihr Campingplatz hei\u00dft Gruppen in der Charente-Maritime herzlich willkommen!\",\"breadcrumb\":{\"@id\":\"https:\/\/tamarins.geek-tonic.dev\/de\/camping-group-ile-de-re\/#breadcrumb\"},\"inLanguage\":\"de\",\"potentialAction\":[{\"@type\":\"ReadAction\",\"target\":[\"https:\/\/tamarins.geek-tonic.dev\/de\/camping-group-ile-de-re\/\"]}]},{\"@type\":\"ImageObject\",\"inLanguage\":\"de\",\"@id\":\"https:\/\/tamarins.geek-tonic.dev\/de\/camping-group-ile-de-re\/#primaryimage\",\"url\":\"https:\/\/tamarins.geek-tonic.dev\/wp-content\/uploads\/sites\/7\/2024\/02\/groupe-seminaire-camping-ile-de-re-1.webp\",\"contentUrl\":\"https:\/\/tamarins.geek-tonic.dev\/wp-content\/uploads\/sites\/7\/2024\/02\/groupe-seminaire-camping-ile-de-re-1.webp\",\"width\":2000,\"height\":1070,\"caption\":\"seminargruppe camping ile de re\"},{\"@type\":\"BreadcrumbList\",\"@id\":\"https:\/\/tamarins.geek-tonic.dev\/de\/camping-group-ile-de-re\/#breadcrumb\",\"itemListElement\":[{\"@type\":\"ListItem\",\"position\":1,\"name\":\"Camping sur l\u2019\u00eele de R\u00e9\",\"item\":\"https:\/\/tamarins.geek-tonic.dev\/de\/\"},{\"@type\":\"ListItem\",\"position\":2,\"name\":\"Campingplatz f\u00fcr Ihre Veranstaltungen in Charente-Maritime\"}]},{\"@type\":\"WebSite\",\"@id\":\"https:\/\/tamarins.geek-tonic.dev\/de\/#website\",\"url\":\"https:\/\/tamarins.geek-tonic.dev\/de\/\",\"name\":\"Camping Tamarin\",\"description\":\"\",\"publisher\":{\"@id\":\"https:\/\/tamarins.geek-tonic.dev\/de\/#organization\"},\"potentialAction\":[{\"@type\":\"SearchAction\",\"target\":{\"@type\":\"EntryPoint\",\"urlTemplate\":\"https:\/\/tamarins.geek-tonic.dev\/de\/?s={search_term_string}\"},\"query-input\":{\"@type\":\"PropertyValueSpecification\",\"valueRequired\":true,\"valueName\":\"search_term_string\"}}],\"inLanguage\":\"de\"},{\"@type\":\"Organization\",\"@id\":\"https:\/\/tamarins.geek-tonic.dev\/de\/#organization\",\"name\":\"Camping Tamarin\",\"url\":\"https:\/\/tamarins.geek-tonic.dev\/de\/\",\"logo\":{\"@type\":\"ImageObject\",\"inLanguage\":\"de\",\"@id\":\"https:\/\/tamarins.geek-tonic.dev\/de\/#\/schema\/logo\/image\/\",\"url\":\"https:\/\/tamarins.geek-tonic.dev\/wp-content\/uploads\/sites\/7\/2024\/02\/cropped-logo-Flower-camping-Tamarins-Plage.png\",\"contentUrl\":\"https:\/\/tamarins.geek-tonic.dev\/wp-content\/uploads\/sites\/7\/2024\/02\/cropped-logo-Flower-camping-Tamarins-Plage.png\",\"width\":500,\"height\":660,\"caption\":\"Camping Tamarin\"},\"image\":{\"@id\":\"https:\/\/tamarins.geek-tonic.dev\/de\/#\/schema\/logo\/image\/\"}}]}<\/script>\n<!-- \/ Yoast SEO plugin. -->","yoast_head_json":{"title":"Campingplatz mit Gruppenaufnahme auf der Ile de R\u00e9","description":"Entscheiden Sie sich f\u00fcr den Campingplatz Tamarins Plage f\u00fcr Ihre Familien- und Firmenveranstaltungen: Ihr Campingplatz hei\u00dft Gruppen in der Charente-Maritime herzlich willkommen!","robots":{"index":"noindex","follow":"follow","max-snippet":"max-snippet:-1","max-image-preview":"max-image-preview:large","max-video-preview":"max-video-preview:-1"},"og_locale":"de_DE","og_type":"article","og_title":"Campingplatz mit Gruppenaufnahme auf der Ile de R\u00e9","og_description":"Entscheiden Sie sich f\u00fcr den Campingplatz Tamarins Plage f\u00fcr Ihre Familien- und Firmenveranstaltungen: Ihr Campingplatz hei\u00dft Gruppen in der Charente-Maritime herzlich willkommen!","og_url":"https:\/\/tamarins.geek-tonic.dev\/de\/camping-group-ile-de-re\/","og_site_name":"Camping Tamarin","article_modified_time":"2024-04-08T11:25:01+00:00","og_image":[{"width":2000,"height":1070,"url":"https:\/\/tamarins.geek-tonic.dev\/wp-content\/uploads\/sites\/7\/2024\/02\/groupe-seminaire-camping-ile-de-re-1.webp","type":"image\/webp"}],"twitter_card":"summary_large_image","twitter_misc":{"Gesch\u00e4tzte Lesezeit":"2\u00a0Minuten"},"schema":{"@context":"https:\/\/schema.org","@graph":[{"@type":"WebPage","@id":"https:\/\/tamarins.geek-tonic.dev\/de\/camping-group-ile-de-re\/","url":"https:\/\/tamarins.geek-tonic.dev\/de\/camping-group-ile-de-re\/","name":"Campingplatz mit Gruppenaufnahme auf der Ile de R\u00e9","isPartOf":{"@id":"https:\/\/tamarins.geek-tonic.dev\/de\/#website"},"primaryImageOfPage":{"@id":"https:\/\/tamarins.geek-tonic.dev\/de\/camping-group-ile-de-re\/#primaryimage"},"image":{"@id":"https:\/\/tamarins.geek-tonic.dev\/de\/camping-group-ile-de-re\/#primaryimage"},"thumbnailUrl":"https:\/\/tamarins.geek-tonic.dev\/wp-content\/uploads\/sites\/7\/2024\/02\/groupe-seminaire-camping-ile-de-re-1.webp","datePublished":"2023-12-19T10:25:53+00:00","dateModified":"2024-04-08T11:25:01+00:00","description":"Entscheiden Sie sich f\u00fcr den Campingplatz Tamarins Plage f\u00fcr Ihre Familien- und Firmenveranstaltungen: Ihr Campingplatz hei\u00dft Gruppen in der Charente-Maritime herzlich willkommen!","breadcrumb":{"@id":"https:\/\/tamarins.geek-tonic.dev\/de\/camping-group-ile-de-re\/#breadcrumb"},"inLanguage":"de","potentialAction":[{"@type":"ReadAction","target":["https:\/\/tamarins.geek-tonic.dev\/de\/camping-group-ile-de-re\/"]}]},{"@type":"ImageObject","inLanguage":"de","@id":"https:\/\/tamarins.geek-tonic.dev\/de\/camping-group-ile-de-re\/#primaryimage","url":"https:\/\/tamarins.geek-tonic.dev\/wp-content\/uploads\/sites\/7\/2024\/02\/groupe-seminaire-camping-ile-de-re-1.webp","contentUrl":"https:\/\/tamarins.geek-tonic.dev\/wp-content\/uploads\/sites\/7\/2024\/02\/groupe-seminaire-camping-ile-de-re-1.webp","width":2000,"height":1070,"caption":"seminargruppe camping ile de re"},{"@type":"BreadcrumbList","@id":"https:\/\/tamarins.geek-tonic.dev\/de\/camping-group-ile-de-re\/#breadcrumb","itemListElement":[{"@type":"ListItem","position":1,"name":"Camping sur l\u2019\u00eele de R\u00e9","item":"https:\/\/tamarins.geek-tonic.dev\/de\/"},{"@type":"ListItem","position":2,"name":"Campingplatz f\u00fcr Ihre Veranstaltungen in Charente-Maritime"}]},{"@type":"WebSite","@id":"https:\/\/tamarins.geek-tonic.dev\/de\/#website","url":"https:\/\/tamarins.geek-tonic.dev\/de\/","name":"Camping Tamarin","description":"","publisher":{"@id":"https:\/\/tamarins.geek-tonic.dev\/de\/#organization"},"potentialAction":[{"@type":"SearchAction","target":{"@type":"EntryPoint","urlTemplate":"https:\/\/tamarins.geek-tonic.dev\/de\/?s={search_term_string}"},"query-input":{"@type":"PropertyValueSpecification","valueRequired":true,"valueName":"search_term_string"}}],"inLanguage":"de"},{"@type":"Organization","@id":"https:\/\/tamarins.geek-tonic.dev\/de\/#organization","name":"Camping Tamarin","url":"https:\/\/tamarins.geek-tonic.dev\/de\/","logo":{"@type":"ImageObject","inLanguage":"de","@id":"https:\/\/tamarins.geek-tonic.dev\/de\/#\/schema\/logo\/image\/","url":"https:\/\/tamarins.geek-tonic.dev\/wp-content\/uploads\/sites\/7\/2024\/02\/cropped-logo-Flower-camping-Tamarins-Plage.png","contentUrl":"https:\/\/tamarins.geek-tonic.dev\/wp-content\/uploads\/sites\/7\/2024\/02\/cropped-logo-Flower-camping-Tamarins-Plage.png","width":500,"height":660,"caption":"Camping Tamarin"},"image":{"@id":"https:\/\/tamarins.geek-tonic.dev\/de\/#\/schema\/logo\/image\/"}}]}},"_links":{"self":[{"href":"https:\/\/tamarins.geek-tonic.dev\/de\/wp-json\/wp\/v2\/pages\/2020","targetHints":{"allow":["GET"]}}],"collection":[{"href":"https:\/\/tamarins.geek-tonic.dev\/de\/wp-json\/wp\/v2\/pages"}],"about":[{"href":"https:\/\/tamarins.geek-tonic.dev\/de\/wp-json\/wp\/v2\/types\/page"}],"author":[{"embeddable":true,"href":"https:\/\/tamarins.geek-tonic.dev\/de\/wp-json\/wp\/v2\/users\/1"}],"replies":[{"embeddable":true,"href":"https:\/\/tamarins.geek-tonic.dev\/de\/wp-json\/wp\/v2\/comments?post=2020"}],"version-history":[{"count":2,"href":"https:\/\/tamarins.geek-tonic.dev\/de\/wp-json\/wp\/v2\/pages\/2020\/revisions"}],"predecessor-version":[{"id":2246,"href":"https:\/\/tamarins.geek-tonic.dev\/de\/wp-json\/wp\/v2\/pages\/2020\/revisions\/2246"}],"wp:featuredmedia":[{"embeddable":true,"href":"https:\/\/tamarins.geek-tonic.dev\/de\/wp-json\/wp\/v2\/media\/2024"}],"wp:attachment":[{"href":"https:\/\/tamarins.geek-tonic.dev\/de\/wp-json\/wp\/v2\/media?parent=2020"}],"wp:term":[{"taxonomy":"sujet","embeddable":true,"href":"https:\/\/tamarins.geek-tonic.dev\/de\/wp-json\/wp\/v2\/sujet?post=2020"}],"curies":[{"name":"wp","href":"https:\/\/api.w.org\/{rel}","templated":true}]}}