{"id":2029,"date":"2024-02-16T15:35:36","date_gmt":"2024-02-16T14:35:36","guid":{"rendered":"https:\/\/tamarins.geek-tonic.dev\/campingplatz-angouleme\/"},"modified":"2024-04-08T13:26:17","modified_gmt":"2024-04-08T11:26:17","slug":"camping-angouleme","status":"publish","type":"page","link":"https:\/\/tamarins.geek-tonic.dev\/de\/camping-angouleme\/","title":{"rendered":"Angoul\u00eame"},"content":{"rendered":"<section id=\"ls-section-block_3d163a3900aa8ad42bc4d7c01eae7431\" class=\"ls-section  page-one has-background has-color-4-background-color has-m-t m-t-0 has-m-b m-b-0 has-p-t p-t-14 has-p-b p-b-14\" >\r\n        <div class=\"container container--wide\">\r\n        \n\n<div class=\"wp-block-columns is-layout-flex wp-container-core-columns-is-layout-1 wp-block-columns-is-layout-flex\">\n<div class=\"wp-block-column animated fadeInLeft delay-100ms slow is-layout-flow wp-block-column-is-layout-flow\" style=\"flex-basis:45%\">\n<figure class=\"wp-block-image size-full\"><a href=\"https:\/\/tamarins.geek-tonic.dev\/wp-content\/uploads\/sites\/7\/2024\/02\/eglise-angouleme-camping-ile-de-re.webp\"><img decoding=\"async\" width=\"1200\" height=\"800\" src=\"https:\/\/tamarins.geek-tonic.dev\/wp-content\/uploads\/sites\/7\/2024\/02\/eglise-angouleme-camping-ile-de-re.webp\" alt=\"eglise angouleme camping ile de re\" class=\"wp-image-1236\" srcset=\"https:\/\/tamarins.geek-tonic.dev\/wp-content\/uploads\/sites\/7\/2024\/02\/eglise-angouleme-camping-ile-de-re.webp 1200w, https:\/\/tamarins.geek-tonic.dev\/wp-content\/uploads\/sites\/7\/2024\/02\/eglise-angouleme-camping-ile-de-re-300x200.webp 300w, https:\/\/tamarins.geek-tonic.dev\/wp-content\/uploads\/sites\/7\/2024\/02\/eglise-angouleme-camping-ile-de-re-1024x683.webp 1024w, https:\/\/tamarins.geek-tonic.dev\/wp-content\/uploads\/sites\/7\/2024\/02\/eglise-angouleme-camping-ile-de-re-768x512.webp 768w\" sizes=\"(max-width: 1200px) 100vw, 1200px\" \/><\/a><\/figure>\n<\/div>\n\n\n\n<div class=\"wp-block-column is-vertically-aligned-center animated fadeInRight slow is-layout-flow wp-block-column-is-layout-flow\" style=\"flex-basis:55%\">\n<h1 class=\"ls__heading wp-block-heading\">Angoul\u00eame entdecken<\/h1>\n\n\n\n<h2 class=\"ls__heading wp-block-heading\">Was gibt es in Angoul\u00eame zu sehen?<\/h2>\n\n\n\n<p class=\"ls-paragraph\">Machen Sie einen <strong>Zwischenstopp<\/strong> in Angoul\u00eame, einem Ort, der nur <strong>zwei Stunden von der \u00cele de R\u00e9 entfernt<\/strong> ist. Hier<strong>trifft Geschichte auf Moderne<\/strong>, und es gibt zahlreiche<strong> Aktivit\u00e4ten f\u00fcr die ganze Familie <\/strong>. Angoul\u00eame bietet eine ideale Br\u00fccke, um diese <strong>dynamische Stadt<\/strong> zu erkunden und gleichzeitig einen unvergesslichen Urlaub zu genie\u00dfen.<\/p>\n\n\n\n<p class=\"ls-paragraph\"><strong>Geschichtsinteressierte<\/strong> werden von der <strong>Altstadt<\/strong> <strong>von Angoul\u00eame<\/strong> mit ihren gepflasterten Gassen, der <strong>mittelalterlichen<\/strong> <strong>Stadtmauer<\/strong> und den <strong>jahrhundertealten<\/strong> <strong>Kirchen<\/strong> begeistert sein. Ein gem\u00fctlicher Spaziergang durch das historische Viertel versetzt Sie in eine andere Zeit und bietet eine bereichernde kulturelle Erfahrung f\u00fcr Jung und Alt.<\/p>\n<\/div>\n<\/div>\n\n\r\n    <\/div>\r\n<\/section><section id=\"ls-section-block_0c604a76b5d0ebc36b587881d54ac38b\" class=\"ls-section  home-gallery has-background has-color-4-background-color has-m-t m-t-0 has-p-t p-t-0\" >\r\n        <div class=\"container container--full\">\r\n        \n\n<figure class=\"wp-block-gallery has-nested-images columns-1 is-cropped galerie-slider-container wp-block-gallery-1 is-layout-flex wp-block-gallery-is-layout-flex\">\n<figure class=\"wp-block-image size-full\"><a href=\"https:\/\/tamarins.geek-tonic.dev\/wp-content\/uploads\/sites\/7\/2024\/02\/festival-bd-angouleme-camping-ile-de-re.webp\"><img decoding=\"async\" width=\"1200\" height=\"800\" src=\"https:\/\/tamarins.geek-tonic.dev\/wp-content\/uploads\/sites\/7\/2024\/02\/festival-bd-angouleme-camping-ile-de-re.webp\" alt=\"festival bd angouleme camping ile de re\" class=\"wp-image-1240\" srcset=\"https:\/\/tamarins.geek-tonic.dev\/wp-content\/uploads\/sites\/7\/2024\/02\/festival-bd-angouleme-camping-ile-de-re.webp 1200w, https:\/\/tamarins.geek-tonic.dev\/wp-content\/uploads\/sites\/7\/2024\/02\/festival-bd-angouleme-camping-ile-de-re-300x200.webp 300w, https:\/\/tamarins.geek-tonic.dev\/wp-content\/uploads\/sites\/7\/2024\/02\/festival-bd-angouleme-camping-ile-de-re-1024x683.webp 1024w, https:\/\/tamarins.geek-tonic.dev\/wp-content\/uploads\/sites\/7\/2024\/02\/festival-bd-angouleme-camping-ile-de-re-768x512.webp 768w\" sizes=\"(max-width: 1200px) 100vw, 1200px\" \/><\/a><\/figure>\n\n\n\n<figure class=\"wp-block-image size-full\"><a href=\"https:\/\/tamarins.geek-tonic.dev\/wp-content\/uploads\/sites\/7\/2024\/02\/ville-angouleme-camping-ile-de-re.webp\"><img decoding=\"async\" width=\"1200\" height=\"800\" src=\"https:\/\/tamarins.geek-tonic.dev\/wp-content\/uploads\/sites\/7\/2024\/02\/ville-angouleme-camping-ile-de-re.webp\" alt=\"ville angouleme camping ile de re\" class=\"wp-image-1242\" srcset=\"https:\/\/tamarins.geek-tonic.dev\/wp-content\/uploads\/sites\/7\/2024\/02\/ville-angouleme-camping-ile-de-re.webp 1200w, https:\/\/tamarins.geek-tonic.dev\/wp-content\/uploads\/sites\/7\/2024\/02\/ville-angouleme-camping-ile-de-re-300x200.webp 300w, https:\/\/tamarins.geek-tonic.dev\/wp-content\/uploads\/sites\/7\/2024\/02\/ville-angouleme-camping-ile-de-re-1024x683.webp 1024w, https:\/\/tamarins.geek-tonic.dev\/wp-content\/uploads\/sites\/7\/2024\/02\/ville-angouleme-camping-ile-de-re-768x512.webp 768w\" sizes=\"(max-width: 1200px) 100vw, 1200px\" \/><\/a><\/figure>\n\n\n\n<figure class=\"wp-block-image size-full\"><a href=\"https:\/\/tamarins.geek-tonic.dev\/wp-content\/uploads\/sites\/7\/2024\/02\/parc-angouleme-camping-ile-de-re.webp\"><img decoding=\"async\" width=\"1200\" height=\"800\" src=\"https:\/\/tamarins.geek-tonic.dev\/wp-content\/uploads\/sites\/7\/2024\/02\/parc-angouleme-camping-ile-de-re.webp\" alt=\"parc angouleme camping ile de re\" class=\"wp-image-1245\" srcset=\"https:\/\/tamarins.geek-tonic.dev\/wp-content\/uploads\/sites\/7\/2024\/02\/parc-angouleme-camping-ile-de-re.webp 1200w, https:\/\/tamarins.geek-tonic.dev\/wp-content\/uploads\/sites\/7\/2024\/02\/parc-angouleme-camping-ile-de-re-300x200.webp 300w, https:\/\/tamarins.geek-tonic.dev\/wp-content\/uploads\/sites\/7\/2024\/02\/parc-angouleme-camping-ile-de-re-1024x683.webp 1024w, https:\/\/tamarins.geek-tonic.dev\/wp-content\/uploads\/sites\/7\/2024\/02\/parc-angouleme-camping-ile-de-re-768x512.webp 768w\" sizes=\"(max-width: 1200px) 100vw, 1200px\" \/><\/a><\/figure>\n<\/figure>\n\n\r\n    <\/div>\r\n<\/section><section id=\"ls-section-block_cd3033f7ac0de814bbb4c6fe2a4f1197\" class=\"ls-section  page-one aventure\" >\r\n        <div class=\"container container--wide\">\r\n        \n\n<div class=\"wp-block-columns is-layout-flex wp-container-core-columns-is-layout-2 wp-block-columns-is-layout-flex\">\n<div class=\"wp-block-column first animated fadeInLeft delay-100ms slow is-layout-flow wp-block-column-is-layout-flow\" style=\"flex-basis:45%\">\n<figure class=\"wp-block-image size-full\"><a href=\"https:\/\/tamarins.geek-tonic.dev\/wp-content\/uploads\/sites\/7\/2024\/02\/charente-angouleme-camping-ile-de-re.webp\"><img decoding=\"async\" width=\"1200\" height=\"800\" src=\"https:\/\/tamarins.geek-tonic.dev\/wp-content\/uploads\/sites\/7\/2024\/02\/charente-angouleme-camping-ile-de-re.webp\" alt=\"charente angouleme camping ile de re\" class=\"wp-image-1238\" srcset=\"https:\/\/tamarins.geek-tonic.dev\/wp-content\/uploads\/sites\/7\/2024\/02\/charente-angouleme-camping-ile-de-re.webp 1200w, https:\/\/tamarins.geek-tonic.dev\/wp-content\/uploads\/sites\/7\/2024\/02\/charente-angouleme-camping-ile-de-re-300x200.webp 300w, https:\/\/tamarins.geek-tonic.dev\/wp-content\/uploads\/sites\/7\/2024\/02\/charente-angouleme-camping-ile-de-re-1024x683.webp 1024w, https:\/\/tamarins.geek-tonic.dev\/wp-content\/uploads\/sites\/7\/2024\/02\/charente-angouleme-camping-ile-de-re-768x512.webp 768w\" sizes=\"(max-width: 1200px) 100vw, 1200px\" \/><\/a><\/figure>\n<\/div>\n\n\n\n<div class=\"wp-block-column is-vertically-aligned-center second animated fadeInRight slow is-layout-flow wp-block-column-is-layout-flow\" style=\"flex-basis:55%\">\n<h2 class=\"ls__heading wp-block-heading has-text-align-left\">Aktivit\u00e4ten, die man nicht verpassen sollte<\/h2>\n\n\n\n<p class=\"ls-paragraph\">F\u00fcr ein <strong>zeitgem\u00e4\u00dferes<\/strong> <strong>Abenteuer<\/strong> begeben Sie sich in den <a href=\"https:\/\/www.grandangouleme.fr\/sortir-et-decouvrir\/sport\/nautilis-centre-aquatique-et-patinoire\/\" target=\"_blank\" rel=\"noreferrer noopener\">Nautilis<\/a>, einen <strong>familienfreundlichen<\/strong> <strong>Wasserpark<\/strong> mit einer gro\u00dfen Auswahl an Pools und Rutschen f\u00fcr alle Altersgruppen. Familien k\u00f6nnen auch <strong>entspannende<\/strong> <strong>Wassersportaktivit\u00e4ten<\/strong> auf der <a href=\"https:\/\/la.charente-maritime.fr\/\" target=\"_blank\" rel=\"noreferrer noopener\">Charente<\/a> genie\u00dfen, die eine einzigartige Perspektive auf die Stadt vom Wasser aus bieten.<\/p>\n\n\n\n<p class=\"ls-paragraph\">Die <strong>gr\u00fcnen<\/strong> <strong>Parks<\/strong> und <strong>Spielpl\u00e4tze<\/strong>, die \u00fcber die ganze Stadt verstreut sind, eignen sich hervorragend f\u00fcr Familienpicknicks oder Nachmittage im Freien. <strong>Lokale<\/strong> <strong>Veranstaltungen<\/strong> wie das <strong>Comic-Festival in Angoul\u00eame<\/strong> fesseln Gro\u00df und Klein mit Kunstausstellungen und dynamischen Animationen.<\/p>\n\n\n\n<p class=\"ls-paragraph\">Der Zauber von Angoul\u00eame erwartet Sie, bereit, bleibende Erinnerungen f\u00fcr die ganze Familie zu schaffen.<\/p>\n<\/div>\n<\/div>\n\n\r\n    <\/div>\r\n<\/section><section id=\"ls-section-block_46bc4ba4f025a3ff4a68ebfbadca7da7\" class=\"ls-section  page-maillage experience has-p-t p-t-0\" >\r\n        <div class=\"container container--wide\">\r\n        \n\n<div id=\"ls-heading ls-titre-div-block_98459ff5f08295445ec5e85cffc3442a\" class=\"ls-titre-div aligncenter h2-like\" >\n    <strong>Entdecken <\/strong> Sie unsere Umgebung<\/div>\n\n\n<div id=\"ls-maillage-block_2bb6d9a99b2b120fdc38da7576681c90\" class=\"ls-maillage cta-style-normal\" data-rows=\"3\">\n    <div class=\"wp-block-columns\"><div class=\"wp-block-column\"><div id=\"destinations\" class=\"ls-cta\">\n\n<a href=\"https:\/\/tamarins.geek-tonic.dev\/de\/camping-poitiers\/\" target=\"\" rel=\"noopener\" class=\"ls-cta__link\">\n\n\t<div class=\"ls-cta__image\"><img decoding=\"async\" src=\"https:\/\/tamarins.geek-tonic.dev\/wp-content\/uploads\/sites\/7\/2024\/02\/tourime-ville-poitiers-camping-ile-de-re.webp\" alt=\"tourime ville poitiers camping ile de re\"><\/div>\n\t<div class=\"ls-cta__title\">\n\t\tPoitiers\t<\/div>\n\n\t\t\n<\/a><\/div><\/div><div class=\"wp-block-column\"><div id=\"destinations\" class=\"ls-cta\">\n\n<a href=\"https:\/\/tamarins.geek-tonic.dev\/de\/camping-la-rochelle\/\" target=\"\" rel=\"noopener\" class=\"ls-cta__link\">\n\n\t<div class=\"ls-cta__image\"><img decoding=\"async\" src=\"https:\/\/tamarins.geek-tonic.dev\/wp-content\/uploads\/sites\/7\/2024\/02\/tourisme-la-rochelle-camping-ile-de-re.webp\" alt=\"tourismus la rochelle camping ile de re\"><\/div>\n\t<div class=\"ls-cta__title\">\n\t\tLa Rochelle\t<\/div>\n\n\t\t\n<\/a><\/div><\/div><div class=\"wp-block-column\"><div id=\"destinations\" class=\"ls-cta\">\n\n<a href=\"https:\/\/tamarins.geek-tonic.dev\/de\/tourismus-re-insel\/\" target=\"\" rel=\"noopener\" class=\"ls-cta__link\">\n\n\t<div class=\"ls-cta__image\"><img decoding=\"async\" src=\"https:\/\/tamarins.geek-tonic.dev\/wp-content\/uploads\/sites\/7\/2024\/02\/tourisme-camping-ile-de-re.webp\" alt=\"tourismus camping ile de re\"><\/div>\n\t<div class=\"ls-cta__title\">\n\t\t\u00cele de R\u00e9\t<\/div>\n\n\t\t\n<\/a><\/div><\/div><\/div><\/div>\n\r\n    <\/div>\r\n<\/section>","protected":false},"excerpt":{"rendered":"","protected":false},"author":1,"featured_media":2036,"parent":0,"menu_order":0,"comment_status":"closed","ping_status":"closed","template":"","meta":{"_acf_changed":false,"footnotes":""},"sujet":[],"class_list":["post-2029","page","type-page","status-publish","has-post-thumbnail","hentry"],"acf":[],"yoast_head":"<!-- This site is optimized with the Yoast SEO plugin v23.9 - https:\/\/yoast.com\/wordpress\/plugins\/seo\/ -->\n<title>Besichtigen Sie Angoul\u00eame in der N\u00e4he des Campingplatzes : Aktivit\u00e4ten, Entdeckungen<\/title>\n<meta name=\"description\" content=\"Entdecken Sie w\u00e4hrend Ihres Aufenthalts Angoul\u00eame, das nur 2 Stunden vom Campingplatz entfernt liegt. Auf dem Programm stehen die Besichtigung der Altstadt, Familienaktivit\u00e4ten und ein Wasserpark!\" \/>\n<meta name=\"robots\" content=\"noindex, follow, max-snippet:-1, max-image-preview:large, max-video-preview:-1\" \/>\n<meta property=\"og:locale\" content=\"de_DE\" \/>\n<meta property=\"og:type\" content=\"article\" \/>\n<meta property=\"og:title\" content=\"Besichtigen Sie Angoul\u00eame in der N\u00e4he des Campingplatzes : Aktivit\u00e4ten, Entdeckungen\" \/>\n<meta property=\"og:description\" content=\"Entdecken Sie w\u00e4hrend Ihres Aufenthalts Angoul\u00eame, das nur 2 Stunden vom Campingplatz entfernt liegt. Auf dem Programm stehen die Besichtigung der Altstadt, Familienaktivit\u00e4ten und ein Wasserpark!\" \/>\n<meta property=\"og:url\" content=\"https:\/\/tamarins.geek-tonic.dev\/de\/camping-angouleme\/\" \/>\n<meta property=\"og:site_name\" content=\"Camping Tamarin\" \/>\n<meta property=\"article:modified_time\" content=\"2024-04-08T11:26:17+00:00\" \/>\n<meta property=\"og:image\" content=\"https:\/\/tamarins.geek-tonic.dev\/wp-content\/uploads\/sites\/7\/2024\/02\/tourisme-angouleme-camping-ile-de-re-1.webp\" \/>\n\t<meta property=\"og:image:width\" content=\"2000\" \/>\n\t<meta property=\"og:image:height\" content=\"1000\" \/>\n\t<meta property=\"og:image:type\" content=\"image\/webp\" \/>\n<meta name=\"twitter:card\" content=\"summary_large_image\" \/>\n<meta name=\"twitter:label1\" content=\"Gesch\u00e4tzte Lesezeit\" \/>\n\t<meta name=\"twitter:data1\" content=\"1\u00a0Minute\" \/>\n<script type=\"application\/ld+json\" class=\"yoast-schema-graph\">{\"@context\":\"https:\/\/schema.org\",\"@graph\":[{\"@type\":\"WebPage\",\"@id\":\"https:\/\/tamarins.geek-tonic.dev\/de\/camping-angouleme\/\",\"url\":\"https:\/\/tamarins.geek-tonic.dev\/de\/camping-angouleme\/\",\"name\":\"Besichtigen Sie Angoul\u00eame in der N\u00e4he des Campingplatzes : Aktivit\u00e4ten, Entdeckungen\",\"isPartOf\":{\"@id\":\"https:\/\/tamarins.geek-tonic.dev\/de\/#website\"},\"primaryImageOfPage\":{\"@id\":\"https:\/\/tamarins.geek-tonic.dev\/de\/camping-angouleme\/#primaryimage\"},\"image\":{\"@id\":\"https:\/\/tamarins.geek-tonic.dev\/de\/camping-angouleme\/#primaryimage\"},\"thumbnailUrl\":\"https:\/\/tamarins.geek-tonic.dev\/wp-content\/uploads\/sites\/7\/2024\/02\/tourisme-angouleme-camping-ile-de-re-1.webp\",\"datePublished\":\"2024-02-16T14:35:36+00:00\",\"dateModified\":\"2024-04-08T11:26:17+00:00\",\"description\":\"Entdecken Sie w\u00e4hrend Ihres Aufenthalts Angoul\u00eame, das nur 2 Stunden vom Campingplatz entfernt liegt. Auf dem Programm stehen die Besichtigung der Altstadt, Familienaktivit\u00e4ten und ein Wasserpark!\",\"breadcrumb\":{\"@id\":\"https:\/\/tamarins.geek-tonic.dev\/de\/camping-angouleme\/#breadcrumb\"},\"inLanguage\":\"de\",\"potentialAction\":[{\"@type\":\"ReadAction\",\"target\":[\"https:\/\/tamarins.geek-tonic.dev\/de\/camping-angouleme\/\"]}]},{\"@type\":\"ImageObject\",\"inLanguage\":\"de\",\"@id\":\"https:\/\/tamarins.geek-tonic.dev\/de\/camping-angouleme\/#primaryimage\",\"url\":\"https:\/\/tamarins.geek-tonic.dev\/wp-content\/uploads\/sites\/7\/2024\/02\/tourisme-angouleme-camping-ile-de-re-1.webp\",\"contentUrl\":\"https:\/\/tamarins.geek-tonic.dev\/wp-content\/uploads\/sites\/7\/2024\/02\/tourisme-angouleme-camping-ile-de-re-1.webp\",\"width\":2000,\"height\":1000,\"caption\":\"tourismus angouleme camping ile de re\"},{\"@type\":\"BreadcrumbList\",\"@id\":\"https:\/\/tamarins.geek-tonic.dev\/de\/camping-angouleme\/#breadcrumb\",\"itemListElement\":[{\"@type\":\"ListItem\",\"position\":1,\"name\":\"Camping sur l\u2019\u00eele de R\u00e9\",\"item\":\"https:\/\/tamarins.geek-tonic.dev\/de\/\"},{\"@type\":\"ListItem\",\"position\":2,\"name\":\"Campingplatz in der N\u00e4he von Angoul\u00eame\"}]},{\"@type\":\"WebSite\",\"@id\":\"https:\/\/tamarins.geek-tonic.dev\/de\/#website\",\"url\":\"https:\/\/tamarins.geek-tonic.dev\/de\/\",\"name\":\"Camping Tamarin\",\"description\":\"\",\"publisher\":{\"@id\":\"https:\/\/tamarins.geek-tonic.dev\/de\/#organization\"},\"potentialAction\":[{\"@type\":\"SearchAction\",\"target\":{\"@type\":\"EntryPoint\",\"urlTemplate\":\"https:\/\/tamarins.geek-tonic.dev\/de\/?s={search_term_string}\"},\"query-input\":{\"@type\":\"PropertyValueSpecification\",\"valueRequired\":true,\"valueName\":\"search_term_string\"}}],\"inLanguage\":\"de\"},{\"@type\":\"Organization\",\"@id\":\"https:\/\/tamarins.geek-tonic.dev\/de\/#organization\",\"name\":\"Camping Tamarin\",\"url\":\"https:\/\/tamarins.geek-tonic.dev\/de\/\",\"logo\":{\"@type\":\"ImageObject\",\"inLanguage\":\"de\",\"@id\":\"https:\/\/tamarins.geek-tonic.dev\/de\/#\/schema\/logo\/image\/\",\"url\":\"https:\/\/tamarins.geek-tonic.dev\/wp-content\/uploads\/sites\/7\/2024\/02\/cropped-logo-Flower-camping-Tamarins-Plage.png\",\"contentUrl\":\"https:\/\/tamarins.geek-tonic.dev\/wp-content\/uploads\/sites\/7\/2024\/02\/cropped-logo-Flower-camping-Tamarins-Plage.png\",\"width\":500,\"height\":660,\"caption\":\"Camping Tamarin\"},\"image\":{\"@id\":\"https:\/\/tamarins.geek-tonic.dev\/de\/#\/schema\/logo\/image\/\"}}]}<\/script>\n<!-- \/ Yoast SEO plugin. -->","yoast_head_json":{"title":"Besichtigen Sie Angoul\u00eame in der N\u00e4he des Campingplatzes : Aktivit\u00e4ten, Entdeckungen","description":"Entdecken Sie w\u00e4hrend Ihres Aufenthalts Angoul\u00eame, das nur 2 Stunden vom Campingplatz entfernt liegt. Auf dem Programm stehen die Besichtigung der Altstadt, Familienaktivit\u00e4ten und ein Wasserpark!","robots":{"index":"noindex","follow":"follow","max-snippet":"max-snippet:-1","max-image-preview":"max-image-preview:large","max-video-preview":"max-video-preview:-1"},"og_locale":"de_DE","og_type":"article","og_title":"Besichtigen Sie Angoul\u00eame in der N\u00e4he des Campingplatzes : Aktivit\u00e4ten, Entdeckungen","og_description":"Entdecken Sie w\u00e4hrend Ihres Aufenthalts Angoul\u00eame, das nur 2 Stunden vom Campingplatz entfernt liegt. Auf dem Programm stehen die Besichtigung der Altstadt, Familienaktivit\u00e4ten und ein Wasserpark!","og_url":"https:\/\/tamarins.geek-tonic.dev\/de\/camping-angouleme\/","og_site_name":"Camping Tamarin","article_modified_time":"2024-04-08T11:26:17+00:00","og_image":[{"width":2000,"height":1000,"url":"https:\/\/tamarins.geek-tonic.dev\/wp-content\/uploads\/sites\/7\/2024\/02\/tourisme-angouleme-camping-ile-de-re-1.webp","type":"image\/webp"}],"twitter_card":"summary_large_image","twitter_misc":{"Gesch\u00e4tzte Lesezeit":"1\u00a0Minute"},"schema":{"@context":"https:\/\/schema.org","@graph":[{"@type":"WebPage","@id":"https:\/\/tamarins.geek-tonic.dev\/de\/camping-angouleme\/","url":"https:\/\/tamarins.geek-tonic.dev\/de\/camping-angouleme\/","name":"Besichtigen Sie Angoul\u00eame in der N\u00e4he des Campingplatzes : Aktivit\u00e4ten, Entdeckungen","isPartOf":{"@id":"https:\/\/tamarins.geek-tonic.dev\/de\/#website"},"primaryImageOfPage":{"@id":"https:\/\/tamarins.geek-tonic.dev\/de\/camping-angouleme\/#primaryimage"},"image":{"@id":"https:\/\/tamarins.geek-tonic.dev\/de\/camping-angouleme\/#primaryimage"},"thumbnailUrl":"https:\/\/tamarins.geek-tonic.dev\/wp-content\/uploads\/sites\/7\/2024\/02\/tourisme-angouleme-camping-ile-de-re-1.webp","datePublished":"2024-02-16T14:35:36+00:00","dateModified":"2024-04-08T11:26:17+00:00","description":"Entdecken Sie w\u00e4hrend Ihres Aufenthalts Angoul\u00eame, das nur 2 Stunden vom Campingplatz entfernt liegt. Auf dem Programm stehen die Besichtigung der Altstadt, Familienaktivit\u00e4ten und ein Wasserpark!","breadcrumb":{"@id":"https:\/\/tamarins.geek-tonic.dev\/de\/camping-angouleme\/#breadcrumb"},"inLanguage":"de","potentialAction":[{"@type":"ReadAction","target":["https:\/\/tamarins.geek-tonic.dev\/de\/camping-angouleme\/"]}]},{"@type":"ImageObject","inLanguage":"de","@id":"https:\/\/tamarins.geek-tonic.dev\/de\/camping-angouleme\/#primaryimage","url":"https:\/\/tamarins.geek-tonic.dev\/wp-content\/uploads\/sites\/7\/2024\/02\/tourisme-angouleme-camping-ile-de-re-1.webp","contentUrl":"https:\/\/tamarins.geek-tonic.dev\/wp-content\/uploads\/sites\/7\/2024\/02\/tourisme-angouleme-camping-ile-de-re-1.webp","width":2000,"height":1000,"caption":"tourismus angouleme camping ile de re"},{"@type":"BreadcrumbList","@id":"https:\/\/tamarins.geek-tonic.dev\/de\/camping-angouleme\/#breadcrumb","itemListElement":[{"@type":"ListItem","position":1,"name":"Camping sur l\u2019\u00eele de R\u00e9","item":"https:\/\/tamarins.geek-tonic.dev\/de\/"},{"@type":"ListItem","position":2,"name":"Campingplatz in der N\u00e4he von Angoul\u00eame"}]},{"@type":"WebSite","@id":"https:\/\/tamarins.geek-tonic.dev\/de\/#website","url":"https:\/\/tamarins.geek-tonic.dev\/de\/","name":"Camping Tamarin","description":"","publisher":{"@id":"https:\/\/tamarins.geek-tonic.dev\/de\/#organization"},"potentialAction":[{"@type":"SearchAction","target":{"@type":"EntryPoint","urlTemplate":"https:\/\/tamarins.geek-tonic.dev\/de\/?s={search_term_string}"},"query-input":{"@type":"PropertyValueSpecification","valueRequired":true,"valueName":"search_term_string"}}],"inLanguage":"de"},{"@type":"Organization","@id":"https:\/\/tamarins.geek-tonic.dev\/de\/#organization","name":"Camping Tamarin","url":"https:\/\/tamarins.geek-tonic.dev\/de\/","logo":{"@type":"ImageObject","inLanguage":"de","@id":"https:\/\/tamarins.geek-tonic.dev\/de\/#\/schema\/logo\/image\/","url":"https:\/\/tamarins.geek-tonic.dev\/wp-content\/uploads\/sites\/7\/2024\/02\/cropped-logo-Flower-camping-Tamarins-Plage.png","contentUrl":"https:\/\/tamarins.geek-tonic.dev\/wp-content\/uploads\/sites\/7\/2024\/02\/cropped-logo-Flower-camping-Tamarins-Plage.png","width":500,"height":660,"caption":"Camping Tamarin"},"image":{"@id":"https:\/\/tamarins.geek-tonic.dev\/de\/#\/schema\/logo\/image\/"}}]}},"_links":{"self":[{"href":"https:\/\/tamarins.geek-tonic.dev\/de\/wp-json\/wp\/v2\/pages\/2029","targetHints":{"allow":["GET"]}}],"collection":[{"href":"https:\/\/tamarins.geek-tonic.dev\/de\/wp-json\/wp\/v2\/pages"}],"about":[{"href":"https:\/\/tamarins.geek-tonic.dev\/de\/wp-json\/wp\/v2\/types\/page"}],"author":[{"embeddable":true,"href":"https:\/\/tamarins.geek-tonic.dev\/de\/wp-json\/wp\/v2\/users\/1"}],"replies":[{"embeddable":true,"href":"https:\/\/tamarins.geek-tonic.dev\/de\/wp-json\/wp\/v2\/comments?post=2029"}],"version-history":[{"count":2,"href":"https:\/\/tamarins.geek-tonic.dev\/de\/wp-json\/wp\/v2\/pages\/2029\/revisions"}],"predecessor-version":[{"id":2248,"href":"https:\/\/tamarins.geek-tonic.dev\/de\/wp-json\/wp\/v2\/pages\/2029\/revisions\/2248"}],"wp:featuredmedia":[{"embeddable":true,"href":"https:\/\/tamarins.geek-tonic.dev\/de\/wp-json\/wp\/v2\/media\/2036"}],"wp:attachment":[{"href":"https:\/\/tamarins.geek-tonic.dev\/de\/wp-json\/wp\/v2\/media?parent=2029"}],"wp:term":[{"taxonomy":"sujet","embeddable":true,"href":"https:\/\/tamarins.geek-tonic.dev\/de\/wp-json\/wp\/v2\/sujet?post=2029"}],"curies":[{"name":"wp","href":"https:\/\/api.w.org\/{rel}","templated":true}]}}