{"id":1850,"date":"2023-12-19T11:25:12","date_gmt":"2023-12-19T10:25:12","guid":{"rendered":"https:\/\/tamarins.geek-tonic.dev\/kamperen-flower-ile-de-re\/"},"modified":"2024-04-17T15:38:28","modified_gmt":"2024-04-17T13:38:28","slug":"camping-bloem-ile-de-re","status":"publish","type":"page","link":"https:\/\/tamarins.geek-tonic.dev\/nl\/camping-bloem-ile-de-re\/","title":{"rendered":"Onze verplichtingen"},"content":{"rendered":"<section id=\"ls-section-block_1867e26c07f278e07cdfa00f4623b8fc\" class=\"ls-section  page-one has-background has-color-4-background-color has-m-t m-t-0 has-m-b m-b-0 has-p-t p-t-14 has-p-b p-b-14\" >\r\n        <div class=\"container container--wide\">\r\n        \n\n<div class=\"wp-block-columns is-layout-flex wp-container-core-columns-is-layout-1 wp-block-columns-is-layout-flex\">\n<div class=\"wp-block-column animated fadeInLeft delay-100ms slow is-layout-flow wp-block-column-is-layout-flow\" style=\"flex-basis:45%\">\n<figure class=\"wp-block-image size-full\"><a href=\"https:\/\/tamarins.geek-tonic.dev\/wp-content\/uploads\/sites\/7\/2024\/02\/flower-camping-ile-de-re.webp\"><img decoding=\"async\" width=\"1200\" height=\"765\" src=\"https:\/\/tamarins.geek-tonic.dev\/wp-content\/uploads\/sites\/7\/2024\/02\/flower-camping-ile-de-re.webp\" alt=\"bloemencamping ile de re\" class=\"wp-image-976\" srcset=\"https:\/\/tamarins.geek-tonic.dev\/wp-content\/uploads\/sites\/7\/2024\/02\/flower-camping-ile-de-re.webp 1200w, https:\/\/tamarins.geek-tonic.dev\/wp-content\/uploads\/sites\/7\/2024\/02\/flower-camping-ile-de-re-300x191.webp 300w, https:\/\/tamarins.geek-tonic.dev\/wp-content\/uploads\/sites\/7\/2024\/02\/flower-camping-ile-de-re-1024x653.webp 1024w, https:\/\/tamarins.geek-tonic.dev\/wp-content\/uploads\/sites\/7\/2024\/02\/flower-camping-ile-de-re-768x490.webp 768w\" sizes=\"(max-width: 1200px) 100vw, 1200px\" \/><\/a><\/figure>\n<\/div>\n\n\n\n<div class=\"wp-block-column animated fadeInRight slow is-layout-flow wp-block-column-is-layout-flow\" style=\"flex-basis:55%\">\n<h1 class=\"ls__heading wp-block-heading\">Betrokken camping op het Ile de R\u00e9<\/h1>\n\n\n\n<h2 class=\"ls__heading wp-block-heading\">Bloem camping lid<\/h2>\n\n\n\n<p class=\"ls-paragraph\">Sinds 2024, <a href=\"https:\/\/tamarins.geek-tonic.dev\/nl\/\">camping Tamarins plage in Charente-Maritime<\/a><strong> <\/strong>is lid geworden van de Flower Campings familie, het grootste netwerk van onafhankelijke campings in Frankrijk. Flower Campings biedt kampeervakanties aan in heel Frankrijk, en in het bijzonder op Ile de R\u00e9, en deelt met camping Tamarins plage een gemeenschappelijke visie om een vakantie vol menselijkheid te bieden, in een zorgvuldig ontworpen omgeving met een warme familiesfeer.<\/p>\n\n\n\n<p class=\"ls-paragraph\">Door de <strong>strikte naleving van de Flower-normen<\/strong> verpersoonlijkt onze camping de campingervaring en maakt elk verblijf menselijk, waarbij vakantiegangers niet alleen worden verwelkomd, maar ook erkend.<\/p>\n\n\n\n<p class=\"ls-paragraph\">De  <strong>toezeggingen van Flower Campings<\/strong>  zijn zorgvuldig ge\u00efntegreerd in het dagelijkse leven van onze camping op het \u00cele de R\u00e9, met een persoonlijk onthaal, een luisterend oor, een constante beschikbaarheid van al het personeel, een onberispelijke service en hygi\u00ebne, de promotie van het  <strong>rijkdom<\/strong> <strong>lokale<\/strong>Deze omvatten respect voor rust en het milieu, zomeranimatie die aanwezig is maar niet opdringerig, en kwaliteitsnormen gecertificeerd door de Europese Commissie.<strong>  Label Qualit\u00e9 Tourisme<\/strong>.<br\/>Bovendien zijn onze<strong> <\/strong><a href=\"https:\/\/www.flowercampings.com\/page\/programme-de-fidelite-my-flower\" target=\"_blank\" rel=\"noreferrer noopener\">\n  <strong>Mijn Flower loyaliteitsprogramma<\/strong>\n<\/a> beloont de loyaliteit van onze klanten schrijf u in voor het programma en profiteer van kortingen door punten te verzamelen voor elk verblijf dat u boekt op onze campings.<\/p>\n<\/div>\n<\/div>\n\n\r\n    <\/div>\r\n<\/section><section id=\"ls-section-block_94c0fa9421a7624df85c667561a5b458\" class=\"ls-section  home-gallery has-background has-color-4-background-color has-m-t m-t-0 has-p-t p-t-0\" >\r\n        <div class=\"container container--full\">\r\n        \n\n<figure class=\"wp-block-gallery has-nested-images columns-1 is-cropped galerie-slider-container wp-block-gallery-1 is-layout-flex wp-block-gallery-is-layout-flex\">\n<figure class=\"wp-block-image size-full\"><a href=\"https:\/\/tamarins.geek-tonic.dev\/wp-content\/uploads\/sites\/7\/2024\/02\/eau-engagement-camping-flower-ile-de-re.webp\"><img decoding=\"async\" width=\"1200\" height=\"765\" src=\"https:\/\/tamarins.geek-tonic.dev\/wp-content\/uploads\/sites\/7\/2024\/02\/eau-engagement-camping-flower-ile-de-re.webp\" alt=\"water verbintenis camping bloem ile de re\" class=\"wp-image-979\" srcset=\"https:\/\/tamarins.geek-tonic.dev\/wp-content\/uploads\/sites\/7\/2024\/02\/eau-engagement-camping-flower-ile-de-re.webp 1200w, https:\/\/tamarins.geek-tonic.dev\/wp-content\/uploads\/sites\/7\/2024\/02\/eau-engagement-camping-flower-ile-de-re-300x191.webp 300w, https:\/\/tamarins.geek-tonic.dev\/wp-content\/uploads\/sites\/7\/2024\/02\/eau-engagement-camping-flower-ile-de-re-1024x653.webp 1024w, https:\/\/tamarins.geek-tonic.dev\/wp-content\/uploads\/sites\/7\/2024\/02\/eau-engagement-camping-flower-ile-de-re-768x490.webp 768w\" sizes=\"(max-width: 1200px) 100vw, 1200px\" \/><\/a><\/figure>\n\n\n\n<figure class=\"wp-block-image size-full\"><a href=\"https:\/\/tamarins.geek-tonic.dev\/wp-content\/uploads\/sites\/7\/2024\/02\/mer-engagement-camping-flower-ile-de-re.webp\"><img decoding=\"async\" width=\"1200\" height=\"800\" src=\"https:\/\/tamarins.geek-tonic.dev\/wp-content\/uploads\/sites\/7\/2024\/02\/mer-engagement-camping-flower-ile-de-re.webp\" alt=\"sea engagement camping bloem ile de re\" class=\"wp-image-981\" srcset=\"https:\/\/tamarins.geek-tonic.dev\/wp-content\/uploads\/sites\/7\/2024\/02\/mer-engagement-camping-flower-ile-de-re.webp 1200w, https:\/\/tamarins.geek-tonic.dev\/wp-content\/uploads\/sites\/7\/2024\/02\/mer-engagement-camping-flower-ile-de-re-300x200.webp 300w, https:\/\/tamarins.geek-tonic.dev\/wp-content\/uploads\/sites\/7\/2024\/02\/mer-engagement-camping-flower-ile-de-re-1024x683.webp 1024w, https:\/\/tamarins.geek-tonic.dev\/wp-content\/uploads\/sites\/7\/2024\/02\/mer-engagement-camping-flower-ile-de-re-768x512.webp 768w\" sizes=\"(max-width: 1200px) 100vw, 1200px\" \/><\/a><\/figure>\n\n\n\n<figure class=\"wp-block-image size-full\"><a href=\"https:\/\/tamarins.geek-tonic.dev\/wp-content\/uploads\/sites\/7\/2024\/02\/plage-engagement-camping-ile-de-re.webp\"><img decoding=\"async\" width=\"1200\" height=\"765\" src=\"https:\/\/tamarins.geek-tonic.dev\/wp-content\/uploads\/sites\/7\/2024\/02\/plage-engagement-camping-ile-de-re.webp\" alt=\"strandverloving camping ile de re\" class=\"wp-image-983\" srcset=\"https:\/\/tamarins.geek-tonic.dev\/wp-content\/uploads\/sites\/7\/2024\/02\/plage-engagement-camping-ile-de-re.webp 1200w, https:\/\/tamarins.geek-tonic.dev\/wp-content\/uploads\/sites\/7\/2024\/02\/plage-engagement-camping-ile-de-re-300x191.webp 300w, https:\/\/tamarins.geek-tonic.dev\/wp-content\/uploads\/sites\/7\/2024\/02\/plage-engagement-camping-ile-de-re-1024x653.webp 1024w, https:\/\/tamarins.geek-tonic.dev\/wp-content\/uploads\/sites\/7\/2024\/02\/plage-engagement-camping-ile-de-re-768x490.webp 768w\" sizes=\"(max-width: 1200px) 100vw, 1200px\" \/><\/a><\/figure>\n<\/figure>\n\n\r\n    <\/div>\r\n<\/section><section id=\"ls-section-block_053a96a70a02446b4f75a7712be681a2\" class=\"ls-section  page-one aventure\" >\r\n        <div class=\"container container--wide\">\r\n        \n\n<div class=\"wp-block-columns is-layout-flex wp-container-core-columns-is-layout-2 wp-block-columns-is-layout-flex\">\n<div class=\"wp-block-column is-vertically-aligned-center first animated fadeInLeft delay-100ms slow is-layout-flow wp-block-column-is-layout-flow\" style=\"flex-basis:45%\">\n<figure class=\"wp-block-image size-full\"><a href=\"https:\/\/tamarins.geek-tonic.dev\/wp-content\/uploads\/sites\/7\/2024\/02\/maison-herisson-camping-ile-de-re.webp\"><img decoding=\"async\" width=\"1200\" height=\"800\" src=\"https:\/\/tamarins.geek-tonic.dev\/wp-content\/uploads\/sites\/7\/2024\/02\/maison-herisson-camping-ile-de-re.webp\" alt=\"maison herisson camping ile de re\" class=\"wp-image-985\" srcset=\"https:\/\/tamarins.geek-tonic.dev\/wp-content\/uploads\/sites\/7\/2024\/02\/maison-herisson-camping-ile-de-re.webp 1200w, https:\/\/tamarins.geek-tonic.dev\/wp-content\/uploads\/sites\/7\/2024\/02\/maison-herisson-camping-ile-de-re-300x200.webp 300w, https:\/\/tamarins.geek-tonic.dev\/wp-content\/uploads\/sites\/7\/2024\/02\/maison-herisson-camping-ile-de-re-1024x683.webp 1024w, https:\/\/tamarins.geek-tonic.dev\/wp-content\/uploads\/sites\/7\/2024\/02\/maison-herisson-camping-ile-de-re-768x512.webp 768w\" sizes=\"(max-width: 1200px) 100vw, 1200px\" \/><\/a><\/figure>\n<\/div>\n\n\n\n<div class=\"wp-block-column second animated fadeInRight slow is-layout-flow wp-block-column-is-layout-flow\" style=\"flex-basis:55%\">\n<h2 class=\"ls__heading wp-block-heading has-text-align-left\">Onze ecologische verplichtingen<\/h2>\n\n\n\n<p class=\"ls-paragraph\">Op camping Tamarins Plage zetten we ons dagelijks in om de ontwikkeling van de biodiversiteit te bevorderen. Verken onze verschillende faciliteiten die gewijd zijn aan onze dierenvrienden, waaronder <strong>nestkasten<\/strong> voor vleermuizen en vogels, een schuilplaats voor lieveheersbeestjes, een<strong> schuilplaats voor egels<\/strong>, een <strong>insectenhotel<\/strong> en een <strong>bijenkorf<\/strong> gewijd aan solitaire bijen.<\/p>\n\n\n\n<p class=\"ls-paragraph\">In het kader van onze inzet voor duurzame ontwikkeling en ecologie heeft onze camping aan zee tal van voorzieningen ge\u00efnstalleerd voor het behoud van onze planeet. Dit zijn onder andere een bloemenweide, lampen op zonne-energie, LED-lampen, stacaravans die als ecologisch verantwoord zijn geclassificeerd en het Cl\u00e9 Verte label hebben gekregen, elektrisch gereedschap op batterijen, beluchters in kranen om water te besparen, toiletten met dubbele spoeling in accommodaties en een druppelsysteem voor besproeiing. Selectief sorteren is ook ge\u00efntegreerd in de camping, met een specifiek daarvoor bestemd punt.<\/p>\n\n\n\n<p class=\"ls-paragraph\">Gebruik je fiets om het \u00cele de R\u00e9 te verkennen, een milieuvriendelijk vervoermiddel dat je kunt huren bij de receptie. Profiteer van de biologische en lokale producten die verkrijgbaar zijn in de campingwinkel.<\/p>\n\n\n\n<p class=\"ls-paragraph\">Om onze impact op het milieu te beperken, hebben we ons welkomstboekje gedematerialiseerd met behulp van <strong>de mobiele applicatie van Flower Campings<\/strong>, zodat we minder papier hoeven te printen. Receptiedocumenten kunnen worden geraadpleegd en facturen worden op verzoek verstrekt.<\/p>\n<\/div>\n<\/div>\n\n\r\n    <\/div>\r\n<\/section><section id=\"ls-section-block_a2f986c5388bbe426d6dd4cde8467428\" class=\"ls-section  page-maillage experience has-p-t p-t-0\" >\r\n        <div class=\"container container--wide\">\r\n        \n\n<div id=\"ls-heading ls-titre-div-block_5e4f5a874ac2d30c43752f419fa1c438\" class=\"ls-titre-div aligncenter h2-like\" >\n    <strong>Ontdek <\/strong> onze diensten, accommodatie en faciliteiten voor groepen<\/div>\n\n\n<div id=\"ls-maillage-block_c0fbd11556d9c4a3084b6cfcf387a757\" class=\"ls-maillage cta-style-normal\" data-rows=\"3\">\n    <div class=\"wp-block-columns\"><div class=\"wp-block-column\"><div id=\"destinations\" class=\"ls-cta\">\n\n<a href=\"https:\/\/tamarins.geek-tonic.dev\/nl\/camping-familiaal-ile-de-re\/\" target=\"\" rel=\"noopener\" class=\"ls-cta__link\">\n\n\t<div class=\"ls-cta__image\"><img decoding=\"async\" src=\"https:\/\/tamarins.geek-tonic.dev\/wp-content\/uploads\/sites\/7\/2024\/02\/services-camping-ile-de-re-1.webp\" alt=\"diensten camping ile de re\"><\/div>\n\t<div class=\"ls-cta__title\">\n\t\tDe diensten\t<\/div>\n\n\t\t\n<\/a><\/div><\/div><div class=\"wp-block-column\"><div id=\"destinations\" class=\"ls-cta\">\n\n<a href=\"https:\/\/tamarins.geek-tonic.dev\/nl\/locatie-mobil-home-ile-de-re\/\" target=\"\" rel=\"noopener\" class=\"ls-cta__link\">\n\n\t<div class=\"ls-cta__image\"><img decoding=\"async\" src=\"https:\/\/tamarins.geek-tonic.dev\/wp-content\/uploads\/sites\/7\/2024\/02\/flower-camping-ile-de-re.webp\" alt=\"bloemencamping ile de re\"><\/div>\n\t<div class=\"ls-cta__title\">\n\t\tOnze verhuur\t<\/div>\n\n\t\t\n<\/a><\/div><\/div><div class=\"wp-block-column\"><div id=\"destinations\" class=\"ls-cta\">\n\n<a href=\"https:\/\/tamarins.geek-tonic.dev\/nl\/camping-groupe-ile-de-re\/\" target=\"\" rel=\"noopener\" class=\"ls-cta__link\">\n\n\t<div class=\"ls-cta__image\"><img decoding=\"async\" src=\"https:\/\/tamarins.geek-tonic.dev\/wp-content\/uploads\/sites\/7\/2024\/02\/groupe-seminaire-camping-ile-de-re.webp\" alt=\"groep seminarie camping ile de re\"><\/div>\n\t<div class=\"ls-cta__title\">\n\t\tGroepen en ondernemingsraden\t<\/div>\n\n\t\t\n<\/a><\/div><\/div><\/div><\/div>\n\r\n    <\/div>\r\n<\/section>","protected":false},"excerpt":{"rendered":"","protected":false},"author":1,"featured_media":1856,"parent":0,"menu_order":0,"comment_status":"closed","ping_status":"closed","template":"","meta":{"_acf_changed":false,"footnotes":""},"sujet":[],"class_list":["post-1850","page","type-page","status-publish","has-post-thumbnail","hentry"],"acf":[],"yoast_head":"<!-- This site is optimized with the Yoast SEO plugin v23.9 - https:\/\/yoast.com\/wordpress\/plugins\/seo\/ -->\n<title>Bloemencamping met ecologisch engagement op het Ile de R\u00e9<\/title>\n<meta name=\"description\" content=\"Ontdek de ecologische verplichtingen van camping Flower Tamarins Plage, voor een duurzame vakantie op het Ile de R\u00e9\" \/>\n<meta name=\"robots\" content=\"noindex, follow, max-snippet:-1, max-image-preview:large, max-video-preview:-1\" \/>\n<meta property=\"og:locale\" content=\"nl_NL\" \/>\n<meta property=\"og:type\" content=\"article\" \/>\n<meta property=\"og:title\" content=\"Bloemencamping met ecologisch engagement op het Ile de R\u00e9\" \/>\n<meta property=\"og:description\" content=\"Ontdek de ecologische verplichtingen van camping Flower Tamarins Plage, voor een duurzame vakantie op het Ile de R\u00e9\" \/>\n<meta property=\"og:url\" content=\"https:\/\/tamarins.geek-tonic.dev\/nl\/camping-bloem-ile-de-re\/\" \/>\n<meta property=\"og:site_name\" content=\"Camping Tamarin\" \/>\n<meta property=\"article:modified_time\" content=\"2024-04-17T13:38:28+00:00\" \/>\n<meta property=\"og:image\" content=\"https:\/\/tamarins.geek-tonic.dev\/wp-content\/uploads\/sites\/7\/2024\/02\/engagements-camping-flower-ili-de-re-1.webp\" \/>\n\t<meta property=\"og:image:width\" content=\"2000\" \/>\n\t<meta property=\"og:image:height\" content=\"1333\" \/>\n\t<meta property=\"og:image:type\" content=\"image\/webp\" \/>\n<meta name=\"twitter:card\" content=\"summary_large_image\" \/>\n<meta name=\"twitter:label1\" content=\"Geschatte leestijd\" \/>\n\t<meta name=\"twitter:data1\" content=\"2 minuten\" \/>\n<script type=\"application\/ld+json\" class=\"yoast-schema-graph\">{\"@context\":\"https:\/\/schema.org\",\"@graph\":[{\"@type\":\"WebPage\",\"@id\":\"https:\/\/tamarins.geek-tonic.dev\/nl\/camping-bloem-ile-de-re\/\",\"url\":\"https:\/\/tamarins.geek-tonic.dev\/nl\/camping-bloem-ile-de-re\/\",\"name\":\"Bloemencamping met ecologisch engagement op het Ile de R\u00e9\",\"isPartOf\":{\"@id\":\"https:\/\/tamarins.geek-tonic.dev\/nl\/#website\"},\"primaryImageOfPage\":{\"@id\":\"https:\/\/tamarins.geek-tonic.dev\/nl\/camping-bloem-ile-de-re\/#primaryimage\"},\"image\":{\"@id\":\"https:\/\/tamarins.geek-tonic.dev\/nl\/camping-bloem-ile-de-re\/#primaryimage\"},\"thumbnailUrl\":\"https:\/\/tamarins.geek-tonic.dev\/wp-content\/uploads\/sites\/7\/2024\/02\/engagements-camping-flower-ili-de-re-1.webp\",\"datePublished\":\"2023-12-19T10:25:12+00:00\",\"dateModified\":\"2024-04-17T13:38:28+00:00\",\"description\":\"Ontdek de ecologische verplichtingen van camping Flower Tamarins Plage, voor een duurzame vakantie op het Ile de R\u00e9\",\"breadcrumb\":{\"@id\":\"https:\/\/tamarins.geek-tonic.dev\/nl\/camping-bloem-ile-de-re\/#breadcrumb\"},\"inLanguage\":\"nl-NL\",\"potentialAction\":[{\"@type\":\"ReadAction\",\"target\":[\"https:\/\/tamarins.geek-tonic.dev\/nl\/camping-bloem-ile-de-re\/\"]}]},{\"@type\":\"ImageObject\",\"inLanguage\":\"nl-NL\",\"@id\":\"https:\/\/tamarins.geek-tonic.dev\/nl\/camping-bloem-ile-de-re\/#primaryimage\",\"url\":\"https:\/\/tamarins.geek-tonic.dev\/wp-content\/uploads\/sites\/7\/2024\/02\/engagements-camping-flower-ili-de-re-1.webp\",\"contentUrl\":\"https:\/\/tamarins.geek-tonic.dev\/wp-content\/uploads\/sites\/7\/2024\/02\/engagements-camping-flower-ili-de-re-1.webp\",\"width\":2000,\"height\":1333,\"caption\":\"verplichtingen camping bloem ili de re\"},{\"@type\":\"BreadcrumbList\",\"@id\":\"https:\/\/tamarins.geek-tonic.dev\/nl\/camping-bloem-ile-de-re\/#breadcrumb\",\"itemListElement\":[{\"@type\":\"ListItem\",\"position\":1,\"name\":\"Camping sur l\u2019\u00eele de R\u00e9\",\"item\":\"https:\/\/tamarins.geek-tonic.dev\/nl\/\"},{\"@type\":\"ListItem\",\"position\":2,\"name\":\"Camping Flower in Charente-Maritime\"}]},{\"@type\":\"WebSite\",\"@id\":\"https:\/\/tamarins.geek-tonic.dev\/nl\/#website\",\"url\":\"https:\/\/tamarins.geek-tonic.dev\/nl\/\",\"name\":\"Camping Tamarin\",\"description\":\"\",\"publisher\":{\"@id\":\"https:\/\/tamarins.geek-tonic.dev\/nl\/#organization\"},\"potentialAction\":[{\"@type\":\"SearchAction\",\"target\":{\"@type\":\"EntryPoint\",\"urlTemplate\":\"https:\/\/tamarins.geek-tonic.dev\/nl\/?s={search_term_string}\"},\"query-input\":{\"@type\":\"PropertyValueSpecification\",\"valueRequired\":true,\"valueName\":\"search_term_string\"}}],\"inLanguage\":\"nl-NL\"},{\"@type\":\"Organization\",\"@id\":\"https:\/\/tamarins.geek-tonic.dev\/nl\/#organization\",\"name\":\"Camping Tamarin\",\"url\":\"https:\/\/tamarins.geek-tonic.dev\/nl\/\",\"logo\":{\"@type\":\"ImageObject\",\"inLanguage\":\"nl-NL\",\"@id\":\"https:\/\/tamarins.geek-tonic.dev\/nl\/#\/schema\/logo\/image\/\",\"url\":\"https:\/\/tamarins.geek-tonic.dev\/wp-content\/uploads\/sites\/7\/2024\/02\/cropped-logo-Flower-camping-Tamarins-Plage.png\",\"contentUrl\":\"https:\/\/tamarins.geek-tonic.dev\/wp-content\/uploads\/sites\/7\/2024\/02\/cropped-logo-Flower-camping-Tamarins-Plage.png\",\"width\":500,\"height\":660,\"caption\":\"Camping Tamarin\"},\"image\":{\"@id\":\"https:\/\/tamarins.geek-tonic.dev\/nl\/#\/schema\/logo\/image\/\"}}]}<\/script>\n<!-- \/ Yoast SEO plugin. -->","yoast_head_json":{"title":"Bloemencamping met ecologisch engagement op het Ile de R\u00e9","description":"Ontdek de ecologische verplichtingen van camping Flower Tamarins Plage, voor een duurzame vakantie op het Ile de R\u00e9","robots":{"index":"noindex","follow":"follow","max-snippet":"max-snippet:-1","max-image-preview":"max-image-preview:large","max-video-preview":"max-video-preview:-1"},"og_locale":"nl_NL","og_type":"article","og_title":"Bloemencamping met ecologisch engagement op het Ile de R\u00e9","og_description":"Ontdek de ecologische verplichtingen van camping Flower Tamarins Plage, voor een duurzame vakantie op het Ile de R\u00e9","og_url":"https:\/\/tamarins.geek-tonic.dev\/nl\/camping-bloem-ile-de-re\/","og_site_name":"Camping Tamarin","article_modified_time":"2024-04-17T13:38:28+00:00","og_image":[{"width":2000,"height":1333,"url":"https:\/\/tamarins.geek-tonic.dev\/wp-content\/uploads\/sites\/7\/2024\/02\/engagements-camping-flower-ili-de-re-1.webp","type":"image\/webp"}],"twitter_card":"summary_large_image","twitter_misc":{"Geschatte leestijd":"2 minuten"},"schema":{"@context":"https:\/\/schema.org","@graph":[{"@type":"WebPage","@id":"https:\/\/tamarins.geek-tonic.dev\/nl\/camping-bloem-ile-de-re\/","url":"https:\/\/tamarins.geek-tonic.dev\/nl\/camping-bloem-ile-de-re\/","name":"Bloemencamping met ecologisch engagement op het Ile de R\u00e9","isPartOf":{"@id":"https:\/\/tamarins.geek-tonic.dev\/nl\/#website"},"primaryImageOfPage":{"@id":"https:\/\/tamarins.geek-tonic.dev\/nl\/camping-bloem-ile-de-re\/#primaryimage"},"image":{"@id":"https:\/\/tamarins.geek-tonic.dev\/nl\/camping-bloem-ile-de-re\/#primaryimage"},"thumbnailUrl":"https:\/\/tamarins.geek-tonic.dev\/wp-content\/uploads\/sites\/7\/2024\/02\/engagements-camping-flower-ili-de-re-1.webp","datePublished":"2023-12-19T10:25:12+00:00","dateModified":"2024-04-17T13:38:28+00:00","description":"Ontdek de ecologische verplichtingen van camping Flower Tamarins Plage, voor een duurzame vakantie op het Ile de R\u00e9","breadcrumb":{"@id":"https:\/\/tamarins.geek-tonic.dev\/nl\/camping-bloem-ile-de-re\/#breadcrumb"},"inLanguage":"nl-NL","potentialAction":[{"@type":"ReadAction","target":["https:\/\/tamarins.geek-tonic.dev\/nl\/camping-bloem-ile-de-re\/"]}]},{"@type":"ImageObject","inLanguage":"nl-NL","@id":"https:\/\/tamarins.geek-tonic.dev\/nl\/camping-bloem-ile-de-re\/#primaryimage","url":"https:\/\/tamarins.geek-tonic.dev\/wp-content\/uploads\/sites\/7\/2024\/02\/engagements-camping-flower-ili-de-re-1.webp","contentUrl":"https:\/\/tamarins.geek-tonic.dev\/wp-content\/uploads\/sites\/7\/2024\/02\/engagements-camping-flower-ili-de-re-1.webp","width":2000,"height":1333,"caption":"verplichtingen camping bloem ili de re"},{"@type":"BreadcrumbList","@id":"https:\/\/tamarins.geek-tonic.dev\/nl\/camping-bloem-ile-de-re\/#breadcrumb","itemListElement":[{"@type":"ListItem","position":1,"name":"Camping sur l\u2019\u00eele de R\u00e9","item":"https:\/\/tamarins.geek-tonic.dev\/nl\/"},{"@type":"ListItem","position":2,"name":"Camping Flower in Charente-Maritime"}]},{"@type":"WebSite","@id":"https:\/\/tamarins.geek-tonic.dev\/nl\/#website","url":"https:\/\/tamarins.geek-tonic.dev\/nl\/","name":"Camping Tamarin","description":"","publisher":{"@id":"https:\/\/tamarins.geek-tonic.dev\/nl\/#organization"},"potentialAction":[{"@type":"SearchAction","target":{"@type":"EntryPoint","urlTemplate":"https:\/\/tamarins.geek-tonic.dev\/nl\/?s={search_term_string}"},"query-input":{"@type":"PropertyValueSpecification","valueRequired":true,"valueName":"search_term_string"}}],"inLanguage":"nl-NL"},{"@type":"Organization","@id":"https:\/\/tamarins.geek-tonic.dev\/nl\/#organization","name":"Camping Tamarin","url":"https:\/\/tamarins.geek-tonic.dev\/nl\/","logo":{"@type":"ImageObject","inLanguage":"nl-NL","@id":"https:\/\/tamarins.geek-tonic.dev\/nl\/#\/schema\/logo\/image\/","url":"https:\/\/tamarins.geek-tonic.dev\/wp-content\/uploads\/sites\/7\/2024\/02\/cropped-logo-Flower-camping-Tamarins-Plage.png","contentUrl":"https:\/\/tamarins.geek-tonic.dev\/wp-content\/uploads\/sites\/7\/2024\/02\/cropped-logo-Flower-camping-Tamarins-Plage.png","width":500,"height":660,"caption":"Camping Tamarin"},"image":{"@id":"https:\/\/tamarins.geek-tonic.dev\/nl\/#\/schema\/logo\/image\/"}}]}},"_links":{"self":[{"href":"https:\/\/tamarins.geek-tonic.dev\/nl\/wp-json\/wp\/v2\/pages\/1850","targetHints":{"allow":["GET"]}}],"collection":[{"href":"https:\/\/tamarins.geek-tonic.dev\/nl\/wp-json\/wp\/v2\/pages"}],"about":[{"href":"https:\/\/tamarins.geek-tonic.dev\/nl\/wp-json\/wp\/v2\/types\/page"}],"author":[{"embeddable":true,"href":"https:\/\/tamarins.geek-tonic.dev\/nl\/wp-json\/wp\/v2\/users\/1"}],"replies":[{"embeddable":true,"href":"https:\/\/tamarins.geek-tonic.dev\/nl\/wp-json\/wp\/v2\/comments?post=1850"}],"version-history":[{"count":3,"href":"https:\/\/tamarins.geek-tonic.dev\/nl\/wp-json\/wp\/v2\/pages\/1850\/revisions"}],"predecessor-version":[{"id":2287,"href":"https:\/\/tamarins.geek-tonic.dev\/nl\/wp-json\/wp\/v2\/pages\/1850\/revisions\/2287"}],"wp:featuredmedia":[{"embeddable":true,"href":"https:\/\/tamarins.geek-tonic.dev\/nl\/wp-json\/wp\/v2\/media\/1856"}],"wp:attachment":[{"href":"https:\/\/tamarins.geek-tonic.dev\/nl\/wp-json\/wp\/v2\/media?parent=1850"}],"wp:term":[{"taxonomy":"sujet","embeddable":true,"href":"https:\/\/tamarins.geek-tonic.dev\/nl\/wp-json\/wp\/v2\/sujet?post=1850"}],"curies":[{"name":"wp","href":"https:\/\/api.w.org\/{rel}","templated":true}]}}